{"id":100,"date":"2018-02-21T11:16:29","date_gmt":"2018-02-21T11:16:29","guid":{"rendered":"http:\/\/sknplomien.pwr.edu.pl\/?page_id=100"},"modified":"2018-03-09T22:27:25","modified_gmt":"2018-03-09T22:27:25","slug":"wielka-akcja-mikolajkowa","status":"publish","type":"page","link":"https:\/\/sknplomien.pwr.edu.pl\/index.php\/wydarzenia\/wielka-akcja-mikolajkowa\/","title":{"rendered":"Wielka Akcja Miko\u0142ajkowa"},"content":{"rendered":"<p>Co roku w okresie \u015bwi\u0105tecznym przed\u00a0miko\u0142ajkami dwoimy si\u0119 i troimy, tylko \u017ce\u2026 w kuchniach! Pieczemy nasze popisowe babeczki, aby ka\u017cdy kto zechce m\u00f3g\u0142 je zje\u015b\u0107 pod warunkiem wrzucenia paru z\u0142otych do puszki. Zebrane pieni\u0105dze przeznaczamy na \u015bwi\u0105teczne prezenty dla dzieci ze \u015bwietlic \u015brodowiskowych, kt\u00f3re wypisuj\u0105 na listach do \u015awi\u0119tego Miko\u0142aja swoje wymarzone upominki. S\u0105 to dla nich cz\u0119sto jedyne prezenty jakie dostaj\u0105. Nasz\u0105 akcj\u0119 wspieraj\u0105 zar\u00f3wno studenci jak i prowadz\u0105cy, kt\u00f3rzy tak\u017ce s\u0105 fanami p\u0142omieniowych\u00a0wypiek\u00f3w, a dla wylosowanych os\u00f3b trafiaj\u0105 r\u00f3wnie\u017c gad\u017cety od naszych sponsor\u00f3w.<\/p>\n<p>Every year in the Christmas season before the 6<sup>th<\/sup> of December, we bend over backwards, but&#8230; in our kitchens! We bake a lot of spectacular muffins, so that anyone who wants to eat this delicious masterpiece must put some money into the special can. The money we collect is spent on Christmas gifts for children from social care centers, who at the beginning of the month write letters to Santa Claus about their dream presents. These are often the only gifts they get. Our action is supported by both &#8211; students and teachers who are also fans of our baked goods. Moreover, for the lucky ones who are selected by the lottery, there are also gadgets from our sponsors.<\/p>\n<div id=\"kad-wp-gallery85\" class=\"kad-wp-gallery kad-light-wp-gallery clearfix kt-gallery-column-4 rowtight\"><div class=\"tcol-lg-3 tcol-md-3 tcol-sm-4 tcol-xs-6 tcol-ss-12 g_item\"><div class=\"grid_item kad_gallery_fade_in gallery_item\"><a href=\"https:\/\/sknplomien.pwr.edu.pl\/wp-content\/uploads\/mikolajki\/plakat%20mikolajki.jpg\" data-rel=\"lightbox\" class=\"lightboxhover\"><img loading=\"lazy\" decoding=\"async\" src=\"https:\/\/sknplomien.pwr.edu.pl\/wp-content\/uploads\/mikolajki\/plakat%20mikolajki-300x300.jpg\" width=\"300\" height=\"300\" alt=\"\" srcset=\"https:\/\/sknplomien.pwr.edu.pl\/wp-content\/uploads\/mikolajki\/plakat%20mikolajki-300x300.jpg 300w, https:\/\/sknplomien.pwr.edu.pl\/wp-content\/uploads\/mikolajki\/plakat%20mikolajki-600x600.jpg 600w\" sizes=\"(max-width: 300px) 100vw, 300px\" class=\"light-dropshaddow\"\/><\/a><\/div><\/div><div class=\"tcol-lg-3 tcol-md-3 tcol-sm-4 tcol-xs-6 tcol-ss-12 g_item\"><div class=\"grid_item kad_gallery_fade_in gallery_item\"><a href=\"https:\/\/sknplomien.pwr.edu.pl\/wp-content\/uploads\/mikolajki\/akcja%20mikolajkowa%20foto1.jpg\" data-rel=\"lightbox\" class=\"lightboxhover\"><img loading=\"lazy\" decoding=\"async\" src=\"https:\/\/sknplomien.pwr.edu.pl\/wp-content\/uploads\/mikolajki\/akcja%20mikolajkowa%20foto1-300x300.jpg\" width=\"300\" height=\"300\" alt=\"\"  class=\"light-dropshaddow\"\/><\/a><\/div><\/div><div class=\"tcol-lg-3 tcol-md-3 tcol-sm-4 tcol-xs-6 tcol-ss-12 g_item\"><div class=\"grid_item kad_gallery_fade_in gallery_item\"><a href=\"https:\/\/sknplomien.pwr.edu.pl\/wp-content\/uploads\/mikolajki\/akcja%20foto.jpg\" data-rel=\"lightbox\" class=\"lightboxhover\"><img loading=\"lazy\" decoding=\"async\" src=\"https:\/\/sknplomien.pwr.edu.pl\/wp-content\/uploads\/mikolajki\/akcja%20foto-300x300.jpg\" width=\"300\" height=\"300\" alt=\"\"  class=\"light-dropshaddow\"\/><\/a><\/div><\/div><div class=\"tcol-lg-3 tcol-md-3 tcol-sm-4 tcol-xs-6 tcol-ss-12 g_item\"><div class=\"grid_item kad_gallery_fade_in gallery_item\"><a href=\"https:\/\/sknplomien.pwr.edu.pl\/wp-content\/uploads\/mikolajki\/akcja%20mikolajkowa%20foto.jpg\" data-rel=\"lightbox\" class=\"lightboxhover\"><img loading=\"lazy\" decoding=\"async\" src=\"https:\/\/sknplomien.pwr.edu.pl\/wp-content\/uploads\/mikolajki\/akcja%20mikolajkowa%20foto-300x300.jpg\" width=\"300\" height=\"300\" alt=\"\"  class=\"light-dropshaddow\"\/><\/a><\/div><\/div><\/div>\n<p>&nbsp;<\/p>\n<p>&nbsp;<\/p>\n<p>&nbsp;<\/p>\n","protected":false},"excerpt":{"rendered":"<p>Co roku w okresie \u015bwi\u0105tecznym przed\u00a0miko\u0142ajkami dwoimy si\u0119 i troimy, tylko \u017ce\u2026 w kuchniach! Pieczemy nasze popisowe babeczki, aby ka\u017cdy kto zechce m\u00f3g\u0142 je zje\u015b\u0107 pod warunkiem wrzucenia paru z\u0142otych do puszki. Zebrane pieni\u0105dze przeznaczamy na \u015bwi\u0105teczne prezenty dla dzieci &hellip; <a href=\"https:\/\/sknplomien.pwr.edu.pl\/index.php\/wydarzenia\/wielka-akcja-mikolajkowa\/\">Continued<\/a><\/p>\n","protected":false},"author":1,"featured_media":0,"parent":95,"menu_order":0,"comment_status":"closed","ping_status":"closed","template":"","meta":{"footnotes":""},"_links":{"self":[{"href":"https:\/\/sknplomien.pwr.edu.pl\/index.php\/wp-json\/wp\/v2\/pages\/100"}],"collection":[{"href":"https:\/\/sknplomien.pwr.edu.pl\/index.php\/wp-json\/wp\/v2\/pages"}],"about":[{"href":"https:\/\/sknplomien.pwr.edu.pl\/index.php\/wp-json\/wp\/v2\/types\/page"}],"author":[{"embeddable":true,"href":"https:\/\/sknplomien.pwr.edu.pl\/index.php\/wp-json\/wp\/v2\/users\/1"}],"replies":[{"embeddable":true,"href":"https:\/\/sknplomien.pwr.edu.pl\/index.php\/wp-json\/wp\/v2\/comments?post=100"}],"version-history":[{"count":17,"href":"https:\/\/sknplomien.pwr.edu.pl\/index.php\/wp-json\/wp\/v2\/pages\/100\/revisions"}],"predecessor-version":[{"id":437,"href":"https:\/\/sknplomien.pwr.edu.pl\/index.php\/wp-json\/wp\/v2\/pages\/100\/revisions\/437"}],"up":[{"embeddable":true,"href":"https:\/\/sknplomien.pwr.edu.pl\/index.php\/wp-json\/wp\/v2\/pages\/95"}],"wp:attachment":[{"href":"https:\/\/sknplomien.pwr.edu.pl\/index.php\/wp-json\/wp\/v2\/media?parent=100"}],"curies":[{"name":"wp","href":"https:\/\/api.w.org\/{rel}","templated":true}]}}