{"id":103,"date":"2018-02-23T23:13:28","date_gmt":"2018-02-23T23:13:28","guid":{"rendered":"http:\/\/sknplomien.pwr.edu.pl\/?page_id=103"},"modified":"2018-03-05T19:25:18","modified_gmt":"2018-03-05T19:25:18","slug":"warsztaty-energetyczne","status":"publish","type":"page","link":"https:\/\/sknplomien.pwr.edu.pl\/index.php\/wydarzenia\/warsztaty-energetyczne\/","title":{"rendered":"Warsztaty Energetyczne"},"content":{"rendered":"<p style=\"text-align: justify;\">Warsztaty energetyczne s\u0105 sta\u0142ym wydarzeniem w kalendarzu naszego Ko\u0142a. Organizowane naprzemienne przez SKN \u201eP\u0142omie\u0144\u201d oraz Ko\u0142o Naukowe Energetyki i Ochrony \u015arodowiska maj\u0105 na celu zaprezentowanie szerokiego zakresu tematyki energetycznej. Przyjmuj\u0105 form\u0119 konferencji, na kt\u00f3rej studenci Politechniki Wroc\u0142awskiej, Politechniki Krakowskiej i Politechniki \u015al\u0105skiej wyg\u0142aszaj\u0105 swoje referaty tematycznie zwi\u0105zane z energetyk\u0105. Cz\u0119sto te\u017c pojawiaj\u0105 si\u0119 przedstawiciele wspieraj\u0105cych nas firm, aby wzbogaci\u0107 warsztaty merytorycznie. Znacz\u0105c\u0105\u00a0 atrakcj\u0105 tego wydarzenia jest organizowana wizyta w pobliskim zak\u0142adzie\u00a0 przemys\u0142owym, gdzie uczestnicy maj\u0105 mo\u017cliwo\u015b\u0107 zobaczenia jego dzia\u0142alno\u015bci \u201eod wewn\u0105trz\u201d. Podsumowaniem warsztat\u00f3w jest wyb\u00f3r najciekawszych i najlepszych wyst\u0105pie\u0144. Tradycj\u0105 sta\u0142y si\u0119 te\u017c g\u00f3rskie w\u0119dr\u00f3wki.<\/p>\n<p style=\"text-align: justify;\">The Energy seminars are a regular event in our Research Group calendar. The event, organized alternately by &#8220;Flame\u201d Student Research Group and the Energy and Environmental Protection Research Group, aims to present a wide range of energy topics. It takes the form of a conference at which students of Wroclaw University of Technology, Cracow University of Technology and Silesian University of Technology present their papers about energy issues. We also often invite representatives of companies that support us, to enrich the seminars with a substantial knowledge. An important attraction of this event is a trip to the nearby industrial plant, where participants can see its processes &#8220;from the inside&#8221;. The summary of the energy seminars is a selection of the most interesting and best performances. Mountain hiking has also become a tradition.<\/p>\n<div id=\"kad-wp-gallery93\" class=\"kad-wp-gallery kad-light-wp-gallery clearfix kt-gallery-column-3 rowtight\"><div class=\"tcol-lg-4 tcol-md-4 tcol-sm-4 tcol-xs-6 tcol-ss-12 g_item\"><div class=\"grid_item kad_gallery_fade_in gallery_item\"><a href=\"https:\/\/sknplomien.pwr.edu.pl\/wp-content\/uploads\/warsztaty\/warsztatyogolnie3.jpg\" data-rel=\"lightbox\" class=\"lightboxhover\"><img loading=\"lazy\" decoding=\"async\" src=\"https:\/\/sknplomien.pwr.edu.pl\/wp-content\/uploads\/warsztaty\/warsztatyogolnie3-400x400.jpg\" width=\"400\" height=\"400\" alt=\"\" srcset=\"https:\/\/sknplomien.pwr.edu.pl\/wp-content\/uploads\/warsztaty\/warsztatyogolnie3-400x400.jpg 400w, https:\/\/sknplomien.pwr.edu.pl\/wp-content\/uploads\/warsztaty\/warsztatyogolnie3-800x800.jpg 800w\" sizes=\"(max-width: 400px) 100vw, 400px\" class=\"light-dropshaddow\"\/><\/a><\/div><\/div><div class=\"tcol-lg-4 tcol-md-4 tcol-sm-4 tcol-xs-6 tcol-ss-12 g_item\"><div class=\"grid_item kad_gallery_fade_in gallery_item\"><a href=\"https:\/\/sknplomien.pwr.edu.pl\/wp-content\/uploads\/warsztaty\/warsztatyogolnie2.JPG\" data-rel=\"lightbox\" class=\"lightboxhover\"><img loading=\"lazy\" decoding=\"async\" src=\"https:\/\/sknplomien.pwr.edu.pl\/wp-content\/uploads\/warsztaty\/warsztatyogolnie2-400x400.jpg\" width=\"400\" height=\"400\" alt=\"\" srcset=\"https:\/\/sknplomien.pwr.edu.pl\/wp-content\/uploads\/warsztaty\/warsztatyogolnie2-400x400.jpg 400w, https:\/\/sknplomien.pwr.edu.pl\/wp-content\/uploads\/warsztaty\/warsztatyogolnie2-800x800.jpg 800w\" sizes=\"(max-width: 400px) 100vw, 400px\" class=\"light-dropshaddow\"\/><\/a><\/div><\/div><div class=\"tcol-lg-4 tcol-md-4 tcol-sm-4 tcol-xs-6 tcol-ss-12 g_item\"><div class=\"grid_item kad_gallery_fade_in gallery_item\"><a href=\"https:\/\/sknplomien.pwr.edu.pl\/wp-content\/uploads\/warsztaty\/warsztatyogolnie1.jpg\" data-rel=\"lightbox\" class=\"lightboxhover\"><img loading=\"lazy\" decoding=\"async\" src=\"https:\/\/sknplomien.pwr.edu.pl\/wp-content\/uploads\/warsztaty\/warsztatyogolnie1-400x400.jpg\" width=\"400\" height=\"400\" alt=\"\" srcset=\"https:\/\/sknplomien.pwr.edu.pl\/wp-content\/uploads\/warsztaty\/warsztatyogolnie1-400x400.jpg 400w, https:\/\/sknplomien.pwr.edu.pl\/wp-content\/uploads\/warsztaty\/warsztatyogolnie1-800x800.jpg 800w\" sizes=\"(max-width: 400px) 100vw, 400px\" class=\"light-dropshaddow\"\/><\/a><\/div><\/div><\/div>\n<p style=\"text-align: justify;\">\n","protected":false},"excerpt":{"rendered":"<p>Warsztaty energetyczne s\u0105 sta\u0142ym wydarzeniem w kalendarzu naszego Ko\u0142a. Organizowane naprzemienne przez SKN \u201eP\u0142omie\u0144\u201d oraz Ko\u0142o Naukowe Energetyki i Ochrony \u015arodowiska maj\u0105 na celu zaprezentowanie szerokiego zakresu tematyki energetycznej. Przyjmuj\u0105 form\u0119 konferencji, na kt\u00f3rej studenci Politechniki Wroc\u0142awskiej, Politechniki Krakowskiej i &hellip; <a href=\"https:\/\/sknplomien.pwr.edu.pl\/index.php\/wydarzenia\/warsztaty-energetyczne\/\">Continued<\/a><\/p>\n","protected":false},"author":1,"featured_media":0,"parent":95,"menu_order":0,"comment_status":"closed","ping_status":"closed","template":"","meta":{"footnotes":""},"_links":{"self":[{"href":"https:\/\/sknplomien.pwr.edu.pl\/index.php\/wp-json\/wp\/v2\/pages\/103"}],"collection":[{"href":"https:\/\/sknplomien.pwr.edu.pl\/index.php\/wp-json\/wp\/v2\/pages"}],"about":[{"href":"https:\/\/sknplomien.pwr.edu.pl\/index.php\/wp-json\/wp\/v2\/types\/page"}],"author":[{"embeddable":true,"href":"https:\/\/sknplomien.pwr.edu.pl\/index.php\/wp-json\/wp\/v2\/users\/1"}],"replies":[{"embeddable":true,"href":"https:\/\/sknplomien.pwr.edu.pl\/index.php\/wp-json\/wp\/v2\/comments?post=103"}],"version-history":[{"count":7,"href":"https:\/\/sknplomien.pwr.edu.pl\/index.php\/wp-json\/wp\/v2\/pages\/103\/revisions"}],"predecessor-version":[{"id":369,"href":"https:\/\/sknplomien.pwr.edu.pl\/index.php\/wp-json\/wp\/v2\/pages\/103\/revisions\/369"}],"up":[{"embeddable":true,"href":"https:\/\/sknplomien.pwr.edu.pl\/index.php\/wp-json\/wp\/v2\/pages\/95"}],"wp:attachment":[{"href":"https:\/\/sknplomien.pwr.edu.pl\/index.php\/wp-json\/wp\/v2\/media?parent=103"}],"curies":[{"name":"wp","href":"https:\/\/api.w.org\/{rel}","templated":true}]}}