{"id":136,"date":"2018-02-23T23:06:12","date_gmt":"2018-02-23T23:06:12","guid":{"rendered":"http:\/\/sknplomien.pwr.edu.pl\/?page_id=136"},"modified":"2018-02-23T23:06:12","modified_gmt":"2018-02-23T23:06:12","slug":"panel-dyskusyjny-2017","status":"publish","type":"page","link":"https:\/\/sknplomien.pwr.edu.pl\/index.php\/wydarzenia\/panel-dyskusyjny-przyszlosc-energetyczna-polski\/panel-dyskusyjny-2017\/","title":{"rendered":"Panel Dyskusyjny 2017"},"content":{"rendered":"<p>Panel Dyskusyjny &#8220;Przysz\u0142o\u015b\u0107 Energetyczna Polski&#8221; ma na celu poszerzanie wiedzy z zakresu szeroko rozumianej energetyki. W 2017 roku poruszony zosta\u0142 temat \u201eKlastry Energetyczne \u2013 Przysz\u0142o\u015b\u0107 Mikroinstalacji w Polsce\u201d. Wydarzenie to odby\u0142o si\u0119 23 marca w Auli Politechniki Wroc\u0142awskiej. Moderatorem panelu by\u0142 dr hab. in\u017c. Mieczys\u0142aw Stru\u015b \u2013 profesor Politechniki Wroc\u0142awskiej. Na pocz\u0105tku spotkania mo\u017cna by\u0142o wys\u0142ucha\u0107 wyst\u0105pienie moderatora pt. \u201eLokalna energetyka geotermalna jako podstawowy sk\u0142adnik OZE w procesie dochodzenia do samowystarczalno\u015bci energetycznej Polski\u201d oraz dr. Krzysztofa Chlebowskiego na temat klastr\u00f3w energetycznych, kt\u00f3rych zadaniem by\u0142o dog\u0142\u0119bne wprowadzanie uczestnik\u00f3w w temat spotkania. Nast\u0119pnie zaproszeni go\u015bcie \u2013 dr K. Chlebowski, dr Piotr G\u00f3rski oraz Miros\u0142aw Libront poruszali wybrane zagadnienia, na kt\u00f3re sk\u0142ada\u0142y si\u0119:<\/p>\n<ul>\n<li>Perspektywy rozwoju klastr\u00f3w w Polsce;<\/li>\n<li>Idea wprowadzenia klastr\u00f3w kontra scentralizowana gospodarka energi\u0105;<\/li>\n<li>Proinnowacyjne oddzia\u0142ywanie klastr\u00f3w na elektroenergetyk\u0119;<\/li>\n<li>Wp\u0142yw rodzaju \u017ar\u00f3d\u0142a energii oraz \u017ar\u00f3d\u0142a finansowania na funkcjonowanie klastr\u00f3w;<\/li>\n<li>Zasada funkcjonowania oraz rozliczania prosumenta;<\/li>\n<li>Lokalna samowystarczalno\u015b\u0107 energetyczna i samowystarczalno\u015b\u0107 energetyczna Polski;<\/li>\n<\/ul>\n<p>Po zaci\u0119tej dyskusji nadszed\u0142 czas na pytania uczestnik\u00f3w. Wysoka frekwencja oraz dociekliwe pytania dowodz\u0105, \u017ce m\u0142odzi ludzie zainteresowani s\u0105 najnowszymi trendami panuj\u0105cymi w energetyce oraz przysz\u0142o\u015bci\u0105 i rozwojem energetyki w Polsce. Dzi\u0119kujemy przyby\u0142ym go\u015bciom, partnerom wydarzenia, a przede wszystkim tak licznie zgromadzonym s\u0142uchaczom.<\/p>\n","protected":false},"excerpt":{"rendered":"<p>Panel Dyskusyjny &#8220;Przysz\u0142o\u015b\u0107 Energetyczna Polski&#8221; ma na celu poszerzanie wiedzy z zakresu szeroko rozumianej energetyki. W 2017 roku poruszony zosta\u0142 temat \u201eKlastry Energetyczne \u2013 Przysz\u0142o\u015b\u0107 Mikroinstalacji w Polsce\u201d. Wydarzenie to odby\u0142o si\u0119 23 marca w Auli Politechniki Wroc\u0142awskiej. Moderatorem panelu &hellip; <a href=\"https:\/\/sknplomien.pwr.edu.pl\/index.php\/wydarzenia\/panel-dyskusyjny-przyszlosc-energetyczna-polski\/panel-dyskusyjny-2017\/\">Continued<\/a><\/p>\n","protected":false},"author":1,"featured_media":0,"parent":129,"menu_order":0,"comment_status":"closed","ping_status":"closed","template":"","meta":{"footnotes":""},"_links":{"self":[{"href":"https:\/\/sknplomien.pwr.edu.pl\/index.php\/wp-json\/wp\/v2\/pages\/136"}],"collection":[{"href":"https:\/\/sknplomien.pwr.edu.pl\/index.php\/wp-json\/wp\/v2\/pages"}],"about":[{"href":"https:\/\/sknplomien.pwr.edu.pl\/index.php\/wp-json\/wp\/v2\/types\/page"}],"author":[{"embeddable":true,"href":"https:\/\/sknplomien.pwr.edu.pl\/index.php\/wp-json\/wp\/v2\/users\/1"}],"replies":[{"embeddable":true,"href":"https:\/\/sknplomien.pwr.edu.pl\/index.php\/wp-json\/wp\/v2\/comments?post=136"}],"version-history":[{"count":1,"href":"https:\/\/sknplomien.pwr.edu.pl\/index.php\/wp-json\/wp\/v2\/pages\/136\/revisions"}],"predecessor-version":[{"id":137,"href":"https:\/\/sknplomien.pwr.edu.pl\/index.php\/wp-json\/wp\/v2\/pages\/136\/revisions\/137"}],"up":[{"embeddable":true,"href":"https:\/\/sknplomien.pwr.edu.pl\/index.php\/wp-json\/wp\/v2\/pages\/129"}],"wp:attachment":[{"href":"https:\/\/sknplomien.pwr.edu.pl\/index.php\/wp-json\/wp\/v2\/media?parent=136"}],"curies":[{"name":"wp","href":"https:\/\/api.w.org\/{rel}","templated":true}]}}