{"id":146,"date":"2018-02-23T23:15:25","date_gmt":"2018-02-23T23:15:25","guid":{"rendered":"http:\/\/sknplomien.pwr.edu.pl\/?page_id=146"},"modified":"2018-03-05T19:49:54","modified_gmt":"2018-03-05T19:49:54","slug":"seminarium-grudniowe-w-szczyrku","status":"publish","type":"page","link":"https:\/\/sknplomien.pwr.edu.pl\/index.php\/wydarzenia\/seminarium-grudniowe-w-szczyrku\/","title":{"rendered":"Seminarium Grudniowe w Szczyrku"},"content":{"rendered":"<p style=\"text-align: justify;\">Jest to wydarzenie organizowane przez student\u00f3w Politechniki \u015al\u0105skiej ze Studenckiego Ko\u0142a Naukowego Czyste Technologie Energetyczne pod koniec roku kalendarzowego. Umo\u017cliwia ono spotkanie si\u0119 student\u00f3w z trzech miast: Gliwic, Krakowa oraz naszego Wroc\u0142awia, wsp\u00f3lne debatowanie na tematy zwi\u0105zane z aktualn\u0105 sytuacj\u0105 na rynku krajowym i \u015bwiatowym, nowo\u015bciami w bran\u017cy energetycznej oraz zapoznawanie si\u0119 z innowacyjnymi projektami koleg\u00f3w.<\/p>\n<div id=\"kad-wp-gallery93\" class=\"kad-wp-gallery kad-light-wp-gallery clearfix kt-gallery-column-4 rowtight\"><div class=\"tcol-lg-3 tcol-md-3 tcol-sm-4 tcol-xs-6 tcol-ss-12 g_item\"><div class=\"grid_item kad_gallery_fade_in gallery_item\"><a href=\"https:\/\/sknplomien.pwr.edu.pl\/wp-content\/uploads\/seminarium%20grudniowe\/SGS3.jpg\" data-rel=\"lightbox\" class=\"lightboxhover\"><img loading=\"lazy\" decoding=\"async\" src=\"https:\/\/sknplomien.pwr.edu.pl\/wp-content\/uploads\/seminarium%20grudniowe\/SGS3-300x300.jpg\" width=\"300\" height=\"300\" alt=\"\" srcset=\"https:\/\/sknplomien.pwr.edu.pl\/wp-content\/uploads\/seminarium%20grudniowe\/SGS3-300x300.jpg 300w, https:\/\/sknplomien.pwr.edu.pl\/wp-content\/uploads\/seminarium%20grudniowe\/SGS3-600x600.jpg 600w\" sizes=\"(max-width: 300px) 100vw, 300px\" class=\"light-dropshaddow\"\/><\/a><\/div><\/div><div class=\"tcol-lg-3 tcol-md-3 tcol-sm-4 tcol-xs-6 tcol-ss-12 g_item\"><div class=\"grid_item kad_gallery_fade_in gallery_item\"><a href=\"https:\/\/sknplomien.pwr.edu.pl\/wp-content\/uploads\/seminarium%20grudniowe\/SGS2.jpg\" data-rel=\"lightbox\" class=\"lightboxhover\"><img loading=\"lazy\" decoding=\"async\" src=\"https:\/\/sknplomien.pwr.edu.pl\/wp-content\/uploads\/seminarium%20grudniowe\/SGS2-300x300.jpg\" width=\"300\" height=\"300\" alt=\"\" srcset=\"https:\/\/sknplomien.pwr.edu.pl\/wp-content\/uploads\/seminarium%20grudniowe\/SGS2-300x300.jpg 300w, https:\/\/sknplomien.pwr.edu.pl\/wp-content\/uploads\/seminarium%20grudniowe\/SGS2-600x600.jpg 600w\" sizes=\"(max-width: 300px) 100vw, 300px\" class=\"light-dropshaddow\"\/><\/a><\/div><\/div><div class=\"tcol-lg-3 tcol-md-3 tcol-sm-4 tcol-xs-6 tcol-ss-12 g_item\"><div class=\"grid_item kad_gallery_fade_in gallery_item\"><a href=\"https:\/\/sknplomien.pwr.edu.pl\/wp-content\/uploads\/seminarium%20grudniowe\/SGS1.jpg\" data-rel=\"lightbox\" class=\"lightboxhover\"><img loading=\"lazy\" decoding=\"async\" src=\"https:\/\/sknplomien.pwr.edu.pl\/wp-content\/uploads\/seminarium%20grudniowe\/SGS1-300x300.jpg\" width=\"300\" height=\"300\" alt=\"\" srcset=\"https:\/\/sknplomien.pwr.edu.pl\/wp-content\/uploads\/seminarium%20grudniowe\/SGS1-300x300.jpg 300w, https:\/\/sknplomien.pwr.edu.pl\/wp-content\/uploads\/seminarium%20grudniowe\/SGS1-600x600.jpg 600w\" sizes=\"(max-width: 300px) 100vw, 300px\" class=\"light-dropshaddow\"\/><\/a><\/div><\/div><div class=\"tcol-lg-3 tcol-md-3 tcol-sm-4 tcol-xs-6 tcol-ss-12 g_item\"><div class=\"grid_item kad_gallery_fade_in gallery_item\"><a href=\"https:\/\/sknplomien.pwr.edu.pl\/wp-content\/uploads\/seminarium%20grudniowe\/SGS.png\" data-rel=\"lightbox\" class=\"lightboxhover\"><img loading=\"lazy\" decoding=\"async\" src=\"https:\/\/sknplomien.pwr.edu.pl\/wp-content\/uploads\/seminarium%20grudniowe\/SGS-300x300.png\" width=\"300\" height=\"300\" alt=\"\" srcset=\"https:\/\/sknplomien.pwr.edu.pl\/wp-content\/uploads\/seminarium%20grudniowe\/SGS-300x300.png 300w, https:\/\/sknplomien.pwr.edu.pl\/wp-content\/uploads\/seminarium%20grudniowe\/SGS-600x600.png 600w\" sizes=\"(max-width: 300px) 100vw, 300px\" class=\"light-dropshaddow\"\/><\/a><\/div><\/div><\/div>\n","protected":false},"excerpt":{"rendered":"<p>Jest to wydarzenie organizowane przez student\u00f3w Politechniki \u015al\u0105skiej ze Studenckiego Ko\u0142a Naukowego Czyste Technologie Energetyczne pod koniec roku kalendarzowego. Umo\u017cliwia ono spotkanie si\u0119 student\u00f3w z trzech miast: Gliwic, Krakowa oraz naszego Wroc\u0142awia, wsp\u00f3lne debatowanie na tematy zwi\u0105zane z aktualn\u0105 sytuacj\u0105 &hellip; <a href=\"https:\/\/sknplomien.pwr.edu.pl\/index.php\/wydarzenia\/seminarium-grudniowe-w-szczyrku\/\">Continued<\/a><\/p>\n","protected":false},"author":1,"featured_media":0,"parent":95,"menu_order":0,"comment_status":"closed","ping_status":"closed","template":"","meta":{"footnotes":""},"_links":{"self":[{"href":"https:\/\/sknplomien.pwr.edu.pl\/index.php\/wp-json\/wp\/v2\/pages\/146"}],"collection":[{"href":"https:\/\/sknplomien.pwr.edu.pl\/index.php\/wp-json\/wp\/v2\/pages"}],"about":[{"href":"https:\/\/sknplomien.pwr.edu.pl\/index.php\/wp-json\/wp\/v2\/types\/page"}],"author":[{"embeddable":true,"href":"https:\/\/sknplomien.pwr.edu.pl\/index.php\/wp-json\/wp\/v2\/users\/1"}],"replies":[{"embeddable":true,"href":"https:\/\/sknplomien.pwr.edu.pl\/index.php\/wp-json\/wp\/v2\/comments?post=146"}],"version-history":[{"count":3,"href":"https:\/\/sknplomien.pwr.edu.pl\/index.php\/wp-json\/wp\/v2\/pages\/146\/revisions"}],"predecessor-version":[{"id":376,"href":"https:\/\/sknplomien.pwr.edu.pl\/index.php\/wp-json\/wp\/v2\/pages\/146\/revisions\/376"}],"up":[{"embeddable":true,"href":"https:\/\/sknplomien.pwr.edu.pl\/index.php\/wp-json\/wp\/v2\/pages\/95"}],"wp:attachment":[{"href":"https:\/\/sknplomien.pwr.edu.pl\/index.php\/wp-json\/wp\/v2\/media?parent=146"}],"curies":[{"name":"wp","href":"https:\/\/api.w.org\/{rel}","templated":true}]}}