{"id":15,"date":"2018-01-10T23:42:10","date_gmt":"2018-01-10T23:42:10","guid":{"rendered":"http:\/\/sknplomien.pwr.edu.pl\/?page_id=15"},"modified":"2024-06-21T18:14:23","modified_gmt":"2024-06-21T18:14:23","slug":"projekty","status":"publish","type":"page","link":"https:\/\/sknplomien.pwr.edu.pl\/index.php\/projekty\/","title":{"rendered":"Nasze projekty"},"content":{"rendered":"<p style=\"text-align: justify;\">W SKN P\u0142omie\u0144 najwa\u017cniejsz\u0105 dzia\u0142alno\u015bci\u0105 naukow\u0105 s\u0105 nasze projekty. Planujemy, projektujemy, liczymy, budujemy i badamy by zaspokoi\u0107 ciekawo\u015b\u0107 i wyci\u0105gn\u0105\u0107 wnioski na przysz\u0142o\u015b\u0107. Liczymy na to, \u017ce nasze osi\u0105gni\u0119cia pomog\u0105 zmieni\u0107 oblicze energetyki.<\/p>\n<p>Projekty aktualne:<\/p>\n<ul>\n<li><a href=\"https:\/\/sknplomien.pwr.edu.pl\/index.php\/projekty\/badanie-paneli\/\">Badanie paneli fotowoltaicznych &#8211; wp\u0142yw zabrudze\u0144 i zacienienia<\/a><\/li>\n<li>Remont oraz adaptacja do pracy na ogniwie wodorowym pojazdu elektrycznego typu Melex &#8211; HydroMelex<\/li>\n<li>Budowa stanowiska do badania kinetyki magazynowania wodoru w wodorkach metali<\/li>\n<li>Opracowanie koncepcji budynku niezale\u017cnego energetycznie z zastosowaniem OZE i technologii wodorowych<\/li>\n<\/ul>\n<p>Projekty archiwalne:<\/p>\n<ul>\n<li><a style=\"font-size: revert;\" href=\"https:\/\/sknplomien.pwr.edu.pl\/index.php\/projekty\/solar-boat\/\">Solar Boat<\/a><\/li>\n<li><a style=\"font-size: revert;\" href=\"http:\/\/sknplomien.pwr.edu.pl\/index.php\/projekty\/ergometr\/\">Ergometr<\/a><\/li>\n<li><a style=\"font-size: revert;\" href=\"http:\/\/sknplomien.pwr.edu.pl\/index.php\/projekty\/dron-z-kamera-termowizyjna\/\">Dron z kamer\u0105 termowizyjn\u0105<\/a><\/li>\n<li><a style=\"font-size: revert;\" href=\"http:\/\/sknplomien.pwr.edu.pl\/index.php\/projekty\/mikroturbina-gazowa\/\">Mikroturbina gazowa<\/a><\/li>\n<li><a style=\"font-size: revert;\" href=\"http:\/\/sknplomien.pwr.edu.pl\/index.php\/projekty\/bezstykowy-przesyl-energii\/\">Bezstykowy przesy\u0142 energii<\/a><\/li>\n<li><a style=\"font-size: revert;\" href=\"http:\/\/sknplomien.pwr.edu.pl\/index.php\/projekty\/ogniwo-peltiera\/\">Ogniwo Peltiera<\/a><\/li>\n<li><a style=\"font-size: revert;\" href=\"http:\/\/sknplomien.pwr.edu.pl\/index.php\/projekty\/wysokosprawna-elektroliza-pem\/\">Wysokosprawna analiza PEM<\/a><\/li>\n<li><a style=\"font-size: revert;\" href=\"http:\/\/sknplomien.pwr.edu.pl\/index.php\/projekty\/turbina-michella-banki\/\">Turbina Michella-Banki<\/a><\/li>\n<li><a style=\"font-size: revert;\" href=\"http:\/\/sknplomien.pwr.edu.pl\/index.php\/projekty\/analiza-wlasciwosci-konopii-siewnej\/\">Analiza w\u0142a\u015bciwo\u015bci konopii siewnej<\/a><\/li>\n<li><a style=\"font-size: revert;\" href=\"http:\/\/sknplomien.pwr.edu.pl\/index.php\/projekty\/makieta-elektrowni\/\">Makieta elektrowni<\/a><\/li>\n<li><a style=\"font-size: revert;\" href=\"http:\/\/sknplomien.pwr.edu.pl\/index.php\/projekty\/ekocentrum\/\">EkoCentrum<\/a><\/li>\n<\/ul>\n","protected":false},"excerpt":{"rendered":"<p>W SKN P\u0142omie\u0144 najwa\u017cniejsz\u0105 dzia\u0142alno\u015bci\u0105 naukow\u0105 s\u0105 nasze projekty. Planujemy, projektujemy, liczymy, budujemy i badamy by zaspokoi\u0107 ciekawo\u015b\u0107 i wyci\u0105gn\u0105\u0107 wnioski na przysz\u0142o\u015b\u0107. Liczymy na to, \u017ce nasze osi\u0105gni\u0119cia pomog\u0105 zmieni\u0107 oblicze energetyki. Projekty aktualne: Badanie paneli fotowoltaicznych &#8211; wp\u0142yw &hellip; <a href=\"https:\/\/sknplomien.pwr.edu.pl\/index.php\/projekty\/\">Continued<\/a><\/p>\n","protected":false},"author":1,"featured_media":0,"parent":0,"menu_order":0,"comment_status":"closed","ping_status":"closed","template":"","meta":{"footnotes":""},"_links":{"self":[{"href":"https:\/\/sknplomien.pwr.edu.pl\/index.php\/wp-json\/wp\/v2\/pages\/15"}],"collection":[{"href":"https:\/\/sknplomien.pwr.edu.pl\/index.php\/wp-json\/wp\/v2\/pages"}],"about":[{"href":"https:\/\/sknplomien.pwr.edu.pl\/index.php\/wp-json\/wp\/v2\/types\/page"}],"author":[{"embeddable":true,"href":"https:\/\/sknplomien.pwr.edu.pl\/index.php\/wp-json\/wp\/v2\/users\/1"}],"replies":[{"embeddable":true,"href":"https:\/\/sknplomien.pwr.edu.pl\/index.php\/wp-json\/wp\/v2\/comments?post=15"}],"version-history":[{"count":15,"href":"https:\/\/sknplomien.pwr.edu.pl\/index.php\/wp-json\/wp\/v2\/pages\/15\/revisions"}],"predecessor-version":[{"id":937,"href":"https:\/\/sknplomien.pwr.edu.pl\/index.php\/wp-json\/wp\/v2\/pages\/15\/revisions\/937"}],"wp:attachment":[{"href":"https:\/\/sknplomien.pwr.edu.pl\/index.php\/wp-json\/wp\/v2\/media?parent=15"}],"curies":[{"name":"wp","href":"https:\/\/api.w.org\/{rel}","templated":true}]}}