{"id":157,"date":"2018-02-24T00:24:19","date_gmt":"2018-02-24T00:24:19","guid":{"rendered":"http:\/\/sknplomien.pwr.edu.pl\/?page_id=157"},"modified":"2018-03-12T11:16:08","modified_gmt":"2018-03-12T11:16:08","slug":"dni-aktywnosci-studenckiej","status":"publish","type":"page","link":"https:\/\/sknplomien.pwr.edu.pl\/index.php\/wydarzenia\/dni-aktywnosci-studenckiej\/","title":{"rendered":"Dni Aktywno\u015bci Studenckiej"},"content":{"rendered":"<p style=\"text-align: justify;\">Dni Aktywno\u015bci Studenckiej to jedno z najwi\u0119kszych wydarze\u0144 Politechniki Wroc\u0142awskiej. Zrzesza ono wszystkie studenckie organizacje dzia\u0142aj\u0105ce przy uczelni. Organizatorzy z Fundacji Manus i Samorz\u0105du Studenckiego PWr dwa razy w roku przygotowuj\u0105 dla nich kilkadziesi\u0105t stanowisk. Studenci maj\u0105 okazj\u0119 do zaprezentowania oraz pochwalenia si\u0119 realizowanymi przez siebie projektami czy osi\u0105gni\u0119ciami naukowymi, sportowymi czy inicjatywami artystycznymi i spo\u0142ecznymi.\u00a0 Przede wszystkim jest to szczeg\u00f3lna okazja do wymiany do\u015bwiadcze\u0144 mi\u0119dzy poszczeg\u00f3lnymi ko\u0142ami, ale tak\u017ce szansa dla nowych student\u00f3w, aby zacz\u0105\u0107 dzia\u0142a\u0107 w kt\u00f3rej\u015b z organizacji. Wystawie towarzyszy tak\u017ce konkurs na najciekawsze stoisko.<\/p>\n<p style=\"text-align: justify;\">SKN \u201eP\u0142omie\u0144\u201d bierze aktywny udzia\u0142 w ka\u017cdej edycji Dni Aktywno\u015bci Studenckiej. Dowodem na to s\u0105 liczne wygrane zar\u00f3wno nagrody g\u0142\u00f3wnej jak i nagrody publiczno\u015bci. Na stanowiskach przygotowanych przez nasze Ko\u0142o w ostatnich latach uczestnicy tego wydarzenia mogli na\u0142adowa\u0107 telefony peda\u0142uj\u0105c na rowerze, zapozna\u0107 si\u0119 z dzia\u0142aniem pompy perystaltycznej, ogniwami Peltiera, makiet\u0105 elektrowni wodnej, makiet\u0105 paliwow\u0105 czy ci\u0105giem kominowym. Opr\u00f3cz ciekawych projekt\u00f3w ka\u017cdorazowo przygotowywany jest quiz, gdzie studenci mog\u0105 sprawdzi\u0107 swoj\u0105 wiedz\u0119 z tematyki energetycznej. Uczestnictwo w Dniach Aktywno\u015bci Studenckiej ka\u017cdorazowo procentuje nowymi cz\u0142onkami Ko\u0142a, a tak\u017ce kontaktami i wsp\u00f3\u0142prac\u0105 podejmowan\u0105 z innymi organizacjami.<\/p>\n<p>Student Activity Days is one of the biggest events of the Wroc\u0142aw University of Technology. It brings together all student organizations which are active at the university. The Manus Foundation and the Student Self-Government of PWr twice a year prepare dozens of workplaces for them. Students have the opportunity to present and show their projects off or scientific, sports, artistic and social initiatives. First and foremost, it is a special opportunity to exchange experiences between different groups, but also an opportunity for new students to start working in one of the organisations. The exhibition is also accompanied by a competition for the most interesting stand.<\/p>\n<p>SKN &#8220;P\u0142omie\u0144&#8221; takes an active part in every edition of Student Activity Days. The proof of this is the numerous winnings of both the main prize and the audience prize. At the workstations prepared by our association in recent years, the participants of this event were able to charge their phones by pedalling on a bicycle, get to know the operation of the peristaltic pump, Peltier&#8217;s cells, the model of a hydroelectric power station, fuel model or chimney draught. As well as interesting projects, a series of quizzes are prepared each time, where students can test their knowledge of energy-related issues. Participation in Student Activity Days each time pays off for new members of the Association, as well as contacts and cooperation with other organizations.<\/p>\n<p style=\"text-align: justify;\">\u00a0<img loading=\"lazy\" decoding=\"async\" class=\"alignnone size-full wp-image-168\" src=\"http:\/\/sknplomien.pwr.edu.pl\/wp-content\/uploads\/DAS\/das4.jpg\" alt=\"\" width=\"1280\" height=\"853\" \/><\/p>\n<p>&nbsp;<\/p>\n","protected":false},"excerpt":{"rendered":"<p>Dni Aktywno\u015bci Studenckiej to jedno z najwi\u0119kszych wydarze\u0144 Politechniki Wroc\u0142awskiej. Zrzesza ono wszystkie studenckie organizacje dzia\u0142aj\u0105ce przy uczelni. Organizatorzy z Fundacji Manus i Samorz\u0105du Studenckiego PWr dwa razy w roku przygotowuj\u0105 dla nich kilkadziesi\u0105t stanowisk. Studenci maj\u0105 okazj\u0119 do zaprezentowania &hellip; <a href=\"https:\/\/sknplomien.pwr.edu.pl\/index.php\/wydarzenia\/dni-aktywnosci-studenckiej\/\">Continued<\/a><\/p>\n","protected":false},"author":1,"featured_media":0,"parent":95,"menu_order":0,"comment_status":"closed","ping_status":"closed","template":"","meta":{"footnotes":""},"_links":{"self":[{"href":"https:\/\/sknplomien.pwr.edu.pl\/index.php\/wp-json\/wp\/v2\/pages\/157"}],"collection":[{"href":"https:\/\/sknplomien.pwr.edu.pl\/index.php\/wp-json\/wp\/v2\/pages"}],"about":[{"href":"https:\/\/sknplomien.pwr.edu.pl\/index.php\/wp-json\/wp\/v2\/types\/page"}],"author":[{"embeddable":true,"href":"https:\/\/sknplomien.pwr.edu.pl\/index.php\/wp-json\/wp\/v2\/users\/1"}],"replies":[{"embeddable":true,"href":"https:\/\/sknplomien.pwr.edu.pl\/index.php\/wp-json\/wp\/v2\/comments?post=157"}],"version-history":[{"count":5,"href":"https:\/\/sknplomien.pwr.edu.pl\/index.php\/wp-json\/wp\/v2\/pages\/157\/revisions"}],"predecessor-version":[{"id":447,"href":"https:\/\/sknplomien.pwr.edu.pl\/index.php\/wp-json\/wp\/v2\/pages\/157\/revisions\/447"}],"up":[{"embeddable":true,"href":"https:\/\/sknplomien.pwr.edu.pl\/index.php\/wp-json\/wp\/v2\/pages\/95"}],"wp:attachment":[{"href":"https:\/\/sknplomien.pwr.edu.pl\/index.php\/wp-json\/wp\/v2\/media?parent=157"}],"curies":[{"name":"wp","href":"https:\/\/api.w.org\/{rel}","templated":true}]}}