{"id":17,"date":"2018-01-10T23:42:53","date_gmt":"2018-01-10T23:42:53","guid":{"rendered":"http:\/\/sknplomien.pwr.edu.pl\/?page_id=17"},"modified":"2018-03-09T22:21:51","modified_gmt":"2018-03-09T22:21:51","slug":"turbina-michella-banki","status":"publish","type":"page","link":"https:\/\/sknplomien.pwr.edu.pl\/index.php\/projekty\/turbina-michella-banki\/","title":{"rendered":"Turbina Michella-Banki"},"content":{"rendered":"<p><img loading=\"lazy\" decoding=\"async\" class=\"size-full wp-image-432 alignright\" src=\"http:\/\/sknplomien.pwr.edu.pl\/wp-content\/uploads\/projekty\/turbina\/Turbina M_B.jpg\" alt=\"\" width=\"300\" height=\"321\" \/><\/p>\n<p style=\"text-align: justify;\">W dobie zwi\u0119kszonego zapotrzebowania na energi\u0119 elektryczn\u0105 zmuszeni jeste\u015bmy do poszukiwania nowych \u017ar\u00f3de\u0142 energii oraz rewizji tych, kt\u00f3re wcze\u015bniej uznali\u015bmy za nieatrakcyjne lub nieop\u0142acalne. W Polsce energia wody nie ma perspektyw bycia jednym z filar\u00f3w energetyki w skali kraju. Jednak istnieje niewykorzystany potencja\u0142 rzek o ma\u0142ych przep\u0142ywach i niewielkich spadkach. Dotyczy to zw\u0142aszcza lokalizacji gdzie dostarczenie energii elektrycznej jest trudne lub nieekonomiczne.<br \/>\nTurbina Banki-Michella jest prosta w budowie, tania i potrafi osi\u0105gn\u0105\u0107 sprawno\u015b\u0107 50% przy wysoko\u015bci spadku 1m, co jest wynikiem nieosi\u0105galnym dla wi\u0119kszo\u015bci znanych typ\u00f3w turbin wodnych. Sama konstrukcja turbiny i zasada jej dzia\u0142ania jest dobrze znana od dawna, jednak dopiero w obecnych czasach zasadne staje si\u0119 rozwa\u017cenie takich instalacji jako alternatywy dla innych odnawialnych \u017ar\u00f3de\u0142 energii. Ponadto, dzi\u0119ki mo\u017cliwo\u015bci zastosowania komputerowych oblicze\u0144 numerycznych, mo\u017cliwe staje si\u0119 symulowanie warunk\u00f3w pracy turbiny bez konieczno\u015bci budowy prototypu.<\/p>\n<p style=\"text-align: justify;\">Celem grupy jest stworzenie na podstawie literatury projektu budowy w\u0142asnego stanowiska oraz do\u015bwiadcze\u0144 na nim realizowanych. Do\u015bwiadczenia te pozwol\u0105 por\u00f3wna\u0107 teoretyczne za\u0142o\u017cenia z praktyk\u0105 na zbudowanej turbinie. Nast\u0119pnymi dzia\u0142aniami b\u0119d\u0105 propozycje rozwi\u0105za\u0144 zwi\u0119kszaj\u0105cych sprawno\u015b\u0107 wirnika oraz poszukiwanie mo\u017cliwo\u015bci do przetestowania turbiny w warunkach terenowych na rzece.<\/p>\n<p style=\"text-align: justify;\">W czasie trwania projektu otwart\u0105 kwesti\u0105 pozostaj\u0105 \u017ar\u00f3d\u0142a informacji, przyj\u0119te rozwi\u0105zania oraz plany na przysz\u0142o\u015b\u0107. Wobec tego serdecznie zapraszamy ludzi\u00a0 ch\u0119tnych. o otwartych g\u0142owach gotowych zaanga\u017cowa\u0107 si\u0119 w dzia\u0142alno\u015b\u0107 zwi\u0105zan\u0105 z projektem.<\/p>\n","protected":false},"excerpt":{"rendered":"<p>W dobie zwi\u0119kszonego zapotrzebowania na energi\u0119 elektryczn\u0105 zmuszeni jeste\u015bmy do poszukiwania nowych \u017ar\u00f3de\u0142 energii oraz rewizji tych, kt\u00f3re wcze\u015bniej uznali\u015bmy za nieatrakcyjne lub nieop\u0142acalne. W Polsce energia wody nie ma perspektyw bycia jednym z filar\u00f3w energetyki w skali kraju. Jednak &hellip; <a href=\"https:\/\/sknplomien.pwr.edu.pl\/index.php\/projekty\/turbina-michella-banki\/\">Continued<\/a><\/p>\n","protected":false},"author":1,"featured_media":0,"parent":15,"menu_order":0,"comment_status":"closed","ping_status":"closed","template":"","meta":{"footnotes":""},"_links":{"self":[{"href":"https:\/\/sknplomien.pwr.edu.pl\/index.php\/wp-json\/wp\/v2\/pages\/17"}],"collection":[{"href":"https:\/\/sknplomien.pwr.edu.pl\/index.php\/wp-json\/wp\/v2\/pages"}],"about":[{"href":"https:\/\/sknplomien.pwr.edu.pl\/index.php\/wp-json\/wp\/v2\/types\/page"}],"author":[{"embeddable":true,"href":"https:\/\/sknplomien.pwr.edu.pl\/index.php\/wp-json\/wp\/v2\/users\/1"}],"replies":[{"embeddable":true,"href":"https:\/\/sknplomien.pwr.edu.pl\/index.php\/wp-json\/wp\/v2\/comments?post=17"}],"version-history":[{"count":5,"href":"https:\/\/sknplomien.pwr.edu.pl\/index.php\/wp-json\/wp\/v2\/pages\/17\/revisions"}],"predecessor-version":[{"id":434,"href":"https:\/\/sknplomien.pwr.edu.pl\/index.php\/wp-json\/wp\/v2\/pages\/17\/revisions\/434"}],"up":[{"embeddable":true,"href":"https:\/\/sknplomien.pwr.edu.pl\/index.php\/wp-json\/wp\/v2\/pages\/15"}],"wp:attachment":[{"href":"https:\/\/sknplomien.pwr.edu.pl\/index.php\/wp-json\/wp\/v2\/media?parent=17"}],"curies":[{"name":"wp","href":"https:\/\/api.w.org\/{rel}","templated":true}]}}