{"id":179,"date":"2018-02-25T19:08:01","date_gmt":"2018-02-25T19:08:01","guid":{"rendered":"http:\/\/sknplomien.pwr.edu.pl\/?page_id=179"},"modified":"2023-02-26T22:27:25","modified_gmt":"2023-02-26T22:27:25","slug":"wyjazdy","status":"publish","type":"page","link":"https:\/\/sknplomien.pwr.edu.pl\/index.php\/wyjazdy\/","title":{"rendered":"Wyjazdy"},"content":{"rendered":"<p>W kole nie tylko wcielamy w \u017cycie projekty, ale tak\u017ce bierzemy udzia\u0142 w wycieczkach, kt\u00f3re pozwalaj\u0105 nam pozna\u0107 prac\u0119 w bran\u017cy. Wielu z nas na takich wyjazdach zobaczy\u0142o jak w rzeczywisto\u015bci wygl\u0105daj\u0105 urz\u0105dzenia energetyczne, o kt\u00f3rych s\u0142yszeli\u015bmy na zaj\u0119ciach. O miejscach, w kt\u00f3rych byli\u015bmy i naszych wra\u017ceniach szerzej mo\u017cna poczyta\u0107 w szczeg\u00f3\u0142owych relacjach.<\/p>\n<p><a href=\"https:\/\/sknplomien.pwr.edu.pl\/index.php\/wyjazdy\/wycieczka-do-swidnicy\/\">Wycieczka do \u015awidnicy<\/a><\/p>\n<p><a href=\"http:\/\/sknplomien.pwr.edu.pl\/index.php\/wyjazdy\/elektrownia-wodna\/\">Wycieczka do Elektrowni Wodnej<\/a><\/p>\n<p><a href=\"http:\/\/sknplomien.pwr.edu.pl\/index.php\/wyjazdy\/belchatow\/\">Wyjazd do Be\u0142chatowa<\/a><\/p>\n<p><a href=\"http:\/\/sknplomien.pwr.edu.pl\/index.php\/wyjazdy\/wieden\/\">Wycieczka do Wiednia<\/a><\/p>\n<p><a href=\"http:\/\/sknplomien.pwr.edu.pl\/index.php\/wyjazdy\/opole\/\">Wyjazd do Opola<\/a><\/p>\n","protected":false},"excerpt":{"rendered":"<p>W kole nie tylko wcielamy w \u017cycie projekty, ale tak\u017ce bierzemy udzia\u0142 w wycieczkach, kt\u00f3re pozwalaj\u0105 nam pozna\u0107 prac\u0119 w bran\u017cy. Wielu z nas na takich wyjazdach zobaczy\u0142o jak w rzeczywisto\u015bci wygl\u0105daj\u0105 urz\u0105dzenia energetyczne, o kt\u00f3rych s\u0142yszeli\u015bmy na zaj\u0119ciach. O &hellip; <a href=\"https:\/\/sknplomien.pwr.edu.pl\/index.php\/wyjazdy\/\">Continued<\/a><\/p>\n","protected":false},"author":1,"featured_media":0,"parent":0,"menu_order":0,"comment_status":"closed","ping_status":"closed","template":"","meta":{"footnotes":""},"_links":{"self":[{"href":"https:\/\/sknplomien.pwr.edu.pl\/index.php\/wp-json\/wp\/v2\/pages\/179"}],"collection":[{"href":"https:\/\/sknplomien.pwr.edu.pl\/index.php\/wp-json\/wp\/v2\/pages"}],"about":[{"href":"https:\/\/sknplomien.pwr.edu.pl\/index.php\/wp-json\/wp\/v2\/types\/page"}],"author":[{"embeddable":true,"href":"https:\/\/sknplomien.pwr.edu.pl\/index.php\/wp-json\/wp\/v2\/users\/1"}],"replies":[{"embeddable":true,"href":"https:\/\/sknplomien.pwr.edu.pl\/index.php\/wp-json\/wp\/v2\/comments?post=179"}],"version-history":[{"count":7,"href":"https:\/\/sknplomien.pwr.edu.pl\/index.php\/wp-json\/wp\/v2\/pages\/179\/revisions"}],"predecessor-version":[{"id":918,"href":"https:\/\/sknplomien.pwr.edu.pl\/index.php\/wp-json\/wp\/v2\/pages\/179\/revisions\/918"}],"wp:attachment":[{"href":"https:\/\/sknplomien.pwr.edu.pl\/index.php\/wp-json\/wp\/v2\/media?parent=179"}],"curies":[{"name":"wp","href":"https:\/\/api.w.org\/{rel}","templated":true}]}}