{"id":182,"date":"2018-02-27T17:42:51","date_gmt":"2018-02-27T17:42:51","guid":{"rendered":"http:\/\/sknplomien.pwr.edu.pl\/?page_id=182"},"modified":"2022-10-29T11:12:19","modified_gmt":"2022-10-29T11:12:19","slug":"nasze-osiagniecia","status":"publish","type":"page","link":"https:\/\/sknplomien.pwr.edu.pl\/index.php\/nasze-osiagniecia\/","title":{"rendered":"Nasze osi\u0105gni\u0119cia"},"content":{"rendered":"<p><span style=\"color: #333333;\"><strong>26 kwietnia 2022\u00a0&#8211; konkurs in\u017cynierski EBEC <\/strong><\/span><\/p>\n<p><span style=\"color: #333333;\"><!--more--><\/span><\/p>\n<div dir=\"auto\"><\/div>\n<div dir=\"auto\" style=\"text-align: justify;\"><span style=\"color: #333333;\">III miejsce w finale lokalnym mi\u0119dzynarodowego konkursu in\u017cynierskiego EBEC w kategorii Innovative Design. Naszym zadaniem by\u0142o zaprojektowa\u0107 innowacyjny, ekologiczny ul\u00a0zwi\u0119kszaj\u0105cy szanse pszcz\u00f3\u0142 na prze\u017cycie w zmiennych warunkach klimatycznych, kt\u00f3ry nazwali\u015bmy &#8220;Bee-to-be&#8221;.<span class=\"x3nfvp2 x1j61x8r x1fcty0u xdj266r xhhsvwb xat24cr xgzva0m xxymvpz xlup9mm x1kky2od\">\u00a0<\/span>Ko\u0142o reprezentowali: Angelika Ligman, Cyprian Rychlik, Barbara Sznyrowska, Tomasz Rybak. <img loading=\"lazy\" decoding=\"async\" src=\"https:\/\/static.xx.fbcdn.net\/images\/emoji.php\/v9\/t78\/1.5\/16\/1f41d.png\" alt=\"&#x1f41d;\" width=\"16\" height=\"16\" \/><\/span><\/div>\n<div dir=\"auto\"><\/div>\n<div dir=\"auto\"><span style=\"color: #333333;\"><img loading=\"lazy\" decoding=\"async\" class=\" wp-image-746 aligncenter\" src=\"http:\/\/sknplomien.pwr.edu.pl\/wp-content\/uploads\/278567754_5366306120060375_4633975008290811491_n.jpg\" alt=\"\" width=\"664\" height=\"498\" srcset=\"https:\/\/sknplomien.pwr.edu.pl\/wp-content\/uploads\/278567754_5366306120060375_4633975008290811491_n.jpg 960w, https:\/\/sknplomien.pwr.edu.pl\/wp-content\/uploads\/278567754_5366306120060375_4633975008290811491_n-300x225.jpg 300w, https:\/\/sknplomien.pwr.edu.pl\/wp-content\/uploads\/278567754_5366306120060375_4633975008290811491_n-768x576.jpg 768w\" sizes=\"(max-width: 664px) 100vw, 664px\" \/><\/span><\/div>\n<div dir=\"auto\"><\/div>\n<p><span style=\"color: #333333;\"><!--more--><\/span><\/p>\n<div dir=\"auto\">\n<hr \/>\n<\/div>\n<p><span style=\"color: #333333;\"><strong>16-18 marca 2018 &#8211; XVI Sympozjum Naukowe Nowe Horyzonty Energetyki, Szczyrk<\/strong><\/span><\/p>\n<p style=\"text-align: justify;\"><span style=\"color: #333333;\">I miejsce dla Krzysztofa\u00a0Kieca za prezentacj\u0119 o nowoczesnych stalach dla energetyki i\u00a0ograniczeniach, technologii oraz perspektywach dla polskiego przemys\u0142u wyrob\u00f3w kutych.<\/span><\/p>\n<p><span style=\"color: #333333;\">II miejsce dla Krzysztofa Jurkiewicza za wyst\u0105pienie na temat mo\u017cliwo\u015bci wykorzystania zaworu Tesli w celu zwi\u0119kszenia wydajno\u015bci pulsacyjnych rur ciep\u0142a.<\/span><\/p>\n<p><span style=\"color: #333333;\">III miejsce dla Mateusza Maci\u0105\u017cka za przedstawienie zasady dzia\u0142ania kriogenicznego reaktora do symultanicznej separacji wielu gaz\u00f3w.<\/span><\/p>\n<hr \/>\n<p><span style=\"color: #333333;\"><strong>21-24 wrze\u015bnia 2017 &#8211;<\/strong> <strong>15th Students\u2019 Science Conference w Jeleniej G\u00f3rze<\/strong><\/span><\/p>\n<p><span style=\"color: #333333;\">I miejsce dla Krzysztofa\u00a0Kieca za publikacj\u0119 oraz prezentacj\u0119 w sesji \u201eElectro-Mechanical World\u201d.<\/span><\/p>\n<p style=\"text-align: justify;\"><span style=\"color: #333333;\">Conference Proceedings Article \u201eThe impact of material and external surface on ability of thermal energy dissipation through external gear pump casing\u201d ISSN 1732-0240<\/span><\/p>\n<hr \/>\n<p><span style=\"color: #333333;\"><strong>27 maja 2017 &#8211; IV Polski Rajd Ekologiczny z Konferencj\u0105 Naukow\u0105 pt. &#8220;Veihcles Of The Future&#8221; w Wilnie<\/strong><\/span><\/p>\n<p style=\"text-align: justify;\"><span style=\"color: #333333;\">I miejsce dla Krzysztofa Jurkiewicza, Korneliusza Sierpowskiego i Grzegorza Pietrzaka za najlepsz\u0105 prezentacj\u0119.<\/span><\/p>\n<hr \/>\n<p><span style=\"color: #333333;\"><strong>11 kwietnia 2017 &#8211; konkurs in\u017cynierski EBEC<\/strong><\/span><\/p>\n<p style=\"text-align: justify;\"><span style=\"color: #333333;\">II miejsce na poziomie og\u00f3lnouczelnianym dla Anny Szczepanowskiej,\u00a0 B\u0142a\u017ceja Skiby, Krystiana Machaja i Agnieszki Sokalskiej.<\/span><\/p>\n<hr \/>\n<p><span style=\"color: #333333;\"><strong>27-29 marca 2017<\/strong> <strong>&#8211; VIII Warsztaty Energetyczne w Jedlinie Zdroju k. Wa\u0142brzycha<\/strong><\/span><\/p>\n<p style=\"text-align: justify;\"><span style=\"color: #333333;\">I miejsce dla Anny Szczepanowskiej oraz Magdaleny Sr\u0119bacz za wyst\u0105pienie pt. \u201eBiogaz rolniczy \u2013 produkcja i wykorzystanie\u201d.<\/span><\/p>\n<p style=\"text-align: justify;\"><span style=\"color: #333333;\">II miejsce dla Joanny Kuczy\u0144skiej &#8211;\u00a0 \u201ePrzegl\u0105d metod wytwarzania i zastosowa\u0144 helu nadciek\u0142ego\u201d.<\/span><\/p>\n<hr \/>\n<p><span style=\"color: #333333;\"><strong>9 marca 2017 &#8211; Dni Aktywno\u015bci Studenckiej<\/strong><\/span><\/p>\n<p style=\"text-align: justify;\"><span style=\"color: #333333;\">Nagroda Publiczno\u015bci za najlepsze stanowisko.<\/span><\/p>\n<hr \/>\n<p><span style=\"color: #333333;\"><strong>3-5 marca 2017 &#8211; XV Sympozjum Naukowym Nowe Horyzonty Energetyki<\/strong><\/span><\/p>\n<p><span style=\"color: #333333;\">II miejsce w konkursie na najlepsz\u0105 prezentacj\u0119 dla <a style=\"color: #333333;\" href=\"https:\/\/www.facebook.com\/mister.nice11?fref=mentions\">Krystian<\/a>a Machaja i\u00a0<a style=\"color: #333333;\" href=\"https:\/\/www.facebook.com\/korneliusz.sierpowski?fref=mentions\">Korneliusz<\/a>a Sierpowskiego za prezentacj\u0119 pt. \u201eWysokosprawna Elektroliza PEM \u2013 potencja\u0142 wodoru\u201d.<\/span><\/p>\n<hr \/>\n<p><span style=\"color: #333333;\"><strong>2-4 grudnia 2016 &#8211; VI Seminarium Grudniowe w Szczyrku organizowane przez SKN Czyste Technologie Energetyczne (CTE)<\/strong><\/span><\/p>\n<p style=\"text-align: justify;\"><span style=\"color: #333333;\">I miejsce dla <a style=\"color: #333333;\" href=\"https:\/\/www.facebook.com\/krzysiek.kiec?fref=mentions\">Krzysztofa Kiec<\/a>a za prezentacj\u0119 na temat: \u201eEnergoch\u0142onno\u015b\u0107 proces\u00f3w hutniczych\u201d.<\/span><\/p>\n<p style=\"text-align: justify;\"><span style=\"color: #333333;\">III miejsce dla <a style=\"color: #333333;\" href=\"https:\/\/www.facebook.com\/dominik.bielecki?fref=mentions\">Dominika Bielecki<\/a>ego &#8211; \u201eOdtwarzanie System\u00f3w AKPiA oraz sterowania po po\u017carze na oddziale EC-1 Lubin\u201d.<\/span><\/p>\n<hr \/>\n<p><span style=\"color: #333333;\"><strong>2-4 grudnia 2016 &#8211; III Konferencja Naukowa Student\u00f3w i Doktorant\u00f3w Generacja \u2013 Przesy\u0142 \u2013 Wykorzystanie GPW 2016, zorganizowana przez\u00a0<a style=\"color: #333333;\" href=\"https:\/\/www.facebook.com\/AKSEPPWr\/?fref=mentions\">Akademickie Ko\u0142o SEP przy Politechnice Wroc\u0142awskiej<\/a> w Szklarskiej Por\u0119bie<\/strong><\/span><\/p>\n<p style=\"text-align: justify;\"><span style=\"color: #333333;\">I miejsce dla <a style=\"color: #333333;\" href=\"https:\/\/www.facebook.com\/kamila.kuchciak.1?fref=mentions\">Kamili Kuchciak<\/a>\u00a0i\u00a0<a style=\"color: #333333;\" href=\"https:\/\/www.facebook.com\/grzegorz.pietrzak.37?fref=mentions\">Grzegorza Pietrzak<\/a>a za wyst\u0105pienie na temat \u201eBezstykowego przesy\u0142u energii\u201d.<\/span><\/p>\n<hr \/>\n<p><span style=\"color: #333333;\"><strong>1-3 lipca 2016 &#8211; III Polski Rajd Ekologiczny z Konferencj\u0105 Naukow\u0105 pt &#8220;Veihcles Of The Future&#8221; we Lwowie<\/strong><\/span><\/p>\n<p style=\"text-align: justify;\"><span style=\"color: #333333;\">Wyr\u00f3\u017cnienie dla Grzegorza Pietrzaka, Krzysztofa Jurkiewicza i Korneliusza Sierpowskiego za referat pt. \u201eZautomatyzowane systemy optymalizacji ruchu drogowego w du\u017cych aglomeracjach&#8221;.<\/span><\/p>\n<hr \/>\n<p><span style=\"color: #333333;\"><strong>1-3 kwietnia 2016 &#8211; VII Warsztaty Energetyczne zorganizowane przez przez Ko\u0142o Naukowe Energetyki i Ochrony \u015arodowiska z Politechniki Krakowskiej w miejscowo\u015bci Kluszkowce<\/strong><\/span><\/p>\n<p style=\"text-align: justify;\"><span style=\"color: #333333;\">I miejsce w konkursie na najlepsz\u0105 prezentacj\u0119 dla Krystiana Machaja &#8211; \u201eBiomasa -u\u017cyteczno\u015b\u0107 konopi w energetyce\u201d.<\/span><\/p>\n<hr \/>\n<p><span style=\"color: #333333;\"><strong>18-20 marca 2016 &#8211; Sympozjum Naukowe Nowe Horyzonty Energetyki zorganizowane przez SKN Czyste Technologie Energetyczne (CTE)<\/strong><\/span><\/p>\n<p style=\"text-align: justify;\"><span style=\"color: #333333;\">II miejsce dla Grzegorza Pietrzaka w konkursie na najlepsz\u0105 prezentacj\u0119.<\/span><\/p>\n<hr \/>\n<p><span style=\"color: #333333;\"><strong>22 pa\u017adziernika 2015 <\/strong><strong>&#8211; Dni Aktywno\u015bci Studenckiej<\/strong><\/span><\/p>\n<p style=\"text-align: justify;\"><span style=\"color: #333333;\">I miejsce w konkursie na najlepsze stanowisko.<\/span><\/p>\n<hr \/>\n<p><span style=\"color: #333333;\"><strong>20-22 marca 2015 &#8211; VI Warsztaty Energetyczne w Bytomiu<\/strong><\/span><\/p>\n<p style=\"text-align: justify;\"><span style=\"color: #333333;\">III miejsce za najlepsz\u0105 prezentacje dla Dominika Bieleckiego pt. \u201eSpalanie odpad\u00f3w &#8211; ratunek dla miast?\u201d.<\/span><\/p>\n<hr \/>\n<p><span style=\"color: #333333;\"><strong>16 pa\u017adziernika 2014<\/strong> <strong>&#8211; Dni Aktywno\u015bci Studenckiej<\/strong><\/span><\/p>\n<p style=\"text-align: justify;\"><span style=\"color: #333333;\">II miejsce w konkursie na najlepsze stanowisko.<\/span><\/p>\n<p style=\"text-align: justify;\">\n","protected":false},"excerpt":{"rendered":"<p>26 kwietnia 2022\u00a0&#8211; konkurs in\u017cynierski EBEC<\/p>\n","protected":false},"author":1,"featured_media":0,"parent":0,"menu_order":0,"comment_status":"closed","ping_status":"closed","template":"","meta":{"footnotes":""},"_links":{"self":[{"href":"https:\/\/sknplomien.pwr.edu.pl\/index.php\/wp-json\/wp\/v2\/pages\/182"}],"collection":[{"href":"https:\/\/sknplomien.pwr.edu.pl\/index.php\/wp-json\/wp\/v2\/pages"}],"about":[{"href":"https:\/\/sknplomien.pwr.edu.pl\/index.php\/wp-json\/wp\/v2\/types\/page"}],"author":[{"embeddable":true,"href":"https:\/\/sknplomien.pwr.edu.pl\/index.php\/wp-json\/wp\/v2\/users\/1"}],"replies":[{"embeddable":true,"href":"https:\/\/sknplomien.pwr.edu.pl\/index.php\/wp-json\/wp\/v2\/comments?post=182"}],"version-history":[{"count":43,"href":"https:\/\/sknplomien.pwr.edu.pl\/index.php\/wp-json\/wp\/v2\/pages\/182\/revisions"}],"predecessor-version":[{"id":779,"href":"https:\/\/sknplomien.pwr.edu.pl\/index.php\/wp-json\/wp\/v2\/pages\/182\/revisions\/779"}],"wp:attachment":[{"href":"https:\/\/sknplomien.pwr.edu.pl\/index.php\/wp-json\/wp\/v2\/media?parent=182"}],"curies":[{"name":"wp","href":"https:\/\/api.w.org\/{rel}","templated":true}]}}