{"id":19,"date":"2018-01-10T23:43:16","date_gmt":"2018-01-10T23:43:16","guid":{"rendered":"http:\/\/sknplomien.pwr.edu.pl\/?page_id=19"},"modified":"2018-02-21T21:13:50","modified_gmt":"2018-02-21T21:13:50","slug":"makieta-elektrowni","status":"publish","type":"page","link":"https:\/\/sknplomien.pwr.edu.pl\/index.php\/projekty\/makieta-elektrowni\/","title":{"rendered":"Makieta elektrowni"},"content":{"rendered":"<p style=\"text-align: justify;\">Czy wiesz sk\u0105d si\u0119 bierze pr\u0105d? W Polsce ponad 70% energii elektrycznej w sieci pochodzi z elektrowni zawodowych spalaj\u0105cych w\u0119giel brunatny lub kamienny. Celem naszego projektu jest zbudowanie makiety, kt\u00f3ra przybli\u017cy dzia\u0142anie najwa\u017cniejszych system\u00f3w w elektrowni. Chcemy pokaza\u0107 jak w przybli\u017ceniu wygl\u0105daj\u0105 urz\u0105dzenia, z kt\u00f3rych istnienia wi\u0119kszo\u015b\u0107 nie zdaje sobie sprawy, chocia\u017c korzystamy z elektryczno\u015bci ka\u017cdego dnia. Makieta b\u0119dzie obrazowa\u0107 mi\u0119dzy innymi jak wygl\u0105da i jak du\u017cy jest kocio\u0142, w kt\u00f3rym spala si\u0119 w\u0119giel, sk\u0105d si\u0119 bierze para w turbinie, jak oczyszczane s\u0105 spaliny, dlaczego kominy &#8220;dymi\u0105&#8221;, czyli s\u0142owem co si\u0119 dzieje w \u015brodku.<\/p>\n","protected":false},"excerpt":{"rendered":"<p>Czy wiesz sk\u0105d si\u0119 bierze pr\u0105d? W Polsce ponad 70% energii elektrycznej w sieci pochodzi z elektrowni zawodowych spalaj\u0105cych w\u0119giel brunatny lub kamienny. Celem naszego projektu jest zbudowanie makiety, kt\u00f3ra przybli\u017cy dzia\u0142anie najwa\u017cniejszych system\u00f3w w elektrowni. Chcemy pokaza\u0107 jak w &hellip; <a href=\"https:\/\/sknplomien.pwr.edu.pl\/index.php\/projekty\/makieta-elektrowni\/\">Continued<\/a><\/p>\n","protected":false},"author":1,"featured_media":0,"parent":15,"menu_order":0,"comment_status":"closed","ping_status":"closed","template":"","meta":{"footnotes":""},"_links":{"self":[{"href":"https:\/\/sknplomien.pwr.edu.pl\/index.php\/wp-json\/wp\/v2\/pages\/19"}],"collection":[{"href":"https:\/\/sknplomien.pwr.edu.pl\/index.php\/wp-json\/wp\/v2\/pages"}],"about":[{"href":"https:\/\/sknplomien.pwr.edu.pl\/index.php\/wp-json\/wp\/v2\/types\/page"}],"author":[{"embeddable":true,"href":"https:\/\/sknplomien.pwr.edu.pl\/index.php\/wp-json\/wp\/v2\/users\/1"}],"replies":[{"embeddable":true,"href":"https:\/\/sknplomien.pwr.edu.pl\/index.php\/wp-json\/wp\/v2\/comments?post=19"}],"version-history":[{"count":3,"href":"https:\/\/sknplomien.pwr.edu.pl\/index.php\/wp-json\/wp\/v2\/pages\/19\/revisions"}],"predecessor-version":[{"id":127,"href":"https:\/\/sknplomien.pwr.edu.pl\/index.php\/wp-json\/wp\/v2\/pages\/19\/revisions\/127"}],"up":[{"embeddable":true,"href":"https:\/\/sknplomien.pwr.edu.pl\/index.php\/wp-json\/wp\/v2\/pages\/15"}],"wp:attachment":[{"href":"https:\/\/sknplomien.pwr.edu.pl\/index.php\/wp-json\/wp\/v2\/media?parent=19"}],"curies":[{"name":"wp","href":"https:\/\/api.w.org\/{rel}","templated":true}]}}