{"id":193,"date":"2018-02-27T19:15:14","date_gmt":"2018-02-27T19:15:14","guid":{"rendered":"http:\/\/sknplomien.pwr.edu.pl\/?page_id=193"},"modified":"2018-03-07T12:33:12","modified_gmt":"2018-03-07T12:33:12","slug":"belchatow","status":"publish","type":"page","link":"https:\/\/sknplomien.pwr.edu.pl\/index.php\/wyjazdy\/belchatow\/","title":{"rendered":"Be\u0142chat\u00f3w"},"content":{"rendered":"<p style=\"text-align: justify;\">Cz\u0142onkowie naszego ko\u0142a mieli okazj\u0119 odwiedzi\u0107 Kopalni\u0119 W\u0119gla Brunatnego w Be\u0142chatowie oraz Elektrowni\u0119 Be\u0142chat\u00f3w. Wyjazd ten odby\u0142 si\u0119 28-29 pa\u017adziernika 2016 roku. KWB Be\u0142chat\u00f3w to najwi\u0119ksza kopalnia odkrywkowa w Polsce, natomiast odwiedzona elektrownia ma najwi\u0119ksz\u0105 moc w kraju. Zwiedzanie kopalni umo\u017cliwi\u0142o nam poznanie jej historii. Udali\u015bmy si\u0119 na ogromny plac na terenie kopalni, co pozwoli\u0142o obserwowa\u0107 cykl wydobycia w\u0119gla, zobaczy\u0107 ogromne maszyny oraz pozna\u0107 problemy jakie napotykaj\u0105 g\u00f3rnik\u00f3w. Wizyta w Elektrowni Be\u0142chat\u00f3w pozwoli\u0142a nam zapozna\u0107 si\u0119 z kolejnymi etapami konwersji energii. Mieli\u015bmy tak\u017ce mo\u017cliwo\u015b\u0107 zobaczenia nowego bloku energetycznego o mocy 858 MW. Ponadto elektrownia umo\u017cliwi\u0142a obserwacj\u0119 pracy blok\u00f3w nad- i podkrytycznych, poznanie cz\u0119\u015bci obowi\u0105zk\u00f3w pracownik\u00f3w na r\u00f3\u017cnych stanowiskach oraz obserwacj\u0119 parametr\u00f3w blok\u00f3w na ogromnych monitorach.<br \/>\nNie zabrak\u0142o r\u00f3wnie\u017c integracji cz\u0142onk\u00f3w naszego zespo\u0142u, kt\u00f3ra zosta\u0142a po\u0142\u0105czona z zaj\u0119ciami warsztatowymi w o\u015brodku Wawrzkowizna.<\/p>\n<p>Members of our group had an opportunity to visit the Lignite Mine in Be\u0142chat\u00f3w and Be\u0142chat\u00f3w Power Plant. The trip took place on 28-29 October 2016. KWB Be\u0142chat\u00f3w is the largest opencast mine in Poland, while the visited power plant is the largest one in Poland. Visiting the mine has given us an opportunity to learn about its history. Going to a huge coal mining site, allowed us to observe the cycle of coal mining, see huge machines and get to know the problems that lignite mining faces. The visit to Be\u0142chat\u00f3w power plant enabled us to get acquainted with the next stages of energy conversion. The members of our group had the opportunity to see a new 858 MW power unit. In addition, the power plant has made it possible to observe the work of over-critical and subcritical power plants, get to know various workstations and observe operating parameters on huge monitors.<\/p>\n<p>There was also the integration of our team&#8217;s members, which was combined with seminar sessions in Wawrzkowizna resort.<\/p>\n<p><img decoding=\"async\" class=\"alignnone size-full wp-image-197\" src=\"http:\/\/sknplomien.pwr.edu.pl\/wp-content\/uploads\/wyjazdy\/be\ufffdchat\ufffdw.jpg\" alt=\"\" \/><img loading=\"lazy\" decoding=\"async\" class=\"alignnone size-full wp-image-209\" src=\"http:\/\/sknplomien.pwr.edu.pl\/wp-content\/uploads\/wyjazdy\/belchatow.jpg\" alt=\"\" width=\"800\" height=\"448\" \/><\/p>\n","protected":false},"excerpt":{"rendered":"<p>Cz\u0142onkowie naszego ko\u0142a mieli okazj\u0119 odwiedzi\u0107 Kopalni\u0119 W\u0119gla Brunatnego w Be\u0142chatowie oraz Elektrowni\u0119 Be\u0142chat\u00f3w. Wyjazd ten odby\u0142 si\u0119 28-29 pa\u017adziernika 2016 roku. KWB Be\u0142chat\u00f3w to najwi\u0119ksza kopalnia odkrywkowa w Polsce, natomiast odwiedzona elektrownia ma najwi\u0119ksz\u0105 moc w kraju. Zwiedzanie kopalni &hellip; <a href=\"https:\/\/sknplomien.pwr.edu.pl\/index.php\/wyjazdy\/belchatow\/\">Continued<\/a><\/p>\n","protected":false},"author":1,"featured_media":0,"parent":179,"menu_order":0,"comment_status":"closed","ping_status":"closed","template":"","meta":{"footnotes":""},"_links":{"self":[{"href":"https:\/\/sknplomien.pwr.edu.pl\/index.php\/wp-json\/wp\/v2\/pages\/193"}],"collection":[{"href":"https:\/\/sknplomien.pwr.edu.pl\/index.php\/wp-json\/wp\/v2\/pages"}],"about":[{"href":"https:\/\/sknplomien.pwr.edu.pl\/index.php\/wp-json\/wp\/v2\/types\/page"}],"author":[{"embeddable":true,"href":"https:\/\/sknplomien.pwr.edu.pl\/index.php\/wp-json\/wp\/v2\/users\/1"}],"replies":[{"embeddable":true,"href":"https:\/\/sknplomien.pwr.edu.pl\/index.php\/wp-json\/wp\/v2\/comments?post=193"}],"version-history":[{"count":5,"href":"https:\/\/sknplomien.pwr.edu.pl\/index.php\/wp-json\/wp\/v2\/pages\/193\/revisions"}],"predecessor-version":[{"id":391,"href":"https:\/\/sknplomien.pwr.edu.pl\/index.php\/wp-json\/wp\/v2\/pages\/193\/revisions\/391"}],"up":[{"embeddable":true,"href":"https:\/\/sknplomien.pwr.edu.pl\/index.php\/wp-json\/wp\/v2\/pages\/179"}],"wp:attachment":[{"href":"https:\/\/sknplomien.pwr.edu.pl\/index.php\/wp-json\/wp\/v2\/media?parent=193"}],"curies":[{"name":"wp","href":"https:\/\/api.w.org\/{rel}","templated":true}]}}