{"id":23,"date":"2018-01-10T23:45:20","date_gmt":"2018-01-10T23:45:20","guid":{"rendered":"http:\/\/sknplomien.pwr.edu.pl\/?page_id=23"},"modified":"2022-10-29T10:42:24","modified_gmt":"2022-10-29T10:42:24","slug":"o-nas","status":"publish","type":"page","link":"https:\/\/sknplomien.pwr.edu.pl\/index.php\/o-nas\/","title":{"rendered":"O nas"},"content":{"rendered":"\n<div class=\"wp-block-columns is-layout-flex wp-container-core-columns-is-layout-2 wp-block-columns-is-layout-flex\">\n<div class=\"wp-block-column is-layout-flow wp-block-column-is-layout-flow\" style=\"flex-basis:100%\">\n<p class=\"has-small-font-size\" style=\"letter-spacing:1px\"><em>PL<\/em><\/p>\n\n\n\n<p class=\"has-text-align-left\" style=\"font-size:15px;font-style:normal;font-weight:400;letter-spacing:1px\">Studenckie Ko\u0142o Naukowe &#8220;P\u0142omie\u0144&#8221; zrzesza student\u00f3w, kt\u00f3rzy chc\u0105 realizowa\u0107 swoje zainteresowania w dziedzinie energetyki. Dzia\u0142amy przy wydziale Mechaniczno-Energetycznym Politechniki Wroc\u0142awskej i uko\u0144czyli\u015bmy ju\u017c wiele projekt\u00f3w naukowych, zar\u00f3wno we wsp\u00f3\u0142pracy z uczelni\u0105, prywatnymi firmami, jak i innymi ko\u0142ami. Obecnie wsp\u00f3\u0142pracujemy z <a rel=\"noreferrer noopener\" href=\"https:\/\/www.facebook.com\/AKL.PWr\/\" target=\"_blank\">Akademickim Klubem Lotniczy PWr<\/a> oraz firm\u0105 <a rel=\"noreferrer noopener\" href=\"https:\/\/symkom.pl\/\" target=\"_blank\">Symkom<\/a> oferuj\u0105c\u0105 oprogramowanie ANSYS. W ci\u0105gu roku bierzemy udzia\u0142 w konferencjach naukowych, konkursach oraz innych wa\u017cnych wydarzeniach, gdzie na bie\u017c\u0105co zapoznajemy si\u0119 z problemami energetyki w Polsce i na \u015bwiecie, trendami technologicznymi, a tak\u017ce ekologicznymi rozwi\u0105zaniami. Nasze stanowiska mo\u017cecie znale\u017a\u0107 na politechnicznych Dniach Aktywno\u015bci Studenckiej, Dolno\u015bl\u0105skim Festiwalu Nauki oraz innych wydarzeniach naukowych. Zach\u0119camy do zapoznania si\u0119 z naszymi <a href=\"https:\/\/sknplomien.pwr.edu.pl\/index.php\/projekty\/\">projektami<\/a>.<\/p>\n\n\n\n<p class=\"has-small-font-size\"><em>EN<\/em><\/p>\n\n\n\n<p style=\"font-size:15px;letter-spacing:1px\">The Student Research Group &#8220;Flame&#8221; associate students who want to pursue their interests in the field of energy. We operate at the Faculty of Mechanical and Power Engineering of the Wroc\u0142aw University of Technology and we have already completed many research projects, both in cooperation with the university, private companies and other student groups. We are currently working with the <a rel=\"noreferrer noopener\" href=\"https:\/\/www.facebook.com\/AKL.PWr\/\" target=\"_blank\">PWr Academic Aviation Club<\/a> as well as with the company <a rel=\"noreferrer noopener\" href=\"https:\/\/symkom.pl\/ansys-academic-program-studenckie-kolo-naukowe-plomien\/\" target=\"_blank\">Symkom<\/a>, which offers ANSYS software. We participate in scientific conferences, competitions and other important events, where we learn about the problems of energy in Poland and around the world, technological trends, and ecological solutions. You can find our stands at the Polytechnic Student Activity Days, Lower Silesian Science Festival and other scientific events.<\/p>\n\n\n\n<div class=\"wp-block-columns are-vertically-aligned-center is-layout-flex wp-container-core-columns-is-layout-1 wp-block-columns-is-layout-flex\">\n<div class=\"wp-block-column is-vertically-aligned-center is-layout-flow wp-block-column-is-layout-flow\" style=\"flex-basis:100%\">\n<div class=\"wp-block-image is-style-default\"><figure class=\"alignleft size-large\"><img loading=\"lazy\" decoding=\"async\" width=\"1024\" height=\"768\" src=\"https:\/\/sknplomien.pwr.edu.pl\/wp-content\/uploads\/182943508_4246771938680471_5916746752jj331115054_n-1024x768.jpg\" alt=\"\" class=\"wp-image-572\" srcset=\"https:\/\/sknplomien.pwr.edu.pl\/wp-content\/uploads\/182943508_4246771938680471_5916746752jj331115054_n-1024x768.jpg 1024w, https:\/\/sknplomien.pwr.edu.pl\/wp-content\/uploads\/182943508_4246771938680471_5916746752jj331115054_n-300x225.jpg 300w, https:\/\/sknplomien.pwr.edu.pl\/wp-content\/uploads\/182943508_4246771938680471_5916746752jj331115054_n-768x576.jpg 768w, https:\/\/sknplomien.pwr.edu.pl\/wp-content\/uploads\/182943508_4246771938680471_5916746752jj331115054_n.jpg 1080w\" sizes=\"(max-width: 1024px) 100vw, 1024px\" \/><\/figure><\/div>\n<\/div>\n<\/div>\n<\/div>\n<\/div>\n","protected":false},"excerpt":{"rendered":"<p>PL Studenckie Ko\u0142o Naukowe &#8220;P\u0142omie\u0144&#8221; zrzesza student\u00f3w, kt\u00f3rzy chc\u0105 realizowa\u0107 swoje zainteresowania w dziedzinie energetyki. Dzia\u0142amy przy wydziale Mechaniczno-Energetycznym Politechniki Wroc\u0142awskej i uko\u0144czyli\u015bmy ju\u017c wiele projekt\u00f3w naukowych, zar\u00f3wno we wsp\u00f3\u0142pracy z uczelni\u0105, prywatnymi firmami, jak i innymi ko\u0142ami. Obecnie wsp\u00f3\u0142pracujemy &hellip; <a href=\"https:\/\/sknplomien.pwr.edu.pl\/index.php\/o-nas\/\">Continued<\/a><\/p>\n","protected":false},"author":1,"featured_media":0,"parent":0,"menu_order":0,"comment_status":"closed","ping_status":"closed","template":"page-fullwidth.php","meta":{"footnotes":""},"_links":{"self":[{"href":"https:\/\/sknplomien.pwr.edu.pl\/index.php\/wp-json\/wp\/v2\/pages\/23"}],"collection":[{"href":"https:\/\/sknplomien.pwr.edu.pl\/index.php\/wp-json\/wp\/v2\/pages"}],"about":[{"href":"https:\/\/sknplomien.pwr.edu.pl\/index.php\/wp-json\/wp\/v2\/types\/page"}],"author":[{"embeddable":true,"href":"https:\/\/sknplomien.pwr.edu.pl\/index.php\/wp-json\/wp\/v2\/users\/1"}],"replies":[{"embeddable":true,"href":"https:\/\/sknplomien.pwr.edu.pl\/index.php\/wp-json\/wp\/v2\/comments?post=23"}],"version-history":[{"count":62,"href":"https:\/\/sknplomien.pwr.edu.pl\/index.php\/wp-json\/wp\/v2\/pages\/23\/revisions"}],"predecessor-version":[{"id":760,"href":"https:\/\/sknplomien.pwr.edu.pl\/index.php\/wp-json\/wp\/v2\/pages\/23\/revisions\/760"}],"wp:attachment":[{"href":"https:\/\/sknplomien.pwr.edu.pl\/index.php\/wp-json\/wp\/v2\/media?parent=23"}],"curies":[{"name":"wp","href":"https:\/\/api.w.org\/{rel}","templated":true}]}}