{"id":268,"date":"2018-02-27T21:25:29","date_gmt":"2018-02-27T21:25:29","guid":{"rendered":"http:\/\/sknplomien.pwr.edu.pl\/?page_id=268"},"modified":"2018-03-12T11:18:38","modified_gmt":"2018-03-12T11:18:38","slug":"nowe-horyzonty-energetyki","status":"publish","type":"page","link":"https:\/\/sknplomien.pwr.edu.pl\/index.php\/wydarzenia\/nowe-horyzonty-energetyki\/","title":{"rendered":"Nowe Horyzonty Energetyki"},"content":{"rendered":"<p>Sympozjum naukowe \u201eNowe Horyzonty Energetyki\u201d jest to marcowe wydarzenie tworzone przez zaprzyja\u017anione ko\u0142o SKN Czyste Technologie Energetyczne (CTE) z Politechniki \u015al\u0105skiej. Co roku w przemi\u0142ej atmosferze delegaci z naszego ko\u0142a wraz ze studentami z Krakowa i Gliwic mog\u0105 pog\u0142\u0119bia\u0107 swoj\u0105 wiedz\u0119 z zakresu szeroko rozumianej energetyki. Jednak niesprzecznie istotnym elementem takich wyjazd\u00f3w jest zacie\u015bnianie wi\u0119z\u00f3w z kolegami spoza Wroc\u0142awia oraz podziwianie pi\u0119knych szczyrkowych krajobraz\u00f3w. Wydarzenie to ko\u0144czy si\u0119 wy\u0142onieniem laureat\u00f3w za najlepsze prezentacje, gdzie nie raz uda\u0142o si\u0119 cz\u0142onkom naszego ko\u0142a zab\u0142ysn\u0105\u0107.<\/p>\n<p>The scientific symposium &#8220;New\u00a0Horizons of Energy&#8221; is a March event created by Students Scientific Association Clean Energy Technologies (CTE) from the Silesian University of Technology. Each year, in a friendly atmosphere, delegates from our association together with students from Cracow and Gliwice can develop their knowledge of the broadly understood power industry. However, an undeniably important element of such trips is the tightening of relations with colleagues from outside of Wroclaw and admiring the beautiful landscapes of Szczyrk. This event ends with the selection of winners for the best presentations, where the members of our association were able to shine.<\/p>\n<div id=\"kad-wp-gallery21\" class=\"kad-wp-gallery kad-light-wp-gallery clearfix kt-gallery-column-1 rowtight\"><div class=\"tcol-lg-12 tcol-md-12 tcol-sm-12 tcol-xs-12 tcol-ss-12 g_item\"><div class=\"grid_item kad_gallery_fade_in gallery_item\"><a href=\"https:\/\/sknplomien.pwr.edu.pl\/wp-content\/uploads\/NHE\/NHE1.jpg\" data-rel=\"lightbox\" class=\"lightboxhover\"><img loading=\"lazy\" decoding=\"async\" src=\"https:\/\/sknplomien.pwr.edu.pl\/wp-content\/uploads\/NHE\/NHE1-1200x1200.jpg\" width=\"1200\" height=\"1200\" alt=\"\"  class=\"light-dropshaddow\"\/><\/a><\/div><\/div><div class=\"tcol-lg-12 tcol-md-12 tcol-sm-12 tcol-xs-12 tcol-ss-12 g_item\"><div class=\"grid_item kad_gallery_fade_in gallery_item\"><a href=\"https:\/\/sknplomien.pwr.edu.pl\/wp-content\/uploads\/NHE\/NHE3.png\" data-rel=\"lightbox\" class=\"lightboxhover\"><img loading=\"lazy\" decoding=\"async\" src=\"https:\/\/sknplomien.pwr.edu.pl\/wp-content\/uploads\/NHE\/NHE3-1200x1200.png\" width=\"1200\" height=\"1200\" alt=\"\"  class=\"light-dropshaddow\"\/><\/a><\/div><\/div><div class=\"tcol-lg-12 tcol-md-12 tcol-sm-12 tcol-xs-12 tcol-ss-12 g_item\"><div class=\"grid_item kad_gallery_fade_in gallery_item\"><a href=\"https:\/\/sknplomien.pwr.edu.pl\/wp-content\/uploads\/NHE\/NHE2.jpg\" data-rel=\"lightbox\" class=\"lightboxhover\"><img loading=\"lazy\" decoding=\"async\" src=\"https:\/\/sknplomien.pwr.edu.pl\/wp-content\/uploads\/NHE\/NHE2-1200x1200.jpg\" width=\"1200\" height=\"1200\" alt=\"\"  class=\"light-dropshaddow\"\/><\/a><\/div><\/div><div class=\"tcol-lg-12 tcol-md-12 tcol-sm-12 tcol-xs-12 tcol-ss-12 g_item\"><div class=\"grid_item kad_gallery_fade_in gallery_item\"><a href=\"https:\/\/sknplomien.pwr.edu.pl\/wp-content\/uploads\/NHE\/NHE.jpg\" data-rel=\"lightbox\" class=\"lightboxhover\"><img loading=\"lazy\" decoding=\"async\" src=\"https:\/\/sknplomien.pwr.edu.pl\/wp-content\/uploads\/NHE\/NHE-1200x1200.jpg\" width=\"1200\" height=\"1200\" alt=\"\"  class=\"light-dropshaddow\"\/><\/a><\/div><\/div><\/div>\n","protected":false},"excerpt":{"rendered":"<p>Sympozjum naukowe \u201eNowe Horyzonty Energetyki\u201d jest to marcowe wydarzenie tworzone przez zaprzyja\u017anione ko\u0142o SKN Czyste Technologie Energetyczne (CTE) z Politechniki \u015al\u0105skiej. Co roku w przemi\u0142ej atmosferze delegaci z naszego ko\u0142a wraz ze studentami z Krakowa i Gliwic mog\u0105 pog\u0142\u0119bia\u0107 swoj\u0105 &hellip; <a href=\"https:\/\/sknplomien.pwr.edu.pl\/index.php\/wydarzenia\/nowe-horyzonty-energetyki\/\">Continued<\/a><\/p>\n","protected":false},"author":1,"featured_media":0,"parent":95,"menu_order":0,"comment_status":"closed","ping_status":"closed","template":"","meta":{"footnotes":""},"_links":{"self":[{"href":"https:\/\/sknplomien.pwr.edu.pl\/index.php\/wp-json\/wp\/v2\/pages\/268"}],"collection":[{"href":"https:\/\/sknplomien.pwr.edu.pl\/index.php\/wp-json\/wp\/v2\/pages"}],"about":[{"href":"https:\/\/sknplomien.pwr.edu.pl\/index.php\/wp-json\/wp\/v2\/types\/page"}],"author":[{"embeddable":true,"href":"https:\/\/sknplomien.pwr.edu.pl\/index.php\/wp-json\/wp\/v2\/users\/1"}],"replies":[{"embeddable":true,"href":"https:\/\/sknplomien.pwr.edu.pl\/index.php\/wp-json\/wp\/v2\/comments?post=268"}],"version-history":[{"count":4,"href":"https:\/\/sknplomien.pwr.edu.pl\/index.php\/wp-json\/wp\/v2\/pages\/268\/revisions"}],"predecessor-version":[{"id":449,"href":"https:\/\/sknplomien.pwr.edu.pl\/index.php\/wp-json\/wp\/v2\/pages\/268\/revisions\/449"}],"up":[{"embeddable":true,"href":"https:\/\/sknplomien.pwr.edu.pl\/index.php\/wp-json\/wp\/v2\/pages\/95"}],"wp:attachment":[{"href":"https:\/\/sknplomien.pwr.edu.pl\/index.php\/wp-json\/wp\/v2\/media?parent=268"}],"curies":[{"name":"wp","href":"https:\/\/api.w.org\/{rel}","templated":true}]}}