{"id":286,"date":"2018-02-27T21:46:01","date_gmt":"2018-02-27T21:46:01","guid":{"rendered":"http:\/\/sknplomien.pwr.edu.pl\/?page_id=286"},"modified":"2018-03-05T19:53:19","modified_gmt":"2018-03-05T19:53:19","slug":"wyzwania-energetyki-jadrowej","status":"publish","type":"page","link":"https:\/\/sknplomien.pwr.edu.pl\/index.php\/wydarzenia\/wyzwania-energetyki-jadrowej\/","title":{"rendered":"Wyzwania Energetyki J\u0105drowej"},"content":{"rendered":"<p>03.2017 r. SKN \u201eP\u0142omie\u0144\u201d uczestniczy\u0142o w Akademickim Forum Energii J\u0105drowej organizowanym przez Ko\u0142o Naukowe Energetyk\u00f3w J\u0105drowych URANIUM z AGH oraz Ko\u0142o Student\u00f3w Stosunk\u00f3w Mi\u0119dzynarodowych Uniwersytetu Jagiello\u0144skiego.<\/p>\n<p>Uczestnicy konferencji mieli okazj\u0119 wys\u0142uchania trzech wyk\u0142ad\u00f3w dotycz\u0105cych elektrowni j\u0105drowych, kt\u00f3re porusza\u0142y tematy katastrof przemys\u0142u j\u0105drowego, biologiczne aspekty promieniowania oraz tematyk\u0119 utrzymania pokoju j\u0105drowego na \u015bwiecie.<\/p>\n<p>Podczas wydarzenia odby\u0142y si\u0119 r\u00f3wnie\u017c cztery panele eksperckie dotycz\u0105ce wyzwa\u0144 jakie stawia energetyka j\u0105drowa w dzisiejszych czasach. Podczas dyskusji by\u0142a mo\u017cliwo\u015b\u0107 wys\u0142uchania pogl\u0105d\u00f3w zaproszonych go\u015bci b\u0119d\u0105cych przedstawicielami instytucji, kt\u00f3re s\u0105 zwi\u0105zane z bran\u017c\u0105 energetyczn\u0105 polski, jak r\u00f3wnie\u017c os\u00f3b b\u0119d\u0105cych \u015bci\u015ble zwi\u0105zanych z o\u015brodkami akademickimi.<\/p>\n<p>Jeden z paneli to dzie\u0142o cz\u0142onk\u00f3w naszego ko\u0142a. Wsp\u00f3\u0142pracuj\u0105c ze studentami KSMM UJ, URANIUM oraz Studenckiego ko\u0142a Stowarzyszenia Elektryk\u00f3w Polskich nr 19 przy AGH zorganizowali\u015bmy IV panel ekspercki dotycz\u0105cy wyzwania ochrony \u015brodowiska.<\/p>\n<p>&nbsp;<\/p>\n<p>03.2017r. \u201cFlame\u201d Student Research Group participated in the Academic Nuclear Energy Forum organized by the Scientific Association of Nuclear Power Engineers URANIUM from AGH University of Science and Technology and the International Relations Student Research Group of the Jagiellonian University.<\/p>\n<p>The participants of the conference had the opportunity to listen to three lectures on nuclear power plants, which addressed the topics of nuclear disasters, the biological aspects of radiation and the issue of maintaining nuclear peace in the world.<\/p>\n<p>The conference also featured four expert panels on the new challenges posed by nuclear power industry today. During the discussion there was an opportunity to listen to the views of the invited guests, who were representatives of institutions related to the polish energy sector, as well as people closely related to academic centers.<\/p>\n<p>One of the panels is a creation of members of our association. In cooperation with students of KSMM of Jagiellonian University, URANIUM and Student Research Group of Polish Electrical Engineering no. 19 at AGH, we organized the IV expert panel on the challenge of environment protection.<\/p>\n<p><img loading=\"lazy\" decoding=\"async\" class=\"alignnone size-full wp-image-288\" src=\"http:\/\/sknplomien.pwr.edu.pl\/wp-content\/uploads\/wyzwania en j\u0105drowej.jpg\" alt=\"\" width=\"1184\" height=\"664\" \/><\/p>\n","protected":false},"excerpt":{"rendered":"<p>03.2017 r. SKN \u201eP\u0142omie\u0144\u201d uczestniczy\u0142o w Akademickim Forum Energii J\u0105drowej organizowanym przez Ko\u0142o Naukowe Energetyk\u00f3w J\u0105drowych URANIUM z AGH oraz Ko\u0142o Student\u00f3w Stosunk\u00f3w Mi\u0119dzynarodowych Uniwersytetu Jagiello\u0144skiego. Uczestnicy konferencji mieli okazj\u0119 wys\u0142uchania trzech wyk\u0142ad\u00f3w dotycz\u0105cych elektrowni j\u0105drowych, kt\u00f3re porusza\u0142y tematy katastrof &hellip; <a href=\"https:\/\/sknplomien.pwr.edu.pl\/index.php\/wydarzenia\/wyzwania-energetyki-jadrowej\/\">Continued<\/a><\/p>\n","protected":false},"author":1,"featured_media":0,"parent":95,"menu_order":0,"comment_status":"closed","ping_status":"closed","template":"","meta":{"footnotes":""},"_links":{"self":[{"href":"https:\/\/sknplomien.pwr.edu.pl\/index.php\/wp-json\/wp\/v2\/pages\/286"}],"collection":[{"href":"https:\/\/sknplomien.pwr.edu.pl\/index.php\/wp-json\/wp\/v2\/pages"}],"about":[{"href":"https:\/\/sknplomien.pwr.edu.pl\/index.php\/wp-json\/wp\/v2\/types\/page"}],"author":[{"embeddable":true,"href":"https:\/\/sknplomien.pwr.edu.pl\/index.php\/wp-json\/wp\/v2\/users\/1"}],"replies":[{"embeddable":true,"href":"https:\/\/sknplomien.pwr.edu.pl\/index.php\/wp-json\/wp\/v2\/comments?post=286"}],"version-history":[{"count":5,"href":"https:\/\/sknplomien.pwr.edu.pl\/index.php\/wp-json\/wp\/v2\/pages\/286\/revisions"}],"predecessor-version":[{"id":378,"href":"https:\/\/sknplomien.pwr.edu.pl\/index.php\/wp-json\/wp\/v2\/pages\/286\/revisions\/378"}],"up":[{"embeddable":true,"href":"https:\/\/sknplomien.pwr.edu.pl\/index.php\/wp-json\/wp\/v2\/pages\/95"}],"wp:attachment":[{"href":"https:\/\/sknplomien.pwr.edu.pl\/index.php\/wp-json\/wp\/v2\/media?parent=286"}],"curies":[{"name":"wp","href":"https:\/\/api.w.org\/{rel}","templated":true}]}}