{"id":291,"date":"2018-02-27T21:55:00","date_gmt":"2018-02-27T21:55:00","guid":{"rendered":"http:\/\/sknplomien.pwr.edu.pl\/?page_id=291"},"modified":"2018-02-27T21:58:07","modified_gmt":"2018-02-27T21:58:07","slug":"rajdokonferencja","status":"publish","type":"page","link":"https:\/\/sknplomien.pwr.edu.pl\/index.php\/wydarzenia\/rajdokonferencja\/","title":{"rendered":"Rajdokonferencja"},"content":{"rendered":"<p style=\"text-align: justify;\">Polski Rajd Ekologiczny z konferencj\u0105 naukow\u0105 \u201eVehicles od the Future\u201d jest to po\u0142\u0105czenie klasycznej konferencji naukowej z pokazem alternatywnych konstrukcji pojazd\u00f3w oraz efektywno\u015bci jazdy rajdowej pojazd\u00f3w zasilanych biopaliwami i\u00a0alternatywnymi zespo\u0142ami nap\u0119dowymi, jak i\u00a0kszta\u0142towania postaw patriotycznych. Rajd odbywa si\u0119 \u015bladami wybitnych Polak\u00f3w i wa\u017cnych miejsc dla ka\u017cdego obywatela naszego kraju. Rajdokonferencja swoje oficjalne rozpocz\u0119cie ma na terenie Politechniki Wroc\u0142awskiej, a organizowana jest przez nasz matczyny wydzia\u0142 Mechaniczno-Energetyczny na czele z p\u0142k prof. Mieczys\u0142awem Strusiem. Motto przewodnie tego wydarzenia brzmi: \u201eKocham Polsk\u0119 i Ty J\u0105 kochaj\u201d. Umo\u017cliwia ona studentom oraz sympatykom rozwoju motoryzacji nie tylko poszerza\u0107 swoj\u0105 wiedz\u0119 z zakresu: efektywno\u015bci energetycznej pojazd\u00f3w, nap\u0119d\u00f3w alternatywnych i konstrukcji przysz\u0142o\u015bci lecz r\u00f3wnie\u017c zwiedzi\u0107 pi\u0119kne miejsca takie jak np.: Lw\u00f3w, Cz\u0119stochowa, Krak\u00f3w, O\u0142awa, Warszawa i Wilno. Nasi cz\u0142onkowie nie raz je\u017adzili, poznawali i\u00a0prezentowali swoje pomys\u0142y, aby wsp\u00f3lnie z innymi poznawa\u0107 pi\u0119kno polskiej historii i\u00a0nowe technologie.<\/p>\n<div id=\"kad-wp-gallery74\" class=\"kad-wp-gallery kad-light-wp-gallery clearfix kt-gallery-column-5 rowtight\"><div class=\"tcol-lg-25 tcol-md-25 tcol-sm-3 tcol-xs-4 tcol-ss-6 g_item\"><div class=\"grid_item kad_gallery_fade_in gallery_item\"><a href=\"https:\/\/sknplomien.pwr.edu.pl\/wp-content\/uploads\/rajdokonferencja\/Rajdokonferencja.png\" data-rel=\"lightbox\" class=\"lightboxhover\"><img loading=\"lazy\" decoding=\"async\" src=\"https:\/\/sknplomien.pwr.edu.pl\/wp-content\/uploads\/rajdokonferencja\/Rajdokonferencja-300x300.png\" width=\"300\" height=\"300\" alt=\"\"  class=\"light-dropshaddow\"\/><\/a><\/div><\/div><div class=\"tcol-lg-25 tcol-md-25 tcol-sm-3 tcol-xs-4 tcol-ss-6 g_item\"><div class=\"grid_item kad_gallery_fade_in gallery_item\"><a href=\"https:\/\/sknplomien.pwr.edu.pl\/wp-content\/uploads\/rajdokonferencja\/RK3.jpg\" data-rel=\"lightbox\" class=\"lightboxhover\"><img loading=\"lazy\" decoding=\"async\" src=\"https:\/\/sknplomien.pwr.edu.pl\/wp-content\/uploads\/rajdokonferencja\/RK3-300x300.jpg\" width=\"300\" height=\"300\" alt=\"\" srcset=\"https:\/\/sknplomien.pwr.edu.pl\/wp-content\/uploads\/rajdokonferencja\/RK3-300x300.jpg 300w, https:\/\/sknplomien.pwr.edu.pl\/wp-content\/uploads\/rajdokonferencja\/RK3-600x600.jpg 600w\" sizes=\"(max-width: 300px) 100vw, 300px\" class=\"light-dropshaddow\"\/><\/a><\/div><\/div><div class=\"tcol-lg-25 tcol-md-25 tcol-sm-3 tcol-xs-4 tcol-ss-6 g_item\"><div class=\"grid_item kad_gallery_fade_in gallery_item\"><a href=\"https:\/\/sknplomien.pwr.edu.pl\/wp-content\/uploads\/rajdokonferencja\/RK2.jpg\" data-rel=\"lightbox\" class=\"lightboxhover\"><img loading=\"lazy\" decoding=\"async\" src=\"https:\/\/sknplomien.pwr.edu.pl\/wp-content\/uploads\/rajdokonferencja\/RK2-300x300.jpg\" width=\"300\" height=\"300\" alt=\"\" srcset=\"https:\/\/sknplomien.pwr.edu.pl\/wp-content\/uploads\/rajdokonferencja\/RK2-300x300.jpg 300w, https:\/\/sknplomien.pwr.edu.pl\/wp-content\/uploads\/rajdokonferencja\/RK2-600x600.jpg 600w\" sizes=\"(max-width: 300px) 100vw, 300px\" class=\"light-dropshaddow\"\/><\/a><\/div><\/div><div class=\"tcol-lg-25 tcol-md-25 tcol-sm-3 tcol-xs-4 tcol-ss-6 g_item\"><div class=\"grid_item kad_gallery_fade_in gallery_item\"><a href=\"https:\/\/sknplomien.pwr.edu.pl\/wp-content\/uploads\/rajdokonferencja\/RK1.jpg\" data-rel=\"lightbox\" class=\"lightboxhover\"><img loading=\"lazy\" decoding=\"async\" src=\"https:\/\/sknplomien.pwr.edu.pl\/wp-content\/uploads\/rajdokonferencja\/RK1-300x300.jpg\" width=\"300\" height=\"300\" alt=\"\" srcset=\"https:\/\/sknplomien.pwr.edu.pl\/wp-content\/uploads\/rajdokonferencja\/RK1-300x300.jpg 300w, https:\/\/sknplomien.pwr.edu.pl\/wp-content\/uploads\/rajdokonferencja\/RK1-600x600.jpg 600w\" sizes=\"(max-width: 300px) 100vw, 300px\" class=\"light-dropshaddow\"\/><\/a><\/div><\/div><div class=\"tcol-lg-25 tcol-md-25 tcol-sm-3 tcol-xs-4 tcol-ss-6 g_item\"><div class=\"grid_item kad_gallery_fade_in gallery_item\"><a href=\"https:\/\/sknplomien.pwr.edu.pl\/wp-content\/uploads\/rajdokonferencja\/RK.jpg\" data-rel=\"lightbox\" class=\"lightboxhover\"><img loading=\"lazy\" decoding=\"async\" src=\"https:\/\/sknplomien.pwr.edu.pl\/wp-content\/uploads\/rajdokonferencja\/RK-300x300.jpg\" width=\"300\" height=\"300\" alt=\"\" srcset=\"https:\/\/sknplomien.pwr.edu.pl\/wp-content\/uploads\/rajdokonferencja\/RK-300x300.jpg 300w, https:\/\/sknplomien.pwr.edu.pl\/wp-content\/uploads\/rajdokonferencja\/RK-600x600.jpg 600w\" sizes=\"(max-width: 300px) 100vw, 300px\" class=\"light-dropshaddow\"\/><\/a><\/div><\/div><\/div>\n","protected":false},"excerpt":{"rendered":"<p>Polski Rajd Ekologiczny z konferencj\u0105 naukow\u0105 \u201eVehicles od the Future\u201d jest to po\u0142\u0105czenie klasycznej konferencji naukowej z pokazem alternatywnych konstrukcji pojazd\u00f3w oraz efektywno\u015bci jazdy rajdowej pojazd\u00f3w zasilanych biopaliwami i\u00a0alternatywnymi zespo\u0142ami nap\u0119dowymi, jak i\u00a0kszta\u0142towania postaw patriotycznych. Rajd odbywa si\u0119 \u015bladami wybitnych &hellip; <a href=\"https:\/\/sknplomien.pwr.edu.pl\/index.php\/wydarzenia\/rajdokonferencja\/\">Continued<\/a><\/p>\n","protected":false},"author":1,"featured_media":0,"parent":95,"menu_order":0,"comment_status":"closed","ping_status":"closed","template":"","meta":{"footnotes":""},"_links":{"self":[{"href":"https:\/\/sknplomien.pwr.edu.pl\/index.php\/wp-json\/wp\/v2\/pages\/291"}],"collection":[{"href":"https:\/\/sknplomien.pwr.edu.pl\/index.php\/wp-json\/wp\/v2\/pages"}],"about":[{"href":"https:\/\/sknplomien.pwr.edu.pl\/index.php\/wp-json\/wp\/v2\/types\/page"}],"author":[{"embeddable":true,"href":"https:\/\/sknplomien.pwr.edu.pl\/index.php\/wp-json\/wp\/v2\/users\/1"}],"replies":[{"embeddable":true,"href":"https:\/\/sknplomien.pwr.edu.pl\/index.php\/wp-json\/wp\/v2\/comments?post=291"}],"version-history":[{"count":2,"href":"https:\/\/sknplomien.pwr.edu.pl\/index.php\/wp-json\/wp\/v2\/pages\/291\/revisions"}],"predecessor-version":[{"id":300,"href":"https:\/\/sknplomien.pwr.edu.pl\/index.php\/wp-json\/wp\/v2\/pages\/291\/revisions\/300"}],"up":[{"embeddable":true,"href":"https:\/\/sknplomien.pwr.edu.pl\/index.php\/wp-json\/wp\/v2\/pages\/95"}],"wp:attachment":[{"href":"https:\/\/sknplomien.pwr.edu.pl\/index.php\/wp-json\/wp\/v2\/media?parent=291"}],"curies":[{"name":"wp","href":"https:\/\/api.w.org\/{rel}","templated":true}]}}