{"id":302,"date":"2018-02-27T22:01:24","date_gmt":"2018-02-27T22:01:24","guid":{"rendered":"http:\/\/sknplomien.pwr.edu.pl\/?page_id=302"},"modified":"2018-02-27T22:07:39","modified_gmt":"2018-02-27T22:07:39","slug":"gpw","status":"publish","type":"page","link":"https:\/\/sknplomien.pwr.edu.pl\/index.php\/wydarzenia\/gpw\/","title":{"rendered":"GPW"},"content":{"rendered":"<p style=\"text-align: justify;\">Cz\u0142onkowie SKN P\u0142omie\u0144: Kamila Kuchciak i Grzegorz Pietrzak wzi\u0119li udzia\u0142 w III Konferencji Naukowej Student\u00f3w i Doktorant\u00f3w Generacja \u2013 Przesy\u0142 \u2013 Wykorzystanie GPW 2016, organizowanej przez Akademickie Ko\u0142o SEP przy Politechnice Wroc\u0142awskiej , kt\u00f3ra odby\u0142a si\u0119 2-4 grudnia 2016 w Szklarskiej Por\u0119bie. Studenci zaprezentowali za\u0142o\u017cenia projektu nad kt\u00f3rym pracowali w kole &#8211; Bezstykowego przesy\u0142u energii. Szkolenia zorganizowane w ramach konferencji da\u0142y niepowtarzaln\u0105 mo\u017cliwo\u015b\u0107 rozwini\u0119cia zar\u00f3wno umiej\u0119tno\u015bci mi\u0119kkich, jak i wiedzy technicznej. Pierwszego dnia studenci wzi\u0119li udzia\u0142 w szkoleniach z zakresu obs\u0142ugi miernika parametr\u00f3w instalacji elektrycznych MPI 530, a nast\u0119pnie w szkoleniu z zakresu komunikacji i prezentacji. Dzie\u0144 drugi wype\u0142niony by\u0142 prezentacjami, kt\u00f3re zosta\u0142y przedstawione przez uczestnik\u00f3w. Wieczorem odby\u0142o si\u0119 wr\u0119czenie nagr\u00f3d laureatom oraz uroczysta kolacja. Studenci W9 zdobyli pierwsze miejsce za prezentacj\u0119 swojego referatu. Zwie\u0144czeniem wyjazdu by\u0142o zwiedzanie Zamku Czocha.<\/p>\n<div id=\"kad-wp-gallery38\" class=\"kad-wp-gallery kad-light-wp-gallery clearfix kt-gallery-column-4 rowtight\"><div class=\"tcol-lg-3 tcol-md-3 tcol-sm-4 tcol-xs-6 tcol-ss-12 g_item\"><div class=\"grid_item kad_gallery_fade_in gallery_item\"><a href=\"https:\/\/sknplomien.pwr.edu.pl\/wp-content\/uploads\/GPW\/gpw3.jpg\" data-rel=\"lightbox\" class=\"lightboxhover\"><img loading=\"lazy\" decoding=\"async\" src=\"https:\/\/sknplomien.pwr.edu.pl\/wp-content\/uploads\/GPW\/gpw3-300x300.jpg\" width=\"300\" height=\"300\" alt=\"\" srcset=\"https:\/\/sknplomien.pwr.edu.pl\/wp-content\/uploads\/GPW\/gpw3-300x300.jpg 300w, https:\/\/sknplomien.pwr.edu.pl\/wp-content\/uploads\/GPW\/gpw3-600x600.jpg 600w\" sizes=\"(max-width: 300px) 100vw, 300px\" class=\"light-dropshaddow\"\/><\/a><\/div><\/div><div class=\"tcol-lg-3 tcol-md-3 tcol-sm-4 tcol-xs-6 tcol-ss-12 g_item\"><div class=\"grid_item kad_gallery_fade_in gallery_item\"><a href=\"https:\/\/sknplomien.pwr.edu.pl\/wp-content\/uploads\/GPW\/gpw2.jpg\" data-rel=\"lightbox\" class=\"lightboxhover\"><img loading=\"lazy\" decoding=\"async\" src=\"https:\/\/sknplomien.pwr.edu.pl\/wp-content\/uploads\/GPW\/gpw2-300x300.jpg\" width=\"300\" height=\"300\" alt=\"\" srcset=\"https:\/\/sknplomien.pwr.edu.pl\/wp-content\/uploads\/GPW\/gpw2-300x300.jpg 300w, https:\/\/sknplomien.pwr.edu.pl\/wp-content\/uploads\/GPW\/gpw2-600x600.jpg 600w\" sizes=\"(max-width: 300px) 100vw, 300px\" class=\"light-dropshaddow\"\/><\/a><\/div><\/div><div class=\"tcol-lg-3 tcol-md-3 tcol-sm-4 tcol-xs-6 tcol-ss-12 g_item\"><div class=\"grid_item kad_gallery_fade_in gallery_item\"><a href=\"https:\/\/sknplomien.pwr.edu.pl\/wp-content\/uploads\/GPW\/gpw1.jpg\" data-rel=\"lightbox\" class=\"lightboxhover\"><img loading=\"lazy\" decoding=\"async\" src=\"https:\/\/sknplomien.pwr.edu.pl\/wp-content\/uploads\/GPW\/gpw1-300x300.jpg\" width=\"300\" height=\"300\" alt=\"\" srcset=\"https:\/\/sknplomien.pwr.edu.pl\/wp-content\/uploads\/GPW\/gpw1-300x300.jpg 300w, https:\/\/sknplomien.pwr.edu.pl\/wp-content\/uploads\/GPW\/gpw1-600x600.jpg 600w\" sizes=\"(max-width: 300px) 100vw, 300px\" class=\"light-dropshaddow\"\/><\/a><\/div><\/div><div class=\"tcol-lg-3 tcol-md-3 tcol-sm-4 tcol-xs-6 tcol-ss-12 g_item\"><div class=\"grid_item kad_gallery_fade_in gallery_item\"><a href=\"https:\/\/sknplomien.pwr.edu.pl\/wp-content\/uploads\/GPW\/gpw.jpg\" data-rel=\"lightbox\" class=\"lightboxhover\"><img loading=\"lazy\" decoding=\"async\" src=\"https:\/\/sknplomien.pwr.edu.pl\/wp-content\/uploads\/GPW\/gpw-300x300.jpg\" width=\"300\" height=\"300\" alt=\"\" srcset=\"https:\/\/sknplomien.pwr.edu.pl\/wp-content\/uploads\/GPW\/gpw-300x300.jpg 300w, https:\/\/sknplomien.pwr.edu.pl\/wp-content\/uploads\/GPW\/gpw-600x600.jpg 600w\" sizes=\"(max-width: 300px) 100vw, 300px\" class=\"light-dropshaddow\"\/><\/a><\/div><\/div><\/div>\n","protected":false},"excerpt":{"rendered":"<p>Cz\u0142onkowie SKN P\u0142omie\u0144: Kamila Kuchciak i Grzegorz Pietrzak wzi\u0119li udzia\u0142 w III Konferencji Naukowej Student\u00f3w i Doktorant\u00f3w Generacja \u2013 Przesy\u0142 \u2013 Wykorzystanie GPW 2016, organizowanej przez Akademickie Ko\u0142o SEP przy Politechnice Wroc\u0142awskiej , kt\u00f3ra odby\u0142a si\u0119 2-4 grudnia 2016 w &hellip; <a href=\"https:\/\/sknplomien.pwr.edu.pl\/index.php\/wydarzenia\/gpw\/\">Continued<\/a><\/p>\n","protected":false},"author":1,"featured_media":0,"parent":95,"menu_order":0,"comment_status":"closed","ping_status":"closed","template":"","meta":{"footnotes":""},"_links":{"self":[{"href":"https:\/\/sknplomien.pwr.edu.pl\/index.php\/wp-json\/wp\/v2\/pages\/302"}],"collection":[{"href":"https:\/\/sknplomien.pwr.edu.pl\/index.php\/wp-json\/wp\/v2\/pages"}],"about":[{"href":"https:\/\/sknplomien.pwr.edu.pl\/index.php\/wp-json\/wp\/v2\/types\/page"}],"author":[{"embeddable":true,"href":"https:\/\/sknplomien.pwr.edu.pl\/index.php\/wp-json\/wp\/v2\/users\/1"}],"replies":[{"embeddable":true,"href":"https:\/\/sknplomien.pwr.edu.pl\/index.php\/wp-json\/wp\/v2\/comments?post=302"}],"version-history":[{"count":3,"href":"https:\/\/sknplomien.pwr.edu.pl\/index.php\/wp-json\/wp\/v2\/pages\/302\/revisions"}],"predecessor-version":[{"id":309,"href":"https:\/\/sknplomien.pwr.edu.pl\/index.php\/wp-json\/wp\/v2\/pages\/302\/revisions\/309"}],"up":[{"embeddable":true,"href":"https:\/\/sknplomien.pwr.edu.pl\/index.php\/wp-json\/wp\/v2\/pages\/95"}],"wp:attachment":[{"href":"https:\/\/sknplomien.pwr.edu.pl\/index.php\/wp-json\/wp\/v2\/media?parent=302"}],"curies":[{"name":"wp","href":"https:\/\/api.w.org\/{rel}","templated":true}]}}