{"id":311,"date":"2018-02-27T22:13:03","date_gmt":"2018-02-27T22:13:03","guid":{"rendered":"http:\/\/sknplomien.pwr.edu.pl\/?page_id=311"},"modified":"2018-02-27T22:14:35","modified_gmt":"2018-02-27T22:14:35","slug":"opole","status":"publish","type":"page","link":"https:\/\/sknplomien.pwr.edu.pl\/index.php\/wyjazdy\/opole\/","title":{"rendered":"Opole"},"content":{"rendered":"<p style=\"text-align: justify;\">PGE GiEK Elektrownia Opole jest to jedna z wi\u0119kszych elektrowni w Polsce, kondensacyjna, opalana w\u0119glem kamiennym z zamkni\u0119tym obiegiem wody ch\u0142odz\u0105cej, sk\u0105d na jej terenie le\u017c\u0105 charakterystycznie pomalowane ch\u0142odnie kominowe. Oddalona jest od Wroc\u0142awia o mniej ni\u017c 2 godziny jazdy samochodem z tego te\u017c powodu w dniu 15.05.2015 r. nasi cz\u0142onkowie mieli okazje przyjrze\u0107 si\u0119 jej z bliska. Zwiedzanie tego obiektu umo\u017cliwi\u0142y nam IX Dni Otwarte. Podczas wizyty mogli\u015bmy zajrze\u0107 na olbrzymi plac budowy, gdzie powstaj\u0105 dwa bloki energetyczne nr 5 i 6 o przewidywanej \u0142\u0105cznej mocy oko\u0142o 1800 MWe. Na dzie\u0144 dzisiejszy eksploatowane s\u0105 4 bloki energetyczne o \u0142\u0105cznej mocy zainstalowanej 1492 MWe.<\/p>\n<p style=\"text-align: justify;\">Poza placem budowy mieli\u015bmy okazj\u0119 przyjrze\u0107 si\u0119 jak dzia\u0142aj\u0105 pozosta\u0142e bloki oraz zg\u0142\u0119bi\u0107 swoj\u0105 wiedz\u0119 na temat elektrowni konwencjonalnej, zasadzie dzia\u0142ania poszczeg\u00f3lnych zespo\u0142\u00f3w i urz\u0105dze\u0144. Wyjazd ten by\u0142 bardzo owocny w nowe do\u015bwiadczenia, umo\u017cliwi\u0142 dok\u0142adne poznanie rzeczywistej struktury elektrowni, co da\u0142o nam por\u00f3wnanie z ksi\u0105\u017ckowymi schematami oraz pozwoli\u0142o zobaczy\u0107 jak pracuj\u0105 prawdziwi energetycy, poniewa\u017c mo\u017ce to w\u0142a\u015bnie my b\u0119dziemy wykonywa\u0107 te same czynno\u015bci w przysz\u0142o\u015bci.<\/p>\n<div id=\"kad-wp-gallery26\" class=\"kad-wp-gallery kad-light-wp-gallery clearfix kt-gallery-column-1 rowtight\"><div class=\"tcol-lg-12 tcol-md-12 tcol-sm-12 tcol-xs-12 tcol-ss-12 g_item\"><div class=\"grid_item kad_gallery_fade_in gallery_item\"><a href=\"https:\/\/sknplomien.pwr.edu.pl\/wp-content\/uploads\/wyjazdy\/opole1.jpg\" data-rel=\"lightbox\" class=\"lightboxhover\"><img loading=\"lazy\" decoding=\"async\" src=\"https:\/\/sknplomien.pwr.edu.pl\/wp-content\/uploads\/wyjazdy\/opole1.jpg\" width=\"2048\" height=\"1152\" alt=\"\"  class=\"light-dropshaddow\"\/><\/a><\/div><\/div><div class=\"tcol-lg-12 tcol-md-12 tcol-sm-12 tcol-xs-12 tcol-ss-12 g_item\"><div class=\"grid_item kad_gallery_fade_in gallery_item\"><a href=\"https:\/\/sknplomien.pwr.edu.pl\/wp-content\/uploads\/wyjazdy\/opole.jpg\" data-rel=\"lightbox\" class=\"lightboxhover\"><img loading=\"lazy\" decoding=\"async\" src=\"https:\/\/sknplomien.pwr.edu.pl\/wp-content\/uploads\/wyjazdy\/opole.jpg\" width=\"1280\" height=\"720\" alt=\"\"  class=\"light-dropshaddow\"\/><\/a><\/div><\/div><div class=\"tcol-lg-12 tcol-md-12 tcol-sm-12 tcol-xs-12 tcol-ss-12 g_item\"><div class=\"grid_item kad_gallery_fade_in gallery_item\"><a href=\"https:\/\/sknplomien.pwr.edu.pl\/wp-content\/uploads\/wyjazdy\/El%20Opole%2015.05.2015.jpg\" data-rel=\"lightbox\" class=\"lightboxhover\"><img loading=\"lazy\" decoding=\"async\" src=\"https:\/\/sknplomien.pwr.edu.pl\/wp-content\/uploads\/wyjazdy\/El%20Opole%2015.05.2015.jpg\" width=\"960\" height=\"720\" alt=\"\"  class=\"light-dropshaddow\"\/><\/a><\/div><\/div><\/div>\n<p>&nbsp;<\/p>\n","protected":false},"excerpt":{"rendered":"<p>PGE GiEK Elektrownia Opole jest to jedna z wi\u0119kszych elektrowni w Polsce, kondensacyjna, opalana w\u0119glem kamiennym z zamkni\u0119tym obiegiem wody ch\u0142odz\u0105cej, sk\u0105d na jej terenie le\u017c\u0105 charakterystycznie pomalowane ch\u0142odnie kominowe. Oddalona jest od Wroc\u0142awia o mniej ni\u017c 2 godziny jazdy &hellip; <a href=\"https:\/\/sknplomien.pwr.edu.pl\/index.php\/wyjazdy\/opole\/\">Continued<\/a><\/p>\n","protected":false},"author":1,"featured_media":0,"parent":179,"menu_order":0,"comment_status":"closed","ping_status":"closed","template":"","meta":{"footnotes":""},"_links":{"self":[{"href":"https:\/\/sknplomien.pwr.edu.pl\/index.php\/wp-json\/wp\/v2\/pages\/311"}],"collection":[{"href":"https:\/\/sknplomien.pwr.edu.pl\/index.php\/wp-json\/wp\/v2\/pages"}],"about":[{"href":"https:\/\/sknplomien.pwr.edu.pl\/index.php\/wp-json\/wp\/v2\/types\/page"}],"author":[{"embeddable":true,"href":"https:\/\/sknplomien.pwr.edu.pl\/index.php\/wp-json\/wp\/v2\/users\/1"}],"replies":[{"embeddable":true,"href":"https:\/\/sknplomien.pwr.edu.pl\/index.php\/wp-json\/wp\/v2\/comments?post=311"}],"version-history":[{"count":4,"href":"https:\/\/sknplomien.pwr.edu.pl\/index.php\/wp-json\/wp\/v2\/pages\/311\/revisions"}],"predecessor-version":[{"id":318,"href":"https:\/\/sknplomien.pwr.edu.pl\/index.php\/wp-json\/wp\/v2\/pages\/311\/revisions\/318"}],"up":[{"embeddable":true,"href":"https:\/\/sknplomien.pwr.edu.pl\/index.php\/wp-json\/wp\/v2\/pages\/179"}],"wp:attachment":[{"href":"https:\/\/sknplomien.pwr.edu.pl\/index.php\/wp-json\/wp\/v2\/media?parent=311"}],"curies":[{"name":"wp","href":"https:\/\/api.w.org\/{rel}","templated":true}]}}