{"id":320,"date":"2018-02-27T22:24:59","date_gmt":"2018-02-27T22:24:59","guid":{"rendered":"http:\/\/sknplomien.pwr.edu.pl\/?page_id=320"},"modified":"2018-03-02T15:37:59","modified_gmt":"2018-03-02T15:37:59","slug":"ergometr","status":"publish","type":"page","link":"https:\/\/sknplomien.pwr.edu.pl\/index.php\/projekty\/ergometr\/","title":{"rendered":"Ergometr"},"content":{"rendered":"<p><img loading=\"lazy\" decoding=\"async\" class=\" wp-image-349 alignright\" src=\"http:\/\/sknplomien.pwr.edu.pl\/wp-content\/uploads\/projekty\/ergometr\/ergo1.jpg\" alt=\"\" width=\"300\" height=\"399\" \/><\/p>\n<p style=\"text-align: justify;\">Realizowany we wsp\u00f3\u0142pracy z Technikum Elektrycznym z Lubania w ramach projektu regionalnego Zawodowy Dolny \u015al\u0105sk. Naszym celem by\u0142a budowa maszyny zwracaj\u0105cej uwag\u0119, b\u0119d\u0105c\u0105 reklam\u0105 na wszelkich studenckich wydarzeniach i wystawach. Bior\u0105c pod uwag\u0119 wsp\u00f3\u0142czesn\u0105 mod\u0119 na zdrowy i aktywny tryb \u017cycia zdecydowali\u015bmy si\u0119 zbudowa\u0107 ergometr.<\/p>\n<p style=\"text-align: justify;\">Ergometr jest stacjonarnym urz\u0105dzeniem do \u0107wicze\u0144 imituj\u0105cym ruch wiose\u0142. Wykorzystuj\u0105c ruch cz\u0142owieka i odpowiednio go przetwarzaj\u0105c mo\u017cemy wygenerowa\u0107 pr\u0105d elektryczny i wykorzystywa\u0107 go do zasilania aplikacji ergometru, na\u0142adowania telefonu lub s\u0142uchania muzyki.<\/p>\n<p style=\"text-align: justify;\">Praca zosta\u0142a podzielona na kilka etap\u00f3w. Pierwszym z nich by\u0142 projekt 3D oraz spis i dob\u00f3r wszystkich niezb\u0119dnych cz\u0119\u015bci. Projekt wymaga\u0142 skonstruowania indywidualnej przek\u0142adni pasowej dobranej tak, by alternator nap\u0119dzany przez osob\u0119 \u0107wicz\u0105c\u0105 uzyskiwa\u0142 pr\u0119dko\u015bci\u0105 pozwalaj\u0105c\u0105 na \u0142adowanie akumulator\u00f3w. Uk\u0142ad elektryczny zosta\u0142 zaprojektowany oraz po\u0142\u0105czony przez Technikum Elektryczne, posiada on odpowiednie zabezpieczenia, wy\u0142\u0105czniki i przetwornic\u0119. Dla uzyskania optymalnego i kompaktowego kszta\u0142tu ergometru ca\u0142y modu\u0142 mechaniczno-elektryczny zosta\u0142 umocowany do ram i odpowiednio ukryty przy pomocy obudowy.<\/p>\n<p style=\"text-align: justify;\">Projekt wymaga jeszcze opracowania dedykowanej aplikacji pozwalaj\u0105cej wykorzysta\u0107 go nie tylko jako element treningu, ale te\u017c jako urz\u0105dzenie edukacyjne mog\u0105ce mierzy\u0107 moment magnetyczny, pr\u0119dko\u015b\u0107 obrotow\u0105, stopie\u0144 na\u0142adowania akumulator\u00f3w oraz inne parametry.<\/p>\n<p><img loading=\"lazy\" decoding=\"async\" class=\"alignnone size-full wp-image-348\" src=\"http:\/\/sknplomien.pwr.edu.pl\/wp-content\/uploads\/projekty\/ergometr\/ergo.jpg\" alt=\"\" width=\"4096\" height=\"3072\" \/><\/p>\n","protected":false},"excerpt":{"rendered":"<p>Realizowany we wsp\u00f3\u0142pracy z Technikum Elektrycznym z Lubania w ramach projektu regionalnego Zawodowy Dolny \u015al\u0105sk. Naszym celem by\u0142a budowa maszyny zwracaj\u0105cej uwag\u0119, b\u0119d\u0105c\u0105 reklam\u0105 na wszelkich studenckich wydarzeniach i wystawach. Bior\u0105c pod uwag\u0119 wsp\u00f3\u0142czesn\u0105 mod\u0119 na zdrowy i aktywny tryb &hellip; <a href=\"https:\/\/sknplomien.pwr.edu.pl\/index.php\/projekty\/ergometr\/\">Continued<\/a><\/p>\n","protected":false},"author":1,"featured_media":0,"parent":15,"menu_order":0,"comment_status":"closed","ping_status":"closed","template":"","meta":{"footnotes":""},"_links":{"self":[{"href":"https:\/\/sknplomien.pwr.edu.pl\/index.php\/wp-json\/wp\/v2\/pages\/320"}],"collection":[{"href":"https:\/\/sknplomien.pwr.edu.pl\/index.php\/wp-json\/wp\/v2\/pages"}],"about":[{"href":"https:\/\/sknplomien.pwr.edu.pl\/index.php\/wp-json\/wp\/v2\/types\/page"}],"author":[{"embeddable":true,"href":"https:\/\/sknplomien.pwr.edu.pl\/index.php\/wp-json\/wp\/v2\/users\/1"}],"replies":[{"embeddable":true,"href":"https:\/\/sknplomien.pwr.edu.pl\/index.php\/wp-json\/wp\/v2\/comments?post=320"}],"version-history":[{"count":3,"href":"https:\/\/sknplomien.pwr.edu.pl\/index.php\/wp-json\/wp\/v2\/pages\/320\/revisions"}],"predecessor-version":[{"id":360,"href":"https:\/\/sknplomien.pwr.edu.pl\/index.php\/wp-json\/wp\/v2\/pages\/320\/revisions\/360"}],"up":[{"embeddable":true,"href":"https:\/\/sknplomien.pwr.edu.pl\/index.php\/wp-json\/wp\/v2\/pages\/15"}],"wp:attachment":[{"href":"https:\/\/sknplomien.pwr.edu.pl\/index.php\/wp-json\/wp\/v2\/media?parent=320"}],"curies":[{"name":"wp","href":"https:\/\/api.w.org\/{rel}","templated":true}]}}