{"id":323,"date":"2018-02-27T22:35:47","date_gmt":"2018-02-27T22:35:47","guid":{"rendered":"http:\/\/sknplomien.pwr.edu.pl\/?page_id=323"},"modified":"2018-03-01T13:23:45","modified_gmt":"2018-03-01T13:23:45","slug":"statut","status":"publish","type":"page","link":"https:\/\/sknplomien.pwr.edu.pl\/index.php\/o-nas\/statut\/","title":{"rendered":"Statut"},"content":{"rendered":"<p>Poni\u017cej zamieszczamy do wgl\u0105du statut naszego ko\u0142a:<\/p>\n<p><a href=\"http:\/\/sknplomien.pwr.edu.pl\/wp-content\/uploads\/Statut%20(1).pdf\">Statut<\/a><\/p>\n","protected":false},"excerpt":{"rendered":"<p>Poni\u017cej zamieszczamy do wgl\u0105du statut naszego ko\u0142a: Statut<\/p>\n","protected":false},"author":1,"featured_media":0,"parent":23,"menu_order":0,"comment_status":"closed","ping_status":"closed","template":"","meta":{"footnotes":""},"_links":{"self":[{"href":"https:\/\/sknplomien.pwr.edu.pl\/index.php\/wp-json\/wp\/v2\/pages\/323"}],"collection":[{"href":"https:\/\/sknplomien.pwr.edu.pl\/index.php\/wp-json\/wp\/v2\/pages"}],"about":[{"href":"https:\/\/sknplomien.pwr.edu.pl\/index.php\/wp-json\/wp\/v2\/types\/page"}],"author":[{"embeddable":true,"href":"https:\/\/sknplomien.pwr.edu.pl\/index.php\/wp-json\/wp\/v2\/users\/1"}],"replies":[{"embeddable":true,"href":"https:\/\/sknplomien.pwr.edu.pl\/index.php\/wp-json\/wp\/v2\/comments?post=323"}],"version-history":[{"count":3,"href":"https:\/\/sknplomien.pwr.edu.pl\/index.php\/wp-json\/wp\/v2\/pages\/323\/revisions"}],"predecessor-version":[{"id":333,"href":"https:\/\/sknplomien.pwr.edu.pl\/index.php\/wp-json\/wp\/v2\/pages\/323\/revisions\/333"}],"up":[{"embeddable":true,"href":"https:\/\/sknplomien.pwr.edu.pl\/index.php\/wp-json\/wp\/v2\/pages\/23"}],"wp:attachment":[{"href":"https:\/\/sknplomien.pwr.edu.pl\/index.php\/wp-json\/wp\/v2\/media?parent=323"}],"curies":[{"name":"wp","href":"https:\/\/api.w.org\/{rel}","templated":true}]}}