{"id":336,"date":"2018-03-02T14:05:38","date_gmt":"2018-03-02T14:05:38","guid":{"rendered":"http:\/\/sknplomien.pwr.edu.pl\/?page_id=336"},"modified":"2025-03-27T21:15:15","modified_gmt":"2025-03-27T21:15:15","slug":"zarzad","status":"publish","type":"page","link":"https:\/\/sknplomien.pwr.edu.pl\/index.php\/o-nas\/zarzad\/","title":{"rendered":"Zarz\u0105d"},"content":{"rendered":"<p>Opiekun SKN \u201eP\u0142omie\u0144\u201d \u2013 dr in\u017c. Przemys\u0142aw Szulc<\/p>\n<p>Prezes Zarz\u0105du &#8211; Miko\u0142aj Adamek<\/p>\n<p>Wiceprezes Zarz\u0105du \u2013 Jan Frania<\/p>\n<p>Przewodnicz\u0105ca do spraw Projekt\u00f3w Naukowych \u2013 Jakub Karwan<\/p>\n<p>Przewodnicz\u0105cy do spraw Finansowych i Organizacyjnych \u2013 Wojciech Azarkiewicz<\/p>\n","protected":false},"excerpt":{"rendered":"<p>Opiekun SKN \u201eP\u0142omie\u0144\u201d \u2013 dr in\u017c. Przemys\u0142aw Szulc Prezes Zarz\u0105du &#8211; Miko\u0142aj Adamek Wiceprezes Zarz\u0105du \u2013 Jan Frania Przewodnicz\u0105ca do spraw Projekt\u00f3w Naukowych \u2013 Jakub Karwan Przewodnicz\u0105cy do spraw Finansowych i Organizacyjnych \u2013 Wojciech Azarkiewicz<\/p>\n","protected":false},"author":1,"featured_media":0,"parent":23,"menu_order":0,"comment_status":"closed","ping_status":"closed","template":"","meta":{"footnotes":""},"_links":{"self":[{"href":"https:\/\/sknplomien.pwr.edu.pl\/index.php\/wp-json\/wp\/v2\/pages\/336"}],"collection":[{"href":"https:\/\/sknplomien.pwr.edu.pl\/index.php\/wp-json\/wp\/v2\/pages"}],"about":[{"href":"https:\/\/sknplomien.pwr.edu.pl\/index.php\/wp-json\/wp\/v2\/types\/page"}],"author":[{"embeddable":true,"href":"https:\/\/sknplomien.pwr.edu.pl\/index.php\/wp-json\/wp\/v2\/users\/1"}],"replies":[{"embeddable":true,"href":"https:\/\/sknplomien.pwr.edu.pl\/index.php\/wp-json\/wp\/v2\/comments?post=336"}],"version-history":[{"count":10,"href":"https:\/\/sknplomien.pwr.edu.pl\/index.php\/wp-json\/wp\/v2\/pages\/336\/revisions"}],"predecessor-version":[{"id":966,"href":"https:\/\/sknplomien.pwr.edu.pl\/index.php\/wp-json\/wp\/v2\/pages\/336\/revisions\/966"}],"up":[{"embeddable":true,"href":"https:\/\/sknplomien.pwr.edu.pl\/index.php\/wp-json\/wp\/v2\/pages\/23"}],"wp:attachment":[{"href":"https:\/\/sknplomien.pwr.edu.pl\/index.php\/wp-json\/wp\/v2\/media?parent=336"}],"curies":[{"name":"wp","href":"https:\/\/api.w.org\/{rel}","templated":true}]}}