{"id":365,"date":"2018-03-05T18:29:42","date_gmt":"2018-03-05T18:29:42","guid":{"rendered":"http:\/\/sknplomien.pwr.edu.pl\/?page_id=365"},"modified":"2018-03-09T21:01:33","modified_gmt":"2018-03-09T21:01:33","slug":"ogniwo-peltiera","status":"publish","type":"page","link":"https:\/\/sknplomien.pwr.edu.pl\/index.php\/projekty\/ogniwo-peltiera\/","title":{"rendered":"Ogniwo Peltiera"},"content":{"rendered":"<p>Pomys\u0142 zbudowania stanowiska, kt\u00f3re wykorzystuje ogniwa Peltiera do procesu wytwarzania energii elektrycznej zrodzi\u0142 w\u00a02014 roku. Firma Fortum Power and Heat Polska zwr\u00f3ci\u0142a si\u0119 do cz\u0142onk\u00f3w ko\u0142a z pro\u015bb\u0105 o stworzenie propozycji rozwi\u0105zania problemu wykorzystania ciep\u0142a odpadowego latem. Jedn\u0105 z\u00a0zaproponowanych opcji by\u0142o zastosowanie ogniw Peltiera.<\/p>\n<p style=\"text-align: justify;\">Modu\u0142 Peltiera zwany tak\u017ce ogniwem Peltiera jest urz\u0105dzeniem elektrycznym, kt\u00f3re wykorzystuje efekt Peltiera do zrealizowania funkcji ch\u0142odzenia. Zjawisko Peltiera jest jednym ze zjawisk termoelektrycznych wyst\u0119puj\u0105cych w cia\u0142ach sta\u0142ych i\u00a0polega na wydzielaniu lub poch\u0142anianiu ciep\u0142a, w zale\u017cno\u015bci od kierunku przep\u0142ywu pr\u0105du, na granicy dw\u00f3ch r\u00f3\u017cnych, po\u0142\u0105czonych ze sob\u0105 przewodnik\u00f3w przy przy\u0142o\u017ceniu do nich r\u00f3\u017cnicy potencja\u0142\u00f3w. Na skutek dzia\u0142ania pr\u0105du elektrycznego energia poch\u0142aniana przez jedno z\u0142\u0105cze jest nast\u0119pnie wydzielana przez drugie, w\u00a0wyniku czego nast\u0119puj\u0105 ogrzanie jednego przewodnika i och\u0142odzenie drugiego, co w efekcie powoduje powstanie r\u00f3\u017cnicy temperatur pomi\u0119dzy nimi.<\/p>\n<p style=\"text-align: justify;\">Na pocz\u0105tku 2015 roku powsta\u0142a pierwsza wersja stanowiska badawczego, kt\u00f3ra rok p\u00f3\u017aniej zosta\u0142a rozwini\u0119ta na cele przeprowadzenia bada\u0144 do pracy magisterskiej pt. \u201eBadania eksperymentalne procesu wytwarzania energii elektrycznej przy u\u017cyciu ogniw Peltiera\u201d Moniki \u017burawskiej, gdzie ogniwa nie zosta\u0142y u\u017cyte do standardowego zastosowania (uzyskania r\u00f3\u017cnicy temperatur po przy\u0142o\u017ceniu r\u00f3\u017cnicy potencja\u0142\u00f3w), lecz do procesu konwersji energii cieplnej w\u00a0energi\u0119 elektryczn\u0105. Ogromny wk\u0142ad w modernizacj\u0119 poza cz\u0142onkami naszego ko\u0142a mieli r\u00f3wnie\u017c pracownicy Katedry Termodynamiki, Teorii Maszyn i Urz\u0105dze\u0144 Cieplnych \u2013 in\u017c. Zenon Dwojak oraz Aleksander Krzywdzi\u0144ski.<\/p>\n<p style=\"text-align: justify;\">The idea of building a stand that uses Peltier&#8217;s Module to generate electricity was born among the members of our research group in 2014, in cooperation with Fortum Power and Heat Polska. Fortum turned to the members of the group with a request to create a proposal to solve the problem of using waste heat in the summer. One of the proposed options was the use of Peltier cells..<\/p>\n<p style=\"text-align: justify;\">At the beginning of 2015, the first version of the research stand was created, which a year later was developed for the purpose of conducting research for the master&#8217;s thesis entitled &#8220;Experimental research on the process of generating electric energy using Peltier cells&#8221; by Monika \u017burawska. Where the cells have not been used for the standard application (achieving a temperature difference after applying the potential difference), but for the process of converting thermal energy into electricity. The employees of the Department of Thermodynamics, Theory of Machines and Thermal Devices &#8211; Eng. Zenon Dwojak and Aleksander Krzywdzi\u0144ski.<\/p>\n<p style=\"text-align: justify;\">The Peltier module, also called the Peltier cell, is an electrical device that uses the Peltier effect to perform the cooling function. The Peltier phenomenon is one of the thermoelectric phenomena occurring in solid bodies and consists in the separation or absorption of heat, depending on the direction of current flow, at the boundary of two different, connected conductors with the potential difference being applied to them. As a result of the electric current, the energy absorbed by one connector is then separated by the other, resulting in heating one conductor and cooling the other, which in turn results in a temperature difference between them.<\/p>\n<div id=\"kad-wp-gallery88\" class=\"kad-wp-gallery kad-light-wp-gallery clearfix kt-gallery-column-1 rowtight\"><div class=\"tcol-lg-12 tcol-md-12 tcol-sm-12 tcol-xs-12 tcol-ss-12 g_item\"><div class=\"grid_item kad_gallery_fade_in gallery_item\"><a href=\"https:\/\/sknplomien.pwr.edu.pl\/wp-content\/uploads\/projekty\/peltiery\/peltiery.png\" data-rel=\"lightbox\" class=\"lightboxhover\"><img loading=\"lazy\" decoding=\"async\" src=\"https:\/\/sknplomien.pwr.edu.pl\/wp-content\/uploads\/projekty\/peltiery\/peltiery.png\" width=\"960\" height=\"539\" alt=\"\"  class=\"light-dropshaddow\"\/><\/a><\/div><\/div><div class=\"tcol-lg-12 tcol-md-12 tcol-sm-12 tcol-xs-12 tcol-ss-12 g_item\"><div class=\"grid_item kad_gallery_fade_in gallery_item\"><a href=\"https:\/\/sknplomien.pwr.edu.pl\/wp-content\/uploads\/projekty\/peltiery\/peltiery1.jpg\" data-rel=\"lightbox\" class=\"lightboxhover\"><img loading=\"lazy\" decoding=\"async\" src=\"https:\/\/sknplomien.pwr.edu.pl\/wp-content\/uploads\/projekty\/peltiery\/peltiery1.jpg\" width=\"642\" height=\"960\" alt=\"\"  class=\"light-dropshaddow\"\/><\/a><\/div><\/div><\/div>\n","protected":false},"excerpt":{"rendered":"<p>Pomys\u0142 zbudowania stanowiska, kt\u00f3re wykorzystuje ogniwa Peltiera do procesu wytwarzania energii elektrycznej zrodzi\u0142 w\u00a02014 roku. Firma Fortum Power and Heat Polska zwr\u00f3ci\u0142a si\u0119 do cz\u0142onk\u00f3w ko\u0142a z pro\u015bb\u0105 o stworzenie propozycji rozwi\u0105zania problemu wykorzystania ciep\u0142a odpadowego latem. Jedn\u0105 z\u00a0zaproponowanych opcji &hellip; <a href=\"https:\/\/sknplomien.pwr.edu.pl\/index.php\/projekty\/ogniwo-peltiera\/\">Continued<\/a><\/p>\n","protected":false},"author":1,"featured_media":0,"parent":15,"menu_order":0,"comment_status":"closed","ping_status":"closed","template":"","meta":{"footnotes":""},"_links":{"self":[{"href":"https:\/\/sknplomien.pwr.edu.pl\/index.php\/wp-json\/wp\/v2\/pages\/365"}],"collection":[{"href":"https:\/\/sknplomien.pwr.edu.pl\/index.php\/wp-json\/wp\/v2\/pages"}],"about":[{"href":"https:\/\/sknplomien.pwr.edu.pl\/index.php\/wp-json\/wp\/v2\/types\/page"}],"author":[{"embeddable":true,"href":"https:\/\/sknplomien.pwr.edu.pl\/index.php\/wp-json\/wp\/v2\/users\/1"}],"replies":[{"embeddable":true,"href":"https:\/\/sknplomien.pwr.edu.pl\/index.php\/wp-json\/wp\/v2\/comments?post=365"}],"version-history":[{"count":3,"href":"https:\/\/sknplomien.pwr.edu.pl\/index.php\/wp-json\/wp\/v2\/pages\/365\/revisions"}],"predecessor-version":[{"id":417,"href":"https:\/\/sknplomien.pwr.edu.pl\/index.php\/wp-json\/wp\/v2\/pages\/365\/revisions\/417"}],"up":[{"embeddable":true,"href":"https:\/\/sknplomien.pwr.edu.pl\/index.php\/wp-json\/wp\/v2\/pages\/15"}],"wp:attachment":[{"href":"https:\/\/sknplomien.pwr.edu.pl\/index.php\/wp-json\/wp\/v2\/media?parent=365"}],"curies":[{"name":"wp","href":"https:\/\/api.w.org\/{rel}","templated":true}]}}