{"id":399,"date":"2018-03-07T13:04:39","date_gmt":"2018-03-07T13:04:39","guid":{"rendered":"http:\/\/sknplomien.pwr.edu.pl\/?page_id=399"},"modified":"2022-10-29T07:44:00","modified_gmt":"2022-10-29T07:44:00","slug":"elektrownia-wodna","status":"publish","type":"page","link":"https:\/\/sknplomien.pwr.edu.pl\/index.php\/wyjazdy\/elektrownia-wodna\/","title":{"rendered":"Elektrownia wodna"},"content":{"rendered":"<p style=\"text-align: justify;\">W czerwcu 2017 roku SKN \u201eP\u0142omie\u0144\u201d przy wsp\u00f3\u0142pracy z TAURON Ekoenergia zorganizowa\u0142o wycieczk\u0119 edukacyjn\u0105 do Zesp\u00f3\u0142u Wroc\u0142awskich Elektrowni Wodnych sk\u0142adaj\u0105cych si\u0119 z elektrowni: Wroc\u0142aw I oraz Wroc\u0142aw II. W wycieczce udzia\u0142 wzi\u0119li zainteresowani tematyk\u0105 energetyki wodnej cz\u0142onkowie naszego ko\u0142a naukowego oraz studenci Wydzia\u0142u Mechaniczno-Energetycznego o specjalizacji Odnawialne \u0179r\u00f3d\u0142a Energii. Przewodnikiem, oprowadzaj\u0105cym nas po obiekcie by\u0142 kierownik elektrowni, pan Marek Czornik. W trakcie trwania wycieczki pan Marek przedstawi\u0142 studentom zarys historyczny obiektu, podstawowe zasady dzia\u0142ania elektrowni, jak r\u00f3wnie\u017c om\u00f3wi\u0142 oraz zaprezentowa\u0142 zasad\u0119 dzia\u0142ania funkcjonuj\u0105cych w elektrowniach turbin Kaplana.<\/p>\n<p style=\"text-align: justify;\">In June 2017 SKN &#8220;P\u0142omie\u0144&#8221; in cooperation with TAURON Ekoenergia organized an educational trip to the group of Wroclaw water power plants consisting of hydroelectric power plants Wroc\u0142aw I and Wroclaw II. The trip was attended by members of our scientific circle interested in the subject of hydropower, as well as students of the Faculty of Mechanical and Power engineering specializing in Renewable Energy Sources. The guide, guiding us around the facility, was the power plant manager, Mr. Marek Czornik. During the trip, Mr. Marek presented the students with a historical outline of the object, the basic principles of functioning of the power plant, as well as discussed and presented the principle of functioning of the Kaplan turbines operating in the power plants.<\/p>\n<p style=\"text-align: justify;\"><img loading=\"lazy\" decoding=\"async\" class=\"alignnone size-full wp-image-402\" src=\"http:\/\/sknplomien.pwr.edu.pl\/wp-content\/uploads\/wyjazdy\/el.wodna.jpg\" alt=\"\" width=\"1381\" height=\"1036\" \/><\/p>\n","protected":false},"excerpt":{"rendered":"<p>W czerwcu 2017 roku SKN \u201eP\u0142omie\u0144\u201d przy wsp\u00f3\u0142pracy z TAURON Ekoenergia zorganizowa\u0142o wycieczk\u0119 edukacyjn\u0105 do Zesp\u00f3\u0142u Wroc\u0142awskich Elektrowni Wodnych sk\u0142adaj\u0105cych si\u0119 z elektrowni: Wroc\u0142aw I oraz Wroc\u0142aw II. W wycieczce udzia\u0142 wzi\u0119li zainteresowani tematyk\u0105 energetyki wodnej cz\u0142onkowie naszego ko\u0142a naukowego &hellip; <a href=\"https:\/\/sknplomien.pwr.edu.pl\/index.php\/wyjazdy\/elektrownia-wodna\/\">Continued<\/a><\/p>\n","protected":false},"author":1,"featured_media":0,"parent":179,"menu_order":0,"comment_status":"closed","ping_status":"closed","template":"","meta":{"footnotes":""},"_links":{"self":[{"href":"https:\/\/sknplomien.pwr.edu.pl\/index.php\/wp-json\/wp\/v2\/pages\/399"}],"collection":[{"href":"https:\/\/sknplomien.pwr.edu.pl\/index.php\/wp-json\/wp\/v2\/pages"}],"about":[{"href":"https:\/\/sknplomien.pwr.edu.pl\/index.php\/wp-json\/wp\/v2\/types\/page"}],"author":[{"embeddable":true,"href":"https:\/\/sknplomien.pwr.edu.pl\/index.php\/wp-json\/wp\/v2\/users\/1"}],"replies":[{"embeddable":true,"href":"https:\/\/sknplomien.pwr.edu.pl\/index.php\/wp-json\/wp\/v2\/comments?post=399"}],"version-history":[{"count":4,"href":"https:\/\/sknplomien.pwr.edu.pl\/index.php\/wp-json\/wp\/v2\/pages\/399\/revisions"}],"predecessor-version":[{"id":594,"href":"https:\/\/sknplomien.pwr.edu.pl\/index.php\/wp-json\/wp\/v2\/pages\/399\/revisions\/594"}],"up":[{"embeddable":true,"href":"https:\/\/sknplomien.pwr.edu.pl\/index.php\/wp-json\/wp\/v2\/pages\/179"}],"wp:attachment":[{"href":"https:\/\/sknplomien.pwr.edu.pl\/index.php\/wp-json\/wp\/v2\/media?parent=399"}],"curies":[{"name":"wp","href":"https:\/\/api.w.org\/{rel}","templated":true}]}}