{"id":407,"date":"2018-03-09T20:43:09","date_gmt":"2018-03-09T20:43:09","guid":{"rendered":"http:\/\/sknplomien.pwr.edu.pl\/?page_id=407"},"modified":"2018-03-09T20:53:52","modified_gmt":"2018-03-09T20:53:52","slug":"ekocentrum","status":"publish","type":"page","link":"https:\/\/sknplomien.pwr.edu.pl\/index.php\/projekty\/ekocentrum\/","title":{"rendered":"EkoCentrum"},"content":{"rendered":"<p style=\"text-align: justify;\">W 2016 roku, Studenckie Ko\u0142o Naukowe P\u0142omie\u0144 rozpocz\u0119\u0142o wsp\u00f3\u0142prac\u0119 z EkoCentrum Wroc\u0142aw w zakresie promowania ekologicznych instalacji. Owocem wsp\u00f3\u0142pracy by\u0142o stworzenie systemu nawadniania kropelkowego, kt\u00f3ry wykorzystywa\u0142 wod\u0119 deszczow\u0105 do podlewania ro\u015blin. Grupa projektowa w sk\u0142adzie: Dominik Bielecki, Eliasz Paw\u0142owicz oraz Grzegorz Pietrzak przyst\u0105pi\u0142a do realizacji zadania w lutym. Wsparcie przy wykonaniu instalacji zaoferowa\u0142a firma Solisa Jakub Szymanowicz.<\/p>\n<p style=\"text-align: justify;\">Zbiornik na deszcz\u00f3wk\u0119 to zbiornik o pojemno\u015bci 2m<sup>3<\/sup>. Z tego zbiornika nale\u017cy przepompowa\u0107 deszcz\u00f3wk\u0119 do odleg\u0142ej o 15m palety na kt\u00f3rej umieszczony zosta\u0142 w\u0105\u017c kropluj\u0105cy o d\u0142ugo\u015bci 25m. Kluczowym elementem uk\u0142adu jest pompa firmy Foton, na napi\u0119cie sta\u0142e 12V, 25W. Przep\u0142yw maksymalny pompy to 3,15 l\/min. Maksymalne ci\u015bnienie kt\u00f3re mo\u017cna uzyska\u0107 na pompie to 6,12bar.\u00a0 Pompa zasilana jest energi\u0105 elektryczn\u0105 pochodz\u0105c\u0105 z panelu fotowoltaicznego firmy BLD Solar Technology o mocy 250Wp, i wymiarach 1640x992x40 mm. Sprawno\u015b\u0107 ogniwa to 17,5%. \u00a0Akumulacja energii odbywa si\u0119\u00a0 w akumulatorze 9Ah. Pr\u0105d w uk\u0142adzie rozdzielany jest na regulatorze \u0142adowania CMTP02 Podlewanie ro\u015blin realizowane jest przez w\u0105\u017c kropluj\u0105cy.<\/p>\n<p style=\"text-align: justify;\">Na rynku mo\u017cna znale\u017a\u0107 wiele rozwi\u0105za\u0144 dotycz\u0105cych nawadniania kropelkowego. Ten rodzaj nawadniania cechuje si\u0119 racjonalnym wykorzystaniem zasob\u00f3w wody, co jest szczeg\u00f3lnie istotne je\u015bli chodzi o wod\u0119 deszczow\u0105, kt\u00f3rej ilo\u015b\u0107 jest ograniczona przez pojemno\u015b\u0107 zbiornika oraz warunki atmosferyczne. Wa\u017cn\u0105 cech\u0105 podlewania kropelkowego jest optymalne, systematyczne, punktowe podlewanie bez powodowania erozji gleby w postaci wyp\u0142ukiwania wody z donic, co by\u0142o problemem w poprzednim rozwi\u0105zaniu. Instalacja zosta\u0142a wykonana w Eko-Centrum Wroc\u0142aw, w kt\u00f3rym pracownicy ko\u0144cz\u0105 prac\u0119 gdy podlewanie niekoniecznie jest realizowane, dlatego automatyzacja procesu, kt\u00f3r\u0105 umo\u017cliwi\u0142o zastosowanie przeka\u017anik\u00f3w czasowych oraz stycznik\u00f3w jest niezwykle istotna. Te wszystkie zalety przyczyni\u0142y si\u0119 do rozwoju rynku w tym segmencie. Na przyk\u0142ad firma Gardena oferuje system Micro-Drip, jednak ze wzgl\u0119du na cen\u0119\u00a0 zestawu, pomys\u0142 ten\u00a0 zosta\u0142 odrzucony. Kolejnym rozwi\u0105zaniem jest ta\u015bma\/linia kropluj\u0105ca, kt\u00f3ra cechuje si\u0119 nisk\u0105 cen\u0105 oraz pewno\u015bci\u0105 ruchow\u0105. Zar\u00f3wno ta\u015bma, jak\u00a0 i linia nawodnieniowa maj\u0105 szerokie zastosowanie w\u00a0 uprawie\u00a0 owoc\u00f3w (truskawek, malin, bor\u00f3wki, jab\u0142ek,wi\u015bni itd) oraz w uprawie warzyw (ziemniak\u00f3w, og\u00f3rk\u00f3w, pomidor\u00f3w, szparag\u00f3w, fasolki, kalafiora itp.), ale r\u00f3wnie\u017c znakomicie nadaj\u0105 si\u0119 do nawodnienia drzewek ozdobnych. Jak wida\u0107, ta\u015bmy stosowane s\u0105 g\u0142\u00f3wnie w ogrodnictwie a ze wzgl\u0119du na to, i\u017c op\u0142acalno\u015b\u0107 tego rozwi\u0105zania ro\u015bnie wraz z d\u0142ugo\u015bci\u0105 ta\u015bmy w tym przypadku by\u0142oby to rozwi\u0105zanie kosztowne. Ze wzgl\u0119du na rozmiar zestaw\u00f3w dost\u0119pnych na rynku, zastosowanie t\u0105smy wi\u0105za\u0142oby si\u0119 z du\u017cym niewykorzystaniem materia\u0142\u00f3w, co przy ograniczonym bud\u017cecie na wykonanie instalacji by\u0142oby nieuzasadnione. Po analizie rynku, zdecydowano si\u0119 na lini\u0119 porowat\u0105 wytwarzan\u0105 z recyklingu. Linia taka zu\u017cywa o 70% mniej wody ni\u017c tradycyjne metody podlewania. Mo\u017cna jej u\u017cywa\u0107 zar\u00f3wno na powierzchni ziemi jak i pod ni\u0105. Pod powierzchni\u0105 ziemi, zu\u017cycie wody jest o 25% ni\u017csze ni\u017c w przypadku gdy w\u0105\u017c biegnie na powierzchni ziemi. Do tego estetyka takiego rozwi\u0105zania jest zdecydowanie wy\u017csza gdy\u017c w\u0119\u017ca zwyczajnie nie wida\u0107.Kolejnym argumentem przemawiaj\u0105cym za u\u017cyciem w\u0119\u017ca \u201epoc\u0105cego si\u0119\u201d jest fakt, i\u017c pracuje on przy ci\u015bnieniach ni\u017cszych ni\u017c pozosta\u0142e metody nawadniania (w tym nawadniania kropelkowego), co w przypadku pompy membranowej niewielkiej mocy, jaka zosta\u0142a u\u017cyta w tym rozwi\u0105zaniu wydaje si\u0119 by\u0107 rozs\u0105dne. Eko-Centrum Wroc\u0142aw to centrum edukacji ekologicznej tak\u017ce zastosowanie w\u0119\u017ca produkowanego z opon poddanych recyklingowi zosta\u0142o odebrane szczeg\u00f3lnie pozytywnie, co pokazuje, \u017ce mo\u017cna skutecznie przekszta\u0142ca\u0107 odpady z korzy\u015bci\u0105 dla \u015brodowiska.<\/p>\n<div id=\"kad-wp-gallery17\" class=\"kad-wp-gallery kad-light-wp-gallery clearfix kt-gallery-column-3 rowtight\"><div class=\"tcol-lg-4 tcol-md-4 tcol-sm-4 tcol-xs-6 tcol-ss-12 g_item\"><div class=\"grid_item kad_gallery_fade_in gallery_item\"><a href=\"https:\/\/sknplomien.pwr.edu.pl\/wp-content\/uploads\/projekty\/ekocentrum\/ekocentrum.jpg\" data-rel=\"lightbox\" class=\"lightboxhover\"><img loading=\"lazy\" decoding=\"async\" src=\"https:\/\/sknplomien.pwr.edu.pl\/wp-content\/uploads\/projekty\/ekocentrum\/ekocentrum-400x400.jpg\" width=\"400\" height=\"400\" alt=\"\"  class=\"light-dropshaddow\"\/><\/a><\/div><\/div><div class=\"tcol-lg-4 tcol-md-4 tcol-sm-4 tcol-xs-6 tcol-ss-12 g_item\"><div class=\"grid_item kad_gallery_fade_in gallery_item\"><a href=\"https:\/\/sknplomien.pwr.edu.pl\/wp-content\/uploads\/projekty\/ekocentrum\/ekocentrum2.jpg\" data-rel=\"lightbox\" class=\"lightboxhover\"><img loading=\"lazy\" decoding=\"async\" src=\"https:\/\/sknplomien.pwr.edu.pl\/wp-content\/uploads\/projekty\/ekocentrum\/ekocentrum2-400x400.jpg\" width=\"400\" height=\"400\" alt=\"\"  class=\"light-dropshaddow\"\/><\/a><\/div><\/div><div class=\"tcol-lg-4 tcol-md-4 tcol-sm-4 tcol-xs-6 tcol-ss-12 g_item\"><div class=\"grid_item kad_gallery_fade_in gallery_item\"><a href=\"https:\/\/sknplomien.pwr.edu.pl\/wp-content\/uploads\/projekty\/ekocentrum\/ekocentrum1.jpg\" data-rel=\"lightbox\" class=\"lightboxhover\"><img loading=\"lazy\" decoding=\"async\" src=\"https:\/\/sknplomien.pwr.edu.pl\/wp-content\/uploads\/projekty\/ekocentrum\/ekocentrum1-400x400.jpg\" width=\"400\" height=\"400\" alt=\"\"  class=\"light-dropshaddow\"\/><\/a><\/div><\/div><\/div>\n<p style=\"text-align: justify;\">\n","protected":false},"excerpt":{"rendered":"<p>W 2016 roku, Studenckie Ko\u0142o Naukowe P\u0142omie\u0144 rozpocz\u0119\u0142o wsp\u00f3\u0142prac\u0119 z EkoCentrum Wroc\u0142aw w zakresie promowania ekologicznych instalacji. Owocem wsp\u00f3\u0142pracy by\u0142o stworzenie systemu nawadniania kropelkowego, kt\u00f3ry wykorzystywa\u0142 wod\u0119 deszczow\u0105 do podlewania ro\u015blin. Grupa projektowa w sk\u0142adzie: Dominik Bielecki, Eliasz Paw\u0142owicz oraz &hellip; <a href=\"https:\/\/sknplomien.pwr.edu.pl\/index.php\/projekty\/ekocentrum\/\">Continued<\/a><\/p>\n","protected":false},"author":1,"featured_media":0,"parent":15,"menu_order":0,"comment_status":"closed","ping_status":"closed","template":"","meta":{"footnotes":""},"_links":{"self":[{"href":"https:\/\/sknplomien.pwr.edu.pl\/index.php\/wp-json\/wp\/v2\/pages\/407"}],"collection":[{"href":"https:\/\/sknplomien.pwr.edu.pl\/index.php\/wp-json\/wp\/v2\/pages"}],"about":[{"href":"https:\/\/sknplomien.pwr.edu.pl\/index.php\/wp-json\/wp\/v2\/types\/page"}],"author":[{"embeddable":true,"href":"https:\/\/sknplomien.pwr.edu.pl\/index.php\/wp-json\/wp\/v2\/users\/1"}],"replies":[{"embeddable":true,"href":"https:\/\/sknplomien.pwr.edu.pl\/index.php\/wp-json\/wp\/v2\/comments?post=407"}],"version-history":[{"count":2,"href":"https:\/\/sknplomien.pwr.edu.pl\/index.php\/wp-json\/wp\/v2\/pages\/407\/revisions"}],"predecessor-version":[{"id":412,"href":"https:\/\/sknplomien.pwr.edu.pl\/index.php\/wp-json\/wp\/v2\/pages\/407\/revisions\/412"}],"up":[{"embeddable":true,"href":"https:\/\/sknplomien.pwr.edu.pl\/index.php\/wp-json\/wp\/v2\/pages\/15"}],"wp:attachment":[{"href":"https:\/\/sknplomien.pwr.edu.pl\/index.php\/wp-json\/wp\/v2\/media?parent=407"}],"curies":[{"name":"wp","href":"https:\/\/api.w.org\/{rel}","templated":true}]}}