{"id":512,"date":"2018-04-26T15:54:21","date_gmt":"2018-04-26T15:54:21","guid":{"rendered":"http:\/\/sknplomien.pwr.edu.pl\/?page_id=512"},"modified":"2018-04-26T16:13:29","modified_gmt":"2018-04-26T16:13:29","slug":"mikroturbina-gazowa","status":"publish","type":"page","link":"https:\/\/sknplomien.pwr.edu.pl\/index.php\/projekty\/mikroturbina-gazowa\/","title":{"rendered":"Mikroturbina gazowa"},"content":{"rendered":"<p style=\"text-align: justify;\">Bior\u0105c pod uwag\u0119 wzrost popularno\u015bci energetyki rozproszonej specjali\u015bci bran\u017cy energetycznej poszukuj\u0105 coraz wi\u0119cej wysokosprawnych a zarazem ekologicznych lokalnych \u017ar\u00f3de\u0142 wytwarzania energii zar\u00f3wno elektrycznej jak i cieplnej. W zwi\u0105zku z tym, w\u015br\u00f3d cz\u0142onk\u00f3w naszego ko\u0142a zrodzi\u0142 si\u0119 pomys\u0142 wykonania projektu mikroturbiny gazowej ma\u0142ej mocy do produkcji energii elektrycznej i cieplnej. Mikroturbiny maj\u0105 wiele zalet i daj\u0105 szereg korzy\u015bci, zw\u0142aszcza w energetyce rozproszonej. Kompaktowa budowa, niewielka liczba element\u00f3w ruchomych, ma\u0142e gabaryty i waga gwarantuj\u0105 \u0142atwo\u015b\u0107 w monta\u017cu i konserwacji. Jednocze\u015bnie bardzo niska emisja zanieczyszcze\u0144 i poziom ha\u0142asu zezwalaj\u0105 na ich wykorzystanie praktycznie w ka\u017cdym obiekcie.<\/p>\n<p style=\"text-align: justify;\">Ide\u0105 projektu jest stworzenie ma\u0142ego modu\u0142u kogeneracyjnego nap\u0119dzaj\u0105cego generator szybkoobrotowy. W celu produkcji energii cieplnej zdecydowano si\u0119 na zastosowanie w kanale wylotowym spalin, wymiennika rekuperacyjnego spaliny \u2013 powietrze. Podgrzane powietrze zostanie wykorzystane w wybranym w p\u00f3\u017aniejszym etapie projektu procesie technologicznym. G\u0142\u00f3wnym za\u0142o\u017ceniem projektowym jest skonstruowanie turbozespo\u0142u osi\u0105gaj\u0105cego moc do 10kW przy wykorzystaniu jednego stopnia spr\u0119\u017carki promieniowej, pier\u015bcieniowej komory spalania i jednego stopnia turbiny osiowej.<\/p>\n<p style=\"text-align: justify;\">W tej fazie realizacji projektu nie zosta\u0142o jeszcze jednoznacznie okre\u015blone, czy projekt zostanie wykorzystany do cel\u00f3w komercyjnych czy b\u0119dzie wykorzystany jako stanowisko badawcze. Projekt mikroturbiny gazowej to d\u0142ugoterminowy i z\u0142o\u017cony projekt. Jego planowany termin zako\u0144czenia to czerwiec 2019r.<img loading=\"lazy\" decoding=\"async\" class=\"alignnone size-full wp-image-514\" src=\"http:\/\/sknplomien.pwr.edu.pl\/wp-content\/uploads\/projekty\/gazowa\/gazowa.jpg\" alt=\"\" width=\"1531\" height=\"649\" \/><\/p>\n<h6 style=\"text-align: center;\"><em>\u0179r\u00f3d\u0142o grafiki:\u00a0https:\/\/esteq.co.za\/2016\/08\/31\/cfd-simulation-complex-rotor-equipment-using-floefd-part-iv-kj-66-micro-gas-turbine\/<\/em><\/h6>\n<p>&nbsp;<\/p>\n","protected":false},"excerpt":{"rendered":"<p>Bior\u0105c pod uwag\u0119 wzrost popularno\u015bci energetyki rozproszonej specjali\u015bci bran\u017cy energetycznej poszukuj\u0105 coraz wi\u0119cej wysokosprawnych a zarazem ekologicznych lokalnych \u017ar\u00f3de\u0142 wytwarzania energii zar\u00f3wno elektrycznej jak i cieplnej. W zwi\u0105zku z tym, w\u015br\u00f3d cz\u0142onk\u00f3w naszego ko\u0142a zrodzi\u0142 si\u0119 pomys\u0142 wykonania projektu mikroturbiny &hellip; <a href=\"https:\/\/sknplomien.pwr.edu.pl\/index.php\/projekty\/mikroturbina-gazowa\/\">Continued<\/a><\/p>\n","protected":false},"author":1,"featured_media":0,"parent":15,"menu_order":0,"comment_status":"closed","ping_status":"closed","template":"","meta":{"footnotes":""},"_links":{"self":[{"href":"https:\/\/sknplomien.pwr.edu.pl\/index.php\/wp-json\/wp\/v2\/pages\/512"}],"collection":[{"href":"https:\/\/sknplomien.pwr.edu.pl\/index.php\/wp-json\/wp\/v2\/pages"}],"about":[{"href":"https:\/\/sknplomien.pwr.edu.pl\/index.php\/wp-json\/wp\/v2\/types\/page"}],"author":[{"embeddable":true,"href":"https:\/\/sknplomien.pwr.edu.pl\/index.php\/wp-json\/wp\/v2\/users\/1"}],"replies":[{"embeddable":true,"href":"https:\/\/sknplomien.pwr.edu.pl\/index.php\/wp-json\/wp\/v2\/comments?post=512"}],"version-history":[{"count":4,"href":"https:\/\/sknplomien.pwr.edu.pl\/index.php\/wp-json\/wp\/v2\/pages\/512\/revisions"}],"predecessor-version":[{"id":518,"href":"https:\/\/sknplomien.pwr.edu.pl\/index.php\/wp-json\/wp\/v2\/pages\/512\/revisions\/518"}],"up":[{"embeddable":true,"href":"https:\/\/sknplomien.pwr.edu.pl\/index.php\/wp-json\/wp\/v2\/pages\/15"}],"wp:attachment":[{"href":"https:\/\/sknplomien.pwr.edu.pl\/index.php\/wp-json\/wp\/v2\/media?parent=512"}],"curies":[{"name":"wp","href":"https:\/\/api.w.org\/{rel}","templated":true}]}}