{"id":531,"date":"2018-11-05T14:57:31","date_gmt":"2018-11-05T14:57:31","guid":{"rendered":"http:\/\/sknplomien.pwr.edu.pl\/?page_id=531"},"modified":"2022-11-07T12:03:12","modified_gmt":"2022-11-07T12:03:12","slug":"dron-z-kamera-termowizyjna","status":"publish","type":"page","link":"https:\/\/sknplomien.pwr.edu.pl\/index.php\/projekty\/dron-z-kamera-termowizyjna\/","title":{"rendered":"Dron z kamer\u0105 termowizyjn\u0105"},"content":{"rendered":"<p style=\"text-align: justify;\">Tegoroczna edycja projektu \u201eZawodowy Dolny \u015al\u0105sk\u201d pozwoli\u0142a nam\u00a0na wsp\u00f3\u0142prac\u0119 z grup\u0105 uczni\u00f3w z technikum, gdzie jedn\u0105 ze specjalizacji jest nauka programowania. Po\u0142\u0105czenie praktycznych umiej\u0119tno\u015bci i zdolno\u015bci programowania pozwoli\u0142y razem z naszymi kolegami z technikum stworzy\u0107 projekt drona. Urz\u0105dzenia te sta\u0142y si\u0119 popularne w ostatnim czasie, a w po\u0142\u0105czeniu z naszymi zainteresowaniami mo\u017cemy je wykorzysta\u0107 w wielu ciekawych do\u015bwiadczeniach. Tym razem po wsp\u00f3lnych naradach zdecydowali\u015bmy si\u0119 zaprojektowa\u0107 dwa modu\u0142y pozwalaj\u0105ce na rozszerzenie funkcjonalno\u015bci drona. Wykorzystuj\u0105c umiej\u0119tno\u015bci uczni\u00f3w powsta\u0142a stacja do pomiaru parametr\u00f3w powietrza: temperatura, wilgotno\u015b\u0107, zanieczyszczenia. Zosta\u0142a ona wykonana na bazie podzespo\u0142\u00f3w Arduino. Drugim powsta\u0142ym elementem by\u0142 zdalnie sterowany uchwyt do kamery termowizyjnej. \u0141\u0105cz\u0105c nasze do\u015bwiadczenie z mechaniki oraz wiedz\u0119 o programowaniu grupy z technikum powsta\u0142o doskona\u0142e narz\u0119dzie zar\u00f3wno do nauki, przeprowadzania bada\u0144 jak i do pracy.<img loading=\"lazy\" decoding=\"async\" class=\"wp-image-533 aligncenter\" src=\"http:\/\/sknplomien.pwr.edu.pl\/wp-content\/uploads\/projekty\/dron\/dron1.jpg\" alt=\"\" width=\"509\" height=\"285\" srcset=\"https:\/\/sknplomien.pwr.edu.pl\/wp-content\/uploads\/projekty\/dron\/dron1.jpg 2048w, https:\/\/sknplomien.pwr.edu.pl\/wp-content\/uploads\/projekty\/dron\/dron1-300x168.jpg 300w, https:\/\/sknplomien.pwr.edu.pl\/wp-content\/uploads\/projekty\/dron\/dron1-768x431.jpg 768w, https:\/\/sknplomien.pwr.edu.pl\/wp-content\/uploads\/projekty\/dron\/dron1-1024x574.jpg 1024w\" sizes=\"(max-width: 509px) 100vw, 509px\" \/><\/p>\n","protected":false},"excerpt":{"rendered":"<p>Tegoroczna edycja projektu \u201eZawodowy Dolny \u015al\u0105sk\u201d pozwoli\u0142a nam\u00a0na wsp\u00f3\u0142prac\u0119 z grup\u0105 uczni\u00f3w z technikum, gdzie jedn\u0105 ze specjalizacji jest nauka programowania. Po\u0142\u0105czenie praktycznych umiej\u0119tno\u015bci i zdolno\u015bci programowania pozwoli\u0142y razem z naszymi kolegami z technikum stworzy\u0107 projekt drona. Urz\u0105dzenia te sta\u0142y &hellip; <a href=\"https:\/\/sknplomien.pwr.edu.pl\/index.php\/projekty\/dron-z-kamera-termowizyjna\/\">Continued<\/a><\/p>\n","protected":false},"author":1,"featured_media":0,"parent":15,"menu_order":0,"comment_status":"closed","ping_status":"closed","template":"","meta":{"footnotes":""},"_links":{"self":[{"href":"https:\/\/sknplomien.pwr.edu.pl\/index.php\/wp-json\/wp\/v2\/pages\/531"}],"collection":[{"href":"https:\/\/sknplomien.pwr.edu.pl\/index.php\/wp-json\/wp\/v2\/pages"}],"about":[{"href":"https:\/\/sknplomien.pwr.edu.pl\/index.php\/wp-json\/wp\/v2\/types\/page"}],"author":[{"embeddable":true,"href":"https:\/\/sknplomien.pwr.edu.pl\/index.php\/wp-json\/wp\/v2\/users\/1"}],"replies":[{"embeddable":true,"href":"https:\/\/sknplomien.pwr.edu.pl\/index.php\/wp-json\/wp\/v2\/comments?post=531"}],"version-history":[{"count":3,"href":"https:\/\/sknplomien.pwr.edu.pl\/index.php\/wp-json\/wp\/v2\/pages\/531\/revisions"}],"predecessor-version":[{"id":885,"href":"https:\/\/sknplomien.pwr.edu.pl\/index.php\/wp-json\/wp\/v2\/pages\/531\/revisions\/885"}],"up":[{"embeddable":true,"href":"https:\/\/sknplomien.pwr.edu.pl\/index.php\/wp-json\/wp\/v2\/pages\/15"}],"wp:attachment":[{"href":"https:\/\/sknplomien.pwr.edu.pl\/index.php\/wp-json\/wp\/v2\/media?parent=531"}],"curies":[{"name":"wp","href":"https:\/\/api.w.org\/{rel}","templated":true}]}}