{"id":536,"date":"2018-11-05T15:33:33","date_gmt":"2018-11-05T15:33:33","guid":{"rendered":"http:\/\/sknplomien.pwr.edu.pl\/?page_id=536"},"modified":"2022-10-29T11:43:13","modified_gmt":"2022-10-29T11:43:13","slug":"solar-boat","status":"publish","type":"page","link":"https:\/\/sknplomien.pwr.edu.pl\/index.php\/projekty\/solar-boat\/","title":{"rendered":"Solar Boat"},"content":{"rendered":"<p style=\"text-align: justify;\"><strong><span style=\"color: #000000; font-family: Calibri;\"><img loading=\"lazy\" decoding=\"async\" class=\"wp-image-563  alignright\" src=\"http:\/\/sknplomien.pwr.edu.pl\/wp-content\/uploads\/logo_solarboat-300x239.png\" alt=\"\" width=\"297\" height=\"236\" srcset=\"https:\/\/sknplomien.pwr.edu.pl\/wp-content\/uploads\/logo_solarboat-300x239.png 300w, https:\/\/sknplomien.pwr.edu.pl\/wp-content\/uploads\/logo_solarboat.png 635w\" sizes=\"(max-width: 297px) 100vw, 297px\" \/><\/span><br \/><\/strong><span style=\"color: #000000; font-family: Calibri;\">PWr Solar Boat to projekt zainicjowany przez SKN &#8220;P\u0142omie\u0144&#8221; wsp\u00f3lnie z Ko\u0142em Naukowym &#8220;Flow&#8221;. W zwi\u0105zku z rozwojem przedsi\u0119wzi\u0119cia 14 pa\u017adziernika 2019 r. oficjalnie utworzono odr\u0119bne ko\u0142o naukowe pod nazw\u0105 <a href=\"https:\/\/solarboat.pwr.edu.pl\/\">PWr Solar Boat Team<\/a>, kt\u00f3re obecnie zajmuje si\u0119 tym projektem. Najnowsze informacje odno\u015bnie PWr Solar Boat znajduj\u0105 si\u0119 na ich oficjalnym <a href=\"https:\/\/www.facebook.com\/PWrSolarBoatTeam\/?__tn__=K-R&amp;eid=ARBINIkXvqXT_1tRbY6MSgRlpwe4v_tioPbWYcsoAv88nEsdqe81F2vea5vrkpGhExD06RbeflFRg_2l&amp;fref=mentions\">Facebooku.<\/a><\/span><\/p>\n<p style=\"text-align: justify;\"><span style=\"color: #000000; font-family: Calibri;\">Projekt ma na celu budow\u0119 szybkiej i wydajnej \u0142odzi zasilanej panelami fotowoltaicznymi. Projektowana jednostka musi by\u0107 bezpieczna, ekologiczna oraz samowystarczalna energetycznie. W projekcie wykorzystywane s\u0105 narz\u0119dzia do analiz numerycznych dzi\u0119ki wsparciu <a href=\"https:\/\/symkom.pl\/ansys-academic-program-studenckie-kolo-naukowe-plomien\/\">ANSYS i Symkom<\/a>.\u00a0<\/span><\/p>\n<p>\u00a0<\/p>\n\n\n<p><\/p>\n","protected":false},"excerpt":{"rendered":"<p>PWr Solar Boat to projekt zainicjowany przez SKN &#8220;P\u0142omie\u0144&#8221; wsp\u00f3lnie z Ko\u0142em Naukowym &#8220;Flow&#8221;. W zwi\u0105zku z rozwojem przedsi\u0119wzi\u0119cia 14 pa\u017adziernika 2019 r. oficjalnie utworzono odr\u0119bne ko\u0142o naukowe pod nazw\u0105 PWr Solar Boat Team, kt\u00f3re obecnie zajmuje si\u0119 tym projektem. &hellip; <a href=\"https:\/\/sknplomien.pwr.edu.pl\/index.php\/projekty\/solar-boat\/\">Continued<\/a><\/p>\n","protected":false},"author":1,"featured_media":0,"parent":15,"menu_order":0,"comment_status":"closed","ping_status":"closed","template":"page-sidebar.php","meta":{"footnotes":""},"_links":{"self":[{"href":"https:\/\/sknplomien.pwr.edu.pl\/index.php\/wp-json\/wp\/v2\/pages\/536"}],"collection":[{"href":"https:\/\/sknplomien.pwr.edu.pl\/index.php\/wp-json\/wp\/v2\/pages"}],"about":[{"href":"https:\/\/sknplomien.pwr.edu.pl\/index.php\/wp-json\/wp\/v2\/types\/page"}],"author":[{"embeddable":true,"href":"https:\/\/sknplomien.pwr.edu.pl\/index.php\/wp-json\/wp\/v2\/users\/1"}],"replies":[{"embeddable":true,"href":"https:\/\/sknplomien.pwr.edu.pl\/index.php\/wp-json\/wp\/v2\/comments?post=536"}],"version-history":[{"count":57,"href":"https:\/\/sknplomien.pwr.edu.pl\/index.php\/wp-json\/wp\/v2\/pages\/536\/revisions"}],"predecessor-version":[{"id":799,"href":"https:\/\/sknplomien.pwr.edu.pl\/index.php\/wp-json\/wp\/v2\/pages\/536\/revisions\/799"}],"up":[{"embeddable":true,"href":"https:\/\/sknplomien.pwr.edu.pl\/index.php\/wp-json\/wp\/v2\/pages\/15"}],"wp:attachment":[{"href":"https:\/\/sknplomien.pwr.edu.pl\/index.php\/wp-json\/wp\/v2\/media?parent=536"}],"curies":[{"name":"wp","href":"https:\/\/api.w.org\/{rel}","templated":true}]}}