{"id":55,"date":"2018-01-11T22:04:19","date_gmt":"2018-01-11T22:04:19","guid":{"rendered":"http:\/\/sknplomien.pwr.edu.pl\/?page_id=55"},"modified":"2018-03-02T15:32:13","modified_gmt":"2018-03-02T15:32:13","slug":"analiza-wlasciwosci-konopii-siewnej","status":"publish","type":"page","link":"https:\/\/sknplomien.pwr.edu.pl\/index.php\/projekty\/analiza-wlasciwosci-konopii-siewnej\/","title":{"rendered":"Analiza w\u0142a\u015bciwo\u015bci konopii siewnej"},"content":{"rendered":"<p style=\"text-align: justify;\">Polska od najstarszych lat jest krajem, kt\u00f3rego gospodarka w du\u017cej mierze oparta jest o rolnictwo. Mamy wiele obszar\u00f3w, kt\u00f3re mo\u017cna zagospodarowa\u0107 rolnie. W ostatnim czasie konopie prze\u017cywaj\u0105 renesans. W naszym kraju ten rodzaj ro\u015blin u\u017cywany jest do produkcji artyku\u0142\u00f3w medycznych, spo\u017cywczych oraz budowlanych. Wpadli\u015bmy na pomys\u0142 \u017ceby sprawdzi\u0107 czy Cannabis Sativa L nadawa\u0107 b\u0119dzie si\u0119 do produkcji paliwa.<\/p>\n<p style=\"text-align: justify;\">Przeprowadzone do\u015bwiadczenia maj\u0105 na celu okre\u015blenie potencja\u0142u energetycznego Cannabis savita L i por\u00f3wnanie go z\u00a0 obecnie wykorzystywanymi typami biomasy w Polsce. W tym celu konieczne jest wyznaczenie podstawowych warto\u015bci zwi\u0105zanych ze spalaniem paliw. Badany materia\u0142 zawiera dwie frakcje, kt\u00f3re r\u00f3\u017cni\u0105 si\u0119 od siebie pod wzgl\u0119dem w\u0142a\u015bciwo\u015bci fizycznych oraz chemicznych.<\/p>\n<p style=\"text-align: justify;\">Do tej pory, na podstawie przeprowadzonych bada\u0144 wyznaczono zawarto\u015b\u0107 wilgoci w stanie analitycznym i przemijaj\u0105cej, popio\u0142u, na podstawie pozosta\u0142o\u015bci po spaleniu pr\u00f3bek oraz cz\u0119\u015bci lotnych, na podstawie pozosta\u0142o\u015bci po pirolizie. Dodatkowo za pomoc\u0105 termograwimetru otrzymano charakterystyki przedstawiaj\u0105ce w spos\u00f3b pogl\u0105dowy zawarto\u015b\u0107 danej frakcji lotnej w zale\u017cno\u015bci od temperatury. Wyznaczono tak\u017ce warto\u015b\u0107 ciep\u0142a spalania paliwa, wykorzystuj\u0105c bomb\u0119 kalorymetryczn\u0105. Wszystkie powy\u017csze do\u015bwiadczenia przeprowadzono dla dw\u00f3ch frakcji ro\u015bliny.<\/p>\n<p style=\"text-align: justify;\">Na kolejne etapy bada\u0144 zaplanowane analiz\u0119 elementarn\u0105 pr\u00f3bek w celu wyznaczenia zawarto\u015bci elementarnej ro\u015bliny. Otrzymane wyniki umo\u017cliwi\u0105 wyznaczenie warto\u015bci opa\u0142owej, jednego z najwa\u017cniejszych parametr\u00f3w paliwa. Nast\u0119pnie cz\u0119\u015b\u0107 badanego materia\u0142u zostanie poddana procesowi toryfikacji (termicznego uzdatniania biomasy w celach osi\u0105gni\u0119cia wi\u0119kszej krucho\u015bci paliwa), wykorzystuj\u0105c w tym celu piec obrotowy. Otrzymany toryfikat oraz niestoryfikowana cz\u0119\u015b\u0107 materia\u0142u zostanie nast\u0119pnie speletyzowana. W kolejnym kroku zaplanowane jest spalenie otrzymanych pelet\u00f3w w kotle oraz por\u00f3wnanie otrzymanych wynik\u00f3w dla materia\u0142u pierwotnego z materia\u0142em poddanym procesowi toryfikacji.<\/p>\n<div id=\"kad-wp-gallery25\" class=\"kad-wp-gallery kad-light-wp-gallery clearfix kt-gallery-column-4 rowtight\"><div class=\"tcol-lg-3 tcol-md-3 tcol-sm-4 tcol-xs-6 tcol-ss-12 g_item\"><div class=\"grid_item kad_gallery_fade_in gallery_item\"><a href=\"https:\/\/sknplomien.pwr.edu.pl\/wp-content\/uploads\/projekty\/konopie\/konopia.jpg\" data-rel=\"lightbox\" class=\"lightboxhover\"><img loading=\"lazy\" decoding=\"async\" src=\"https:\/\/sknplomien.pwr.edu.pl\/wp-content\/uploads\/projekty\/konopie\/konopia-300x300.jpg\" width=\"300\" height=\"300\" alt=\"\" srcset=\"https:\/\/sknplomien.pwr.edu.pl\/wp-content\/uploads\/projekty\/konopie\/konopia-300x300.jpg 300w, https:\/\/sknplomien.pwr.edu.pl\/wp-content\/uploads\/projekty\/konopie\/konopia-600x600.jpg 600w\" sizes=\"(max-width: 300px) 100vw, 300px\" class=\"light-dropshaddow\"\/><\/a><\/div><\/div><div class=\"tcol-lg-3 tcol-md-3 tcol-sm-4 tcol-xs-6 tcol-ss-12 g_item\"><div class=\"grid_item kad_gallery_fade_in gallery_item\"><a href=\"https:\/\/sknplomien.pwr.edu.pl\/wp-content\/uploads\/projekty\/konopie\/konopia1.jpg\" data-rel=\"lightbox\" class=\"lightboxhover\"><img loading=\"lazy\" decoding=\"async\" src=\"https:\/\/sknplomien.pwr.edu.pl\/wp-content\/uploads\/projekty\/konopie\/konopia1-300x300.jpg\" width=\"300\" height=\"300\" alt=\"\" srcset=\"https:\/\/sknplomien.pwr.edu.pl\/wp-content\/uploads\/projekty\/konopie\/konopia1-300x300.jpg 300w, https:\/\/sknplomien.pwr.edu.pl\/wp-content\/uploads\/projekty\/konopie\/konopia1-600x600.jpg 600w\" sizes=\"(max-width: 300px) 100vw, 300px\" class=\"light-dropshaddow\"\/><\/a><\/div><\/div><div class=\"tcol-lg-3 tcol-md-3 tcol-sm-4 tcol-xs-6 tcol-ss-12 g_item\"><div class=\"grid_item kad_gallery_fade_in gallery_item\"><a href=\"https:\/\/sknplomien.pwr.edu.pl\/wp-content\/uploads\/projekty\/konopie\/konopia3.jpg\" data-rel=\"lightbox\" class=\"lightboxhover\"><img loading=\"lazy\" decoding=\"async\" src=\"https:\/\/sknplomien.pwr.edu.pl\/wp-content\/uploads\/projekty\/konopie\/konopia3-300x300.jpg\" width=\"300\" height=\"300\" alt=\"\" srcset=\"https:\/\/sknplomien.pwr.edu.pl\/wp-content\/uploads\/projekty\/konopie\/konopia3-300x300.jpg 300w, https:\/\/sknplomien.pwr.edu.pl\/wp-content\/uploads\/projekty\/konopie\/konopia3-600x600.jpg 600w\" sizes=\"(max-width: 300px) 100vw, 300px\" class=\"light-dropshaddow\"\/><\/a><\/div><\/div><div class=\"tcol-lg-3 tcol-md-3 tcol-sm-4 tcol-xs-6 tcol-ss-12 g_item\"><div class=\"grid_item kad_gallery_fade_in gallery_item\"><a href=\"https:\/\/sknplomien.pwr.edu.pl\/wp-content\/uploads\/projekty\/konopie\/konopia2.jpg\" data-rel=\"lightbox\" class=\"lightboxhover\"><img loading=\"lazy\" decoding=\"async\" src=\"https:\/\/sknplomien.pwr.edu.pl\/wp-content\/uploads\/projekty\/konopie\/konopia2-300x300.jpg\" width=\"300\" height=\"300\" alt=\"\" srcset=\"https:\/\/sknplomien.pwr.edu.pl\/wp-content\/uploads\/projekty\/konopie\/konopia2-300x300.jpg 300w, https:\/\/sknplomien.pwr.edu.pl\/wp-content\/uploads\/projekty\/konopie\/konopia2-600x600.jpg 600w\" sizes=\"(max-width: 300px) 100vw, 300px\" class=\"light-dropshaddow\"\/><\/a><\/div><\/div><\/div>\n","protected":false},"excerpt":{"rendered":"<p>Polska od najstarszych lat jest krajem, kt\u00f3rego gospodarka w du\u017cej mierze oparta jest o rolnictwo. Mamy wiele obszar\u00f3w, kt\u00f3re mo\u017cna zagospodarowa\u0107 rolnie. W ostatnim czasie konopie prze\u017cywaj\u0105 renesans. W naszym kraju ten rodzaj ro\u015blin u\u017cywany jest do produkcji artyku\u0142\u00f3w medycznych, &hellip; <a href=\"https:\/\/sknplomien.pwr.edu.pl\/index.php\/projekty\/analiza-wlasciwosci-konopii-siewnej\/\">Continued<\/a><\/p>\n","protected":false},"author":1,"featured_media":0,"parent":15,"menu_order":0,"comment_status":"closed","ping_status":"closed","template":"","meta":{"footnotes":""},"_links":{"self":[{"href":"https:\/\/sknplomien.pwr.edu.pl\/index.php\/wp-json\/wp\/v2\/pages\/55"}],"collection":[{"href":"https:\/\/sknplomien.pwr.edu.pl\/index.php\/wp-json\/wp\/v2\/pages"}],"about":[{"href":"https:\/\/sknplomien.pwr.edu.pl\/index.php\/wp-json\/wp\/v2\/types\/page"}],"author":[{"embeddable":true,"href":"https:\/\/sknplomien.pwr.edu.pl\/index.php\/wp-json\/wp\/v2\/users\/1"}],"replies":[{"embeddable":true,"href":"https:\/\/sknplomien.pwr.edu.pl\/index.php\/wp-json\/wp\/v2\/comments?post=55"}],"version-history":[{"count":3,"href":"https:\/\/sknplomien.pwr.edu.pl\/index.php\/wp-json\/wp\/v2\/pages\/55\/revisions"}],"predecessor-version":[{"id":358,"href":"https:\/\/sknplomien.pwr.edu.pl\/index.php\/wp-json\/wp\/v2\/pages\/55\/revisions\/358"}],"up":[{"embeddable":true,"href":"https:\/\/sknplomien.pwr.edu.pl\/index.php\/wp-json\/wp\/v2\/pages\/15"}],"wp:attachment":[{"href":"https:\/\/sknplomien.pwr.edu.pl\/index.php\/wp-json\/wp\/v2\/media?parent=55"}],"curies":[{"name":"wp","href":"https:\/\/api.w.org\/{rel}","templated":true}]}}