{"id":62,"date":"2018-01-11T22:29:47","date_gmt":"2018-01-11T22:29:47","guid":{"rendered":"http:\/\/sknplomien.pwr.edu.pl\/?page_id=62"},"modified":"2018-03-02T15:17:05","modified_gmt":"2018-03-02T15:17:05","slug":"bezstykowy-przesyl-energii","status":"publish","type":"page","link":"https:\/\/sknplomien.pwr.edu.pl\/index.php\/projekty\/bezstykowy-przesyl-energii\/","title":{"rendered":"Bezstykowy przesy\u0142 energii"},"content":{"rendered":"<p><img loading=\"lazy\" decoding=\"async\" class=\"wp-image-335 alignright\" style=\"text-align: justify;\" src=\"http:\/\/sknplomien.pwr.edu.pl\/wp-content\/uploads\/bezstyk.png\" alt=\"\" width=\"461\" height=\"177\" \/><\/p>\n<p style=\"text-align: justify;\">Idea projektu polega na transferze energii pomi\u0119dzy obwodami RLC sprz\u0119\u017conymi magnetycznie za pomoc\u0105 cewek. Obwody takie, wykorzystuj\u0105c zjawisko rezonansu elektrycznego o wysokiej cz\u0119stotliwo\u015bci wykazuj\u0105 tendencj\u0119 do wymiany energii pomi\u0119dzy obwodami z wysok\u0105 sprawno\u015bci\u0105. Pozwala to obecnie na bezprzewodowe przesy\u0142anie energii elektrycznej na stosunkowo niewielkie odleg\u0142o\u015bci, jednak\u017ce najnowsze badania wykazuj\u0105 du\u017cy potencja\u0142 rozwoju tej technologii. Celem projektu jest zbudowanie stanowiska badawczego, dog\u0142\u0119bne poznanie zjawiska i\u00a0 parametr\u00f3w maj\u0105cych wp\u0142yw na sprawno\u015b\u0107 przesy\u0142u, implementacja do zastosowa\u0144 komercyjnych oraz badanie w\u0142asnych pomys\u0142\u00f3w umo\u017cliwiaj\u0105cych\u00a0 zwi\u0119kszenie sprawno\u015bci i zasi\u0119gu przesy\u0142ania.<\/p>\n<p>&nbsp;<\/p>\n<p>&nbsp;<\/p>\n","protected":false},"excerpt":{"rendered":"<p>Idea projektu polega na transferze energii pomi\u0119dzy obwodami RLC sprz\u0119\u017conymi magnetycznie za pomoc\u0105 cewek. Obwody takie, wykorzystuj\u0105c zjawisko rezonansu elektrycznego o wysokiej cz\u0119stotliwo\u015bci wykazuj\u0105 tendencj\u0119 do wymiany energii pomi\u0119dzy obwodami z wysok\u0105 sprawno\u015bci\u0105. Pozwala to obecnie na bezprzewodowe przesy\u0142anie energii &hellip; <a href=\"https:\/\/sknplomien.pwr.edu.pl\/index.php\/projekty\/bezstykowy-przesyl-energii\/\">Continued<\/a><\/p>\n","protected":false},"author":1,"featured_media":0,"parent":15,"menu_order":0,"comment_status":"closed","ping_status":"closed","template":"","meta":{"footnotes":""},"_links":{"self":[{"href":"https:\/\/sknplomien.pwr.edu.pl\/index.php\/wp-json\/wp\/v2\/pages\/62"}],"collection":[{"href":"https:\/\/sknplomien.pwr.edu.pl\/index.php\/wp-json\/wp\/v2\/pages"}],"about":[{"href":"https:\/\/sknplomien.pwr.edu.pl\/index.php\/wp-json\/wp\/v2\/types\/page"}],"author":[{"embeddable":true,"href":"https:\/\/sknplomien.pwr.edu.pl\/index.php\/wp-json\/wp\/v2\/users\/1"}],"replies":[{"embeddable":true,"href":"https:\/\/sknplomien.pwr.edu.pl\/index.php\/wp-json\/wp\/v2\/comments?post=62"}],"version-history":[{"count":4,"href":"https:\/\/sknplomien.pwr.edu.pl\/index.php\/wp-json\/wp\/v2\/pages\/62\/revisions"}],"predecessor-version":[{"id":347,"href":"https:\/\/sknplomien.pwr.edu.pl\/index.php\/wp-json\/wp\/v2\/pages\/62\/revisions\/347"}],"up":[{"embeddable":true,"href":"https:\/\/sknplomien.pwr.edu.pl\/index.php\/wp-json\/wp\/v2\/pages\/15"}],"wp:attachment":[{"href":"https:\/\/sknplomien.pwr.edu.pl\/index.php\/wp-json\/wp\/v2\/media?parent=62"}],"curies":[{"name":"wp","href":"https:\/\/api.w.org\/{rel}","templated":true}]}}