{"id":892,"date":"2023-01-12T16:48:02","date_gmt":"2023-01-12T16:48:02","guid":{"rendered":"https:\/\/sknplomien.pwr.edu.pl\/?page_id=892"},"modified":"2023-01-12T16:48:03","modified_gmt":"2023-01-12T16:48:03","slug":"wycieczka-do-swidnicy","status":"publish","type":"page","link":"https:\/\/sknplomien.pwr.edu.pl\/index.php\/wyjazdy\/wycieczka-do-swidnicy\/","title":{"rendered":"Wycieczka do \u015awidnicy"},"content":{"rendered":"\n<p>13 grudnia zorganizowali\u015bmy \u201eI Studenck\u0105 Konferencj\u0119 Energetyki Odnawialnej\u201d, kt\u00f3ra odby\u0142a si\u0119 na terenie Centrum Technologii Energetycznych w \u015awidnicy. Podczas wydarzenia studenci naszego wydzia\u0142u prezentowali swoj\u0105 wiedz\u0119 zwi\u0105zan\u0105 z rozwojem energetyki. Poruszone zosta\u0142y takie tematy jak: technologie wodorowe, instalacje fotowoltaiczne oraz kolektory s\u0142oneczne. <img loading=\"lazy\" decoding=\"async\" height=\"16\" width=\"16\" src=\"https:\/\/static.xx.fbcdn.net\/images\/emoji.php\/v9\/tf4\/1.5\/16\/2600.png\" alt=\"&#x2600;&#xfe0f;\"> Po konferencji odby\u0142o si\u0119 zwiedzanie laboratori\u00f3w CTE, gdzie dr in\u017c. Marcin Michalski z laboratorium LEO wraz z uczestnikami konferencji przeprowadzi\u0142 badania wp\u0142ywu \u015bnie\u017cenia modu\u0142\u00f3w fotowoltaicznych na wydajno\u015b\u0107 instalacji. Pobyt zwie\u0144czony zosta\u0142 wizyt\u0105 w Sztolniach Walimskich, gdzie z pomoc\u0105 przewodnika mogli\u015bmy zaczerpn\u0105\u0107 ogromnej wiedzy historycznej i dowiedzie\u0107 si\u0119 o przesz\u0142o\u015bci tego miejsca. <\/p>\n\n\n\n<p>Sk\u0142adamy ogromne podzi\u0119kowania dla wszystkich os\u00f3b zaanga\u017cowanych w zorganizowanie tego wydarzenia. Szczeg\u00f3lne podzi\u0119kowania dla dr in\u017c. Marcina Michalskiego za po\u015bwi\u0119cony czas oraz przekazanie ogromnej wiedzy dotycz\u0105cej pracy instalacji fotowoltaicznych. Jeste\u015bmy niezmiernie wdzi\u0119czni za dofinansowanie wyjazdu przez Wydzia\u0142 Mechaniczno-Energetyczny oraz udost\u0119pnienie terenu CTE do przeprowadzenia konferencji. <\/p>\n\n\n\n<p>W przysz\u0142o\u015bci planujemy realizowa\u0107 kolejne konferencje \u2013 czekajcie na informacje! <img loading=\"lazy\" decoding=\"async\" height=\"16\" width=\"16\" src=\"https:\/\/static.xx.fbcdn.net\/images\/emoji.php\/v9\/ta9\/1.5\/16\/1f525.png\" alt=\"&#x1f525;\"> O nowych wydarzeniach us\u0142yszycie na naszym <a href=\"https:\/\/www.facebook.com\/sknplomien\/\">Facebooku<\/a>, <a href=\"https:\/\/www.instagram.com\/sknplomien\/\">Instagramie<\/a> i <a href=\"http:\/\/linkedin.com\/company\/skn-plomien\/\">LinkedInie<\/a>.<\/p>\n\n\n\n<p>Centrum Technologii Energetycznych: <a rel=\"noreferrer noopener\" href=\"https:\/\/cte.fea.pl\/?fbclid=IwAR0BGEcBS_CmntuKjTcV-M1XsVNWbHnPXj9yVqYfMbyjIMTq99EUoJOJif8\" target=\"_blank\">https:\/\/cte.fea.pl<\/a><\/p>\n\n\n\n<p>Sztolnie Walimskie: <a rel=\"noreferrer noopener\" href=\"https:\/\/l.facebook.com\/l.php?u=https%3A%2F%2Fsztolnie.pl%2F%3Ffbclid%3DIwAR0XNCoNXcTpJe-cz56BAwwC4bDNSonFHepLD3V9BiAZ6eFYiEAIFhtv9RU&amp;h=AT0auOnseS-nqgSArNaZkm9M6_D6bmQxMbDQASKlRwixHWxCxQ0XETmphPBKDQ8CoMzp6Sj6z_u_bHC6LaWIejtSqfqmHRZyuDGgiwHXQUlTvPfpmwpr8rFH-gCqmgI2HyhM&amp;__tn__=-UK-R&amp;c[0]=AT3O9HhLPikMxhrOOZ15gBXmYZQx4IgkuuNnRtMhnGTHjMJilLGI9f9g1PQqZ0S6XECIXYbRGQuzf1quYQXlF7LN9rXzxYTR3RNB7Zszzs8oB9d1M6kQ-rcLs9AeCSWnjj92lmY47SNNFEfjV3dpUfb7fb3N8M981YGbmgIelBxCx_AXbyuzk2a0PDZJnhlWI_wCEw1reKa3\" target=\"_blank\">https:\/\/sztolnie.pl<\/a><\/p>\n\n\n\n<figure class=\"wp-block-gallery has-nested-images columns-default is-cropped wp-block-gallery-1 is-layout-flex wp-block-gallery-is-layout-flex\">\n<figure class=\"wp-block-image size-large is-style-default\"><img loading=\"lazy\" decoding=\"async\" width=\"1024\" height=\"768\" data-id=\"900\" src=\"https:\/\/sknplomien.pwr.edu.pl\/wp-content\/uploads\/20656880_5769130056482237_6360263095908985524_n-1-1024x768.jpg\" alt=\"\" class=\"wp-image-900\" srcset=\"https:\/\/sknplomien.pwr.edu.pl\/wp-content\/uploads\/20656880_5769130056482237_6360263095908985524_n-1-1024x768.jpg 1024w, https:\/\/sknplomien.pwr.edu.pl\/wp-content\/uploads\/20656880_5769130056482237_6360263095908985524_n-1-300x225.jpg 300w, https:\/\/sknplomien.pwr.edu.pl\/wp-content\/uploads\/20656880_5769130056482237_6360263095908985524_n-1-768x576.jpg 768w, https:\/\/sknplomien.pwr.edu.pl\/wp-content\/uploads\/20656880_5769130056482237_6360263095908985524_n-1-1536x1152.jpg 1536w, https:\/\/sknplomien.pwr.edu.pl\/wp-content\/uploads\/20656880_5769130056482237_6360263095908985524_n-1.jpg 1802w\" sizes=\"(max-width: 1024px) 100vw, 1024px\" \/><\/figure>\n\n\n\n<figure class=\"wp-block-image size-large is-style-default\"><img loading=\"lazy\" decoding=\"async\" width=\"1024\" height=\"769\" data-id=\"907\" src=\"https:\/\/sknplomien.pwr.edu.pl\/wp-content\/uploads\/20925102_1563429790764874_6228657046411524135_n-1024x769.jpg\" alt=\"\" class=\"wp-image-907\" srcset=\"https:\/\/sknplomien.pwr.edu.pl\/wp-content\/uploads\/20925102_1563429790764874_6228657046411524135_n-1024x769.jpg 1024w, https:\/\/sknplomien.pwr.edu.pl\/wp-content\/uploads\/20925102_1563429790764874_6228657046411524135_n-300x225.jpg 300w, https:\/\/sknplomien.pwr.edu.pl\/wp-content\/uploads\/20925102_1563429790764874_6228657046411524135_n-768x577.jpg 768w, https:\/\/sknplomien.pwr.edu.pl\/wp-content\/uploads\/20925102_1563429790764874_6228657046411524135_n-1536x1153.jpg 1536w, https:\/\/sknplomien.pwr.edu.pl\/wp-content\/uploads\/20925102_1563429790764874_6228657046411524135_n.jpg 1901w\" sizes=\"(max-width: 1024px) 100vw, 1024px\" \/><\/figure>\n\n\n\n<figure class=\"wp-block-image size-large is-style-default\"><img loading=\"lazy\" decoding=\"async\" width=\"1024\" height=\"768\" data-id=\"906\" src=\"https:\/\/sknplomien.pwr.edu.pl\/wp-content\/uploads\/21240775_1336385867120794_6892098981071704116_n-1-1024x768.jpg\" alt=\"\" class=\"wp-image-906\" srcset=\"https:\/\/sknplomien.pwr.edu.pl\/wp-content\/uploads\/21240775_1336385867120794_6892098981071704116_n-1-1024x768.jpg 1024w, https:\/\/sknplomien.pwr.edu.pl\/wp-content\/uploads\/21240775_1336385867120794_6892098981071704116_n-1-300x225.jpg 300w, https:\/\/sknplomien.pwr.edu.pl\/wp-content\/uploads\/21240775_1336385867120794_6892098981071704116_n-1-768x576.jpg 768w, https:\/\/sknplomien.pwr.edu.pl\/wp-content\/uploads\/21240775_1336385867120794_6892098981071704116_n-1-1536x1152.jpg 1536w\" sizes=\"(max-width: 1024px) 100vw, 1024px\" \/><\/figure>\n\n\n\n<figure class=\"wp-block-image size-large is-style-default\"><img loading=\"lazy\" decoding=\"async\" width=\"1024\" height=\"767\" data-id=\"899\" src=\"https:\/\/sknplomien.pwr.edu.pl\/wp-content\/uploads\/21393714_1207367913238064_2551765178940776454_n-1024x767.jpg\" alt=\"\" class=\"wp-image-899\" srcset=\"https:\/\/sknplomien.pwr.edu.pl\/wp-content\/uploads\/21393714_1207367913238064_2551765178940776454_n-1024x767.jpg 1024w, https:\/\/sknplomien.pwr.edu.pl\/wp-content\/uploads\/21393714_1207367913238064_2551765178940776454_n-300x225.jpg 300w, https:\/\/sknplomien.pwr.edu.pl\/wp-content\/uploads\/21393714_1207367913238064_2551765178940776454_n-768x576.jpg 768w, https:\/\/sknplomien.pwr.edu.pl\/wp-content\/uploads\/21393714_1207367913238064_2551765178940776454_n-1536x1151.jpg 1536w, https:\/\/sknplomien.pwr.edu.pl\/wp-content\/uploads\/21393714_1207367913238064_2551765178940776454_n.jpg 1556w\" sizes=\"(max-width: 1024px) 100vw, 1024px\" \/><\/figure>\n\n\n\n<figure class=\"wp-block-image size-large is-style-default\"><img loading=\"lazy\" decoding=\"async\" width=\"768\" height=\"1024\" data-id=\"901\" src=\"https:\/\/sknplomien.pwr.edu.pl\/wp-content\/uploads\/21591402_865652251227813_2004459107752145102_n-1-768x1024.jpg\" alt=\"\" class=\"wp-image-901\" srcset=\"https:\/\/sknplomien.pwr.edu.pl\/wp-content\/uploads\/21591402_865652251227813_2004459107752145102_n-1-768x1024.jpg 768w, https:\/\/sknplomien.pwr.edu.pl\/wp-content\/uploads\/21591402_865652251227813_2004459107752145102_n-1-225x300.jpg 225w, https:\/\/sknplomien.pwr.edu.pl\/wp-content\/uploads\/21591402_865652251227813_2004459107752145102_n-1-1152x1536.jpg 1152w, https:\/\/sknplomien.pwr.edu.pl\/wp-content\/uploads\/21591402_865652251227813_2004459107752145102_n-1.jpg 1536w\" sizes=\"(max-width: 768px) 100vw, 768px\" \/><\/figure>\n\n\n\n<figure class=\"wp-block-image size-large is-style-default\"><img loading=\"lazy\" decoding=\"async\" width=\"1024\" height=\"768\" data-id=\"905\" src=\"https:\/\/sknplomien.pwr.edu.pl\/wp-content\/uploads\/31297332_2035955573264178_8366862693941711743_n-1024x768.jpg\" alt=\"\" class=\"wp-image-905\" srcset=\"https:\/\/sknplomien.pwr.edu.pl\/wp-content\/uploads\/31297332_2035955573264178_8366862693941711743_n-1024x768.jpg 1024w, https:\/\/sknplomien.pwr.edu.pl\/wp-content\/uploads\/31297332_2035955573264178_8366862693941711743_n-300x225.jpg 300w, https:\/\/sknplomien.pwr.edu.pl\/wp-content\/uploads\/31297332_2035955573264178_8366862693941711743_n-768x576.jpg 768w, https:\/\/sknplomien.pwr.edu.pl\/wp-content\/uploads\/31297332_2035955573264178_8366862693941711743_n-1536x1152.jpg 1536w\" sizes=\"(max-width: 1024px) 100vw, 1024px\" \/><\/figure>\n\n\n\n<figure class=\"wp-block-image size-large is-style-default\"><img loading=\"lazy\" decoding=\"async\" width=\"768\" height=\"1024\" data-id=\"902\" src=\"https:\/\/sknplomien.pwr.edu.pl\/wp-content\/uploads\/319348830_846503006599339_7897779056861593757_n-1-768x1024.jpg\" alt=\"\" class=\"wp-image-902\" srcset=\"https:\/\/sknplomien.pwr.edu.pl\/wp-content\/uploads\/319348830_846503006599339_7897779056861593757_n-1-768x1024.jpg 768w, https:\/\/sknplomien.pwr.edu.pl\/wp-content\/uploads\/319348830_846503006599339_7897779056861593757_n-1-225x300.jpg 225w, https:\/\/sknplomien.pwr.edu.pl\/wp-content\/uploads\/319348830_846503006599339_7897779056861593757_n-1-1152x1536.jpg 1152w, https:\/\/sknplomien.pwr.edu.pl\/wp-content\/uploads\/319348830_846503006599339_7897779056861593757_n-1.jpg 1536w\" sizes=\"(max-width: 768px) 100vw, 768px\" \/><\/figure>\n\n\n\n<figure class=\"wp-block-image size-large is-style-default\"><img loading=\"lazy\" decoding=\"async\" width=\"1024\" height=\"768\" data-id=\"903\" src=\"https:\/\/sknplomien.pwr.edu.pl\/wp-content\/uploads\/320489919_1368471773961852_4636211502640805827_n-1-1024x768.jpg\" alt=\"\" class=\"wp-image-903\" srcset=\"https:\/\/sknplomien.pwr.edu.pl\/wp-content\/uploads\/320489919_1368471773961852_4636211502640805827_n-1-1024x768.jpg 1024w, https:\/\/sknplomien.pwr.edu.pl\/wp-content\/uploads\/320489919_1368471773961852_4636211502640805827_n-1-300x225.jpg 300w, https:\/\/sknplomien.pwr.edu.pl\/wp-content\/uploads\/320489919_1368471773961852_4636211502640805827_n-1-768x576.jpg 768w, https:\/\/sknplomien.pwr.edu.pl\/wp-content\/uploads\/320489919_1368471773961852_4636211502640805827_n-1-1536x1152.jpg 1536w\" sizes=\"(max-width: 1024px) 100vw, 1024px\" \/><\/figure>\n\n\n\n<figure class=\"wp-block-image size-large is-style-default\"><img loading=\"lazy\" decoding=\"async\" width=\"768\" height=\"1024\" data-id=\"904\" src=\"https:\/\/sknplomien.pwr.edu.pl\/wp-content\/uploads\/320580672_2433882123433413_7996130857081103617_n-1-768x1024.jpg\" alt=\"\" class=\"wp-image-904\" srcset=\"https:\/\/sknplomien.pwr.edu.pl\/wp-content\/uploads\/320580672_2433882123433413_7996130857081103617_n-1-768x1024.jpg 768w, https:\/\/sknplomien.pwr.edu.pl\/wp-content\/uploads\/320580672_2433882123433413_7996130857081103617_n-1-225x300.jpg 225w, https:\/\/sknplomien.pwr.edu.pl\/wp-content\/uploads\/320580672_2433882123433413_7996130857081103617_n-1-1152x1536.jpg 1152w, https:\/\/sknplomien.pwr.edu.pl\/wp-content\/uploads\/320580672_2433882123433413_7996130857081103617_n-1.jpg 1536w\" sizes=\"(max-width: 768px) 100vw, 768px\" \/><\/figure>\n\n\n\n<figure class=\"wp-block-image size-large is-style-default\"><img loading=\"lazy\" decoding=\"async\" width=\"1024\" height=\"768\" data-id=\"908\" src=\"https:\/\/sknplomien.pwr.edu.pl\/wp-content\/uploads\/320736941_2720697584729407_1642155283557078199_n-1024x768.jpg\" alt=\"\" class=\"wp-image-908\" srcset=\"https:\/\/sknplomien.pwr.edu.pl\/wp-content\/uploads\/320736941_2720697584729407_1642155283557078199_n-1024x768.jpg 1024w, https:\/\/sknplomien.pwr.edu.pl\/wp-content\/uploads\/320736941_2720697584729407_1642155283557078199_n-300x225.jpg 300w, https:\/\/sknplomien.pwr.edu.pl\/wp-content\/uploads\/320736941_2720697584729407_1642155283557078199_n-768x576.jpg 768w, https:\/\/sknplomien.pwr.edu.pl\/wp-content\/uploads\/320736941_2720697584729407_1642155283557078199_n-1536x1152.jpg 1536w, https:\/\/sknplomien.pwr.edu.pl\/wp-content\/uploads\/320736941_2720697584729407_1642155283557078199_n.jpg 1667w\" sizes=\"(max-width: 1024px) 100vw, 1024px\" \/><\/figure>\n\n\n\n<figure class=\"wp-block-image size-large is-style-default\"><img loading=\"lazy\" decoding=\"async\" width=\"768\" height=\"1024\" data-id=\"909\" src=\"https:\/\/sknplomien.pwr.edu.pl\/wp-content\/uploads\/320796242_830043618063472_8539777053122387727_n-768x1024.jpg\" alt=\"\" class=\"wp-image-909\" srcset=\"https:\/\/sknplomien.pwr.edu.pl\/wp-content\/uploads\/320796242_830043618063472_8539777053122387727_n-768x1024.jpg 768w, https:\/\/sknplomien.pwr.edu.pl\/wp-content\/uploads\/320796242_830043618063472_8539777053122387727_n-225x300.jpg 225w, https:\/\/sknplomien.pwr.edu.pl\/wp-content\/uploads\/320796242_830043618063472_8539777053122387727_n-1152x1536.jpg 1152w, https:\/\/sknplomien.pwr.edu.pl\/wp-content\/uploads\/320796242_830043618063472_8539777053122387727_n.jpg 1536w\" sizes=\"(max-width: 768px) 100vw, 768px\" \/><\/figure>\n<\/figure>\n","protected":false},"excerpt":{"rendered":"<p>13 grudnia zorganizowali\u015bmy \u201eI Studenck\u0105 Konferencj\u0119 Energetyki Odnawialnej\u201d, kt\u00f3ra odby\u0142a si\u0119 na terenie Centrum Technologii Energetycznych w \u015awidnicy. Podczas wydarzenia studenci naszego wydzia\u0142u prezentowali swoj\u0105 wiedz\u0119 zwi\u0105zan\u0105 z rozwojem energetyki. Poruszone zosta\u0142y takie tematy jak: technologie wodorowe, instalacje fotowoltaiczne oraz &hellip; <a href=\"https:\/\/sknplomien.pwr.edu.pl\/index.php\/wyjazdy\/wycieczka-do-swidnicy\/\">Continued<\/a><\/p>\n","protected":false},"author":1,"featured_media":0,"parent":179,"menu_order":0,"comment_status":"closed","ping_status":"closed","template":"","meta":{"footnotes":""},"_links":{"self":[{"href":"https:\/\/sknplomien.pwr.edu.pl\/index.php\/wp-json\/wp\/v2\/pages\/892"}],"collection":[{"href":"https:\/\/sknplomien.pwr.edu.pl\/index.php\/wp-json\/wp\/v2\/pages"}],"about":[{"href":"https:\/\/sknplomien.pwr.edu.pl\/index.php\/wp-json\/wp\/v2\/types\/page"}],"author":[{"embeddable":true,"href":"https:\/\/sknplomien.pwr.edu.pl\/index.php\/wp-json\/wp\/v2\/users\/1"}],"replies":[{"embeddable":true,"href":"https:\/\/sknplomien.pwr.edu.pl\/index.php\/wp-json\/wp\/v2\/comments?post=892"}],"version-history":[{"count":1,"href":"https:\/\/sknplomien.pwr.edu.pl\/index.php\/wp-json\/wp\/v2\/pages\/892\/revisions"}],"predecessor-version":[{"id":910,"href":"https:\/\/sknplomien.pwr.edu.pl\/index.php\/wp-json\/wp\/v2\/pages\/892\/revisions\/910"}],"up":[{"embeddable":true,"href":"https:\/\/sknplomien.pwr.edu.pl\/index.php\/wp-json\/wp\/v2\/pages\/179"}],"wp:attachment":[{"href":"https:\/\/sknplomien.pwr.edu.pl\/index.php\/wp-json\/wp\/v2\/media?parent=892"}],"curies":[{"name":"wp","href":"https:\/\/api.w.org\/{rel}","templated":true}]}}