{"id":913,"date":"2023-02-26T22:24:06","date_gmt":"2023-02-26T22:24:06","guid":{"rendered":"https:\/\/sknplomien.pwr.edu.pl\/?page_id=913"},"modified":"2023-02-26T22:24:06","modified_gmt":"2023-02-26T22:24:06","slug":"konferencja1","status":"publish","type":"page","link":"https:\/\/sknplomien.pwr.edu.pl\/index.php\/wydarzenia\/konferencja1\/","title":{"rendered":"I STUDENCKA KONFERENCJA ENERGETYKI ODNAWIALNEJ"},"content":{"rendered":"\n<p>13 grudnia zorganizowali\u015bmy \u201eI Studenck\u0105 Konferencj\u0119 Energetyki Odnawialnej\u201d, kt\u00f3ra odby\u0142a si\u0119 na terenie Centrum Technologii Energetycznych w \u015awidnicy. Podczas wydarzenia studenci naszego wydzia\u0142u prezentowali swoj\u0105 wiedz\u0119 zwi\u0105zan\u0105 z rozwojem energetyki. Poruszone zosta\u0142y takie tematy jak: technologie wodorowe, instalacje fotowoltaiczne oraz kolektory s\u0142oneczne.&nbsp;<\/p>\n\n\n\n<p>\u00a0Po konferencji odby\u0142o si\u0119 zwiedzanie laboratori\u00f3w CTE, gdzie dr in\u017c. Marcin Michalski z laboratorium LEO wraz z uczestnikami konferencji przeprowadzi\u0142 badania wp\u0142ywu \u015bnie\u017cenia modu\u0142\u00f3w fotowoltaicznych na wydajno\u015b\u0107 instalacji. Pobyt zwie\u0144czony zosta\u0142 wizyt\u0105 w Sztolniach Walimskich, gdzie z pomoc\u0105 przewodnika mogli\u015bmy zaczerpn\u0105\u0107 ogromnej wiedzy historycznej i dowiedzie\u0107 si\u0119 o przesz\u0142o\u015bci tego miejsca.<\/p>\n\n\n\n<p>Protok\u00f3\u0142 z konferencji:<\/p>\n\n\n\n<div data-wp-interactive=\"core\/file\" class=\"wp-block-file\"><object data-wp-bind--hidden=\"!state.hasPdfPreview\"  class=\"wp-block-file__embed\" data=\"https:\/\/sknplomien.pwr.edu.pl\/wp-content\/uploads\/Protokol.pdf\" type=\"application\/pdf\" style=\"width:100%;height:600px\" aria-label=\"Embed of Embed of Protok\u00f3\u0142..\"><\/object><a id=\"wp-block-file--media-3a0bcfb1-96e0-4711-9226-f66dc443534e\" href=\"https:\/\/sknplomien.pwr.edu.pl\/wp-content\/uploads\/Protokol.pdf\">Protok\u00f3\u0142<\/a><a href=\"https:\/\/sknplomien.pwr.edu.pl\/wp-content\/uploads\/Protokol.pdf\" class=\"wp-block-file__button\" download aria-describedby=\"wp-block-file--media-3a0bcfb1-96e0-4711-9226-f66dc443534e\">Download<\/a><\/div>\n","protected":false},"excerpt":{"rendered":"<p>13 grudnia zorganizowali\u015bmy \u201eI Studenck\u0105 Konferencj\u0119 Energetyki Odnawialnej\u201d, kt\u00f3ra odby\u0142a si\u0119 na terenie Centrum Technologii Energetycznych w \u015awidnicy. Podczas wydarzenia studenci naszego wydzia\u0142u prezentowali swoj\u0105 wiedz\u0119 zwi\u0105zan\u0105 z rozwojem energetyki. Poruszone zosta\u0142y takie tematy jak: technologie wodorowe, instalacje fotowoltaiczne oraz &hellip; <a href=\"https:\/\/sknplomien.pwr.edu.pl\/index.php\/wydarzenia\/konferencja1\/\">Continued<\/a><\/p>\n","protected":false},"author":1,"featured_media":0,"parent":95,"menu_order":0,"comment_status":"closed","ping_status":"closed","template":"","meta":{"footnotes":""},"_links":{"self":[{"href":"https:\/\/sknplomien.pwr.edu.pl\/index.php\/wp-json\/wp\/v2\/pages\/913"}],"collection":[{"href":"https:\/\/sknplomien.pwr.edu.pl\/index.php\/wp-json\/wp\/v2\/pages"}],"about":[{"href":"https:\/\/sknplomien.pwr.edu.pl\/index.php\/wp-json\/wp\/v2\/types\/page"}],"author":[{"embeddable":true,"href":"https:\/\/sknplomien.pwr.edu.pl\/index.php\/wp-json\/wp\/v2\/users\/1"}],"replies":[{"embeddable":true,"href":"https:\/\/sknplomien.pwr.edu.pl\/index.php\/wp-json\/wp\/v2\/comments?post=913"}],"version-history":[{"count":1,"href":"https:\/\/sknplomien.pwr.edu.pl\/index.php\/wp-json\/wp\/v2\/pages\/913\/revisions"}],"predecessor-version":[{"id":915,"href":"https:\/\/sknplomien.pwr.edu.pl\/index.php\/wp-json\/wp\/v2\/pages\/913\/revisions\/915"}],"up":[{"embeddable":true,"href":"https:\/\/sknplomien.pwr.edu.pl\/index.php\/wp-json\/wp\/v2\/pages\/95"}],"wp:attachment":[{"href":"https:\/\/sknplomien.pwr.edu.pl\/index.php\/wp-json\/wp\/v2\/media?parent=913"}],"curies":[{"name":"wp","href":"https:\/\/api.w.org\/{rel}","templated":true}]}}