{"id":95,"date":"2018-02-21T11:34:44","date_gmt":"2018-02-21T11:34:44","guid":{"rendered":"http:\/\/sknplomien.pwr.edu.pl\/?page_id=95"},"modified":"2024-10-05T11:36:39","modified_gmt":"2024-10-05T11:36:39","slug":"wydarzenia","status":"publish","type":"page","link":"https:\/\/sknplomien.pwr.edu.pl\/index.php\/wydarzenia\/","title":{"rendered":"Wydarzenia"},"content":{"rendered":"<p>Zorganizowane przez nas wydarzenia to:<\/p>\n<ul>\n<li><a href=\"https:\/\/sknplomien.pwr.edu.pl\/?page_id=913&amp;preview=true\">I Studencka Konferencja Energetyki Odnawialnej (2022)<\/a><\/li>\n<li><a href=\"http:\/\/sknplomien.pwr.edu.pl\/index.php\/wydarzenia\/panel-dyskusyjny-przyszlosc-energetyczna-polski\/\">Panel Dyskusyjny Przysz\u0142o\u015b\u0107 Energetyczna Polski (2016\/2017)<\/a><\/li>\n<li><a href=\"http:\/\/sknplomien.pwr.edu.pl\/index.php\/wydarzenia\/warsztaty-energetyczne\/\">Warsztaty Energetyczne<\/a><\/li>\n<li><a href=\"http:\/\/sknplomien.pwr.edu.pl\/index.php\/wydarzenia\/wielka-akcja-mikolajkowa\/\">Wielka Akcja Miko\u0142ajkowa<\/a><\/li>\n<\/ul>\n<p>Brali\u015bmy udzia\u0142 w:<\/p>\n<ul>\n<li><a href=\"https:\/\/sknplomien.pwr.edu.pl\/index.php\/energy-days-2024\/\">Energy Days 2024<\/a><\/li>\n<li><a href=\"http:\/\/sknplomien.pwr.edu.pl\/index.php\/wydarzenia\/nowe-horyzonty-energetyki\/\">Sympozjum Naukowym &#8220;Nowe Horyzonty Energetyki&#8221; organizowanym przez SKN Czyste Technologie Energetyczne dzia\u0142aj\u0105ce przy Politechnice \u015al\u0105skiej<\/a><\/li>\n<li><a href=\"http:\/\/sknplomien.pwr.edu.pl\/index.php\/wydarzenia\/dolnoslaski-festiwal-nauki\/\">Dolno\u015bl\u0105skim Festiwalu Nauki<\/a><\/li>\n<li><a href=\"http:\/\/sknplomien.pwr.edu.pl\/index.php\/wydarzenia\/dni-aktywnosci-studenckiej\/\">Dniach Aktywno\u015bci Studenckiej<\/a><\/li>\n<li><a href=\"http:\/\/sknplomien.pwr.edu.pl\/index.php\/wydarzenia\/seminarium-grudniowe-w-szczyrku\/\">Seminarium Grudniowym w Szczyrku<\/a><\/li>\n<li><a href=\"http:\/\/sknplomien.pwr.edu.pl\/index.php\/wydarzenia\/wyzwania-energetyki-jadrowej\/\">Akademickim Forum Energii J\u0105drowej<\/a><\/li>\n<li><a href=\"http:\/\/sknplomien.pwr.edu.pl\/index.php\/wydarzenia\/rajdokonferencja\/\">Polskim Rajdzie Ekologicznym z konferencj\u0105 naukow\u0105 \u201eVehicles od the Future\u201d<\/a><\/li>\n<li><a href=\"http:\/\/sknplomien.pwr.edu.pl\/index.php\/wydarzenia\/gpw\/\">Konferencji Naukowej Student\u00f3w i Doktorant\u00f3w Generacja \u2013 Przesy\u0142 \u2013 Wykorzystanie GPW<\/a><\/li>\n<\/ul>\n","protected":false},"excerpt":{"rendered":"<p>Zorganizowane przez nas wydarzenia to: I Studencka Konferencja Energetyki Odnawialnej (2022) Panel Dyskusyjny Przysz\u0142o\u015b\u0107 Energetyczna Polski (2016\/2017) Warsztaty Energetyczne Wielka Akcja Miko\u0142ajkowa Brali\u015bmy udzia\u0142 w: Energy Days 2024 Sympozjum Naukowym &#8220;Nowe Horyzonty Energetyki&#8221; organizowanym przez SKN Czyste Technologie Energetyczne dzia\u0142aj\u0105ce &hellip; <a href=\"https:\/\/sknplomien.pwr.edu.pl\/index.php\/wydarzenia\/\">Continued<\/a><\/p>\n","protected":false},"author":1,"featured_media":0,"parent":0,"menu_order":0,"comment_status":"closed","ping_status":"closed","template":"","meta":{"footnotes":""},"_links":{"self":[{"href":"https:\/\/sknplomien.pwr.edu.pl\/index.php\/wp-json\/wp\/v2\/pages\/95"}],"collection":[{"href":"https:\/\/sknplomien.pwr.edu.pl\/index.php\/wp-json\/wp\/v2\/pages"}],"about":[{"href":"https:\/\/sknplomien.pwr.edu.pl\/index.php\/wp-json\/wp\/v2\/types\/page"}],"author":[{"embeddable":true,"href":"https:\/\/sknplomien.pwr.edu.pl\/index.php\/wp-json\/wp\/v2\/users\/1"}],"replies":[{"embeddable":true,"href":"https:\/\/sknplomien.pwr.edu.pl\/index.php\/wp-json\/wp\/v2\/comments?post=95"}],"version-history":[{"count":10,"href":"https:\/\/sknplomien.pwr.edu.pl\/index.php\/wp-json\/wp\/v2\/pages\/95\/revisions"}],"predecessor-version":[{"id":959,"href":"https:\/\/sknplomien.pwr.edu.pl\/index.php\/wp-json\/wp\/v2\/pages\/95\/revisions\/959"}],"wp:attachment":[{"href":"https:\/\/sknplomien.pwr.edu.pl\/index.php\/wp-json\/wp\/v2\/media?parent=95"}],"curies":[{"name":"wp","href":"https:\/\/api.w.org\/{rel}","templated":true}]}}